{"id":826,"date":"2017-06-30T13:41:17","date_gmt":"2017-06-30T11:41:17","guid":{"rendered":"http:\/\/jtpomiar.pl\/?page_id=826"},"modified":"2017-06-30T13:41:17","modified_gmt":"2017-06-30T11:41:17","slug":"rheonik-messtechnik-gmbh","status":"publish","type":"page","link":"https:\/\/jupro-taim.pl\/jtpomiar\/producenci\/rheonik-messtechnik-gmbh\/","title":{"rendered":"RHEONIK MESSTECHNIK GMBH"},"content":{"rendered":"\n\n\n<div id=\"wpv-view-layout-818\" class=\"js-wpv-view-layout js-wpv-layout-responsive js-wpv-view-layout-818\" data-viewnumber=\"818\" data-pagination=\"{&quot;id&quot;:&quot;818&quot;,&quot;query&quot;:&quot;normal&quot;,&quot;type&quot;:&quot;disabled&quot;,&quot;effect&quot;:&quot;fade&quot;,&quot;duration&quot;:500,&quot;speed&quot;:5,&quot;pause_on_hover&quot;:&quot;disabled&quot;,&quot;stop_rollover&quot;:&quot;false&quot;,&quot;cache_pages&quot;:&quot;enabled&quot;,&quot;preload_images&quot;:&quot;enabled&quot;,&quot;preload_pages&quot;:&quot;enabled&quot;,&quot;preload_reach&quot;:1,&quot;spinner&quot;:&quot;builtin&quot;,&quot;spinner_image&quot;:&quot;https:\/\/jupro-taim.pl\/jtpomiar\/wp-content\/plugins\/wp-views\/res\/img\/ajax-loader.gif&quot;,&quot;callback_next&quot;:&quot;&quot;,&quot;manage_history&quot;:&quot;disabled&quot;,&quot;has_controls_in_form&quot;:&quot;disabled&quot;,&quot;infinite_tolerance&quot;:&quot;0&quot;,&quot;max_pages&quot;:0,&quot;page&quot;:1,&quot;base_permalink&quot;:&quot;\/jtpomiar\/wp-json\/wp\/v2\/pages\/826?wpv_view_count=818&amp;wpv_paged=WPV_PAGE_NUM&quot;,&quot;loop&quot;:{&quot;type&quot;:&quot;&quot;,&quot;name&quot;:&quot;&quot;,&quot;data&quot;:[],&quot;id&quot;:0}}\" data-permalink=\"\/jtpomiar\/wp-json\/wp\/v2\/pages\/826?wpv_view_count=818\">\n\n\t\n\t\n\t\n      <div class=\"produkt\">\n        <div class=\"produkt-fot\"><div class=\"produkt-fot2\"><img decoding=\"async\" src=\"https:\/\/jupro-taim.pl\/jtpomiar\/wp-content\/uploads\/2017\/03\/main_rheonik_coriolis.jpg\" \/><\/div><\/div>\n        <div class=\"produkt-txt\">\n          <h2>Przep\u0142ywomierz masowy Coriolisa (waga) Rheonik RHM<\/h2>\n\t\t\t<p>Rheonik RHM to seria przep\u0142ywomierzy masowych Coriolisa przeznaczonych do pomiaru przep\u0142ywu cieczy lub gazu. Zakres pomiarowy: 0.6 kg\/min do 25000 kg\/min. \u015arednice nominalne DN: 50\u00f73000 mm. Ci\u015bnienie pracy do 900 bar. Dok\u0142adno\u015b\u0107 pomiaru od 0.1% wskaza\u0144. Wersje ATEX. Idealnie znajduje zastosowanie w wielu bran\u017cach przemys\u0142u.<\/p>\n\n          <a href=\"https:\/\/jupro-taim.pl\/jtpomiar\/produkt\/przeplywomierze-masowe-coriolisa\/przeplywomierz-masowy-waga-rheonik-rhm-2-coriolis\/\" class=\"prodlink\" title=\"Przep\u0142ywomierz masowy Coriolisa (waga) Rheonik RHM\">Szczeg\u00f3\u0142y produktu<\/a>\n        <\/div><div class=\"clr\"><\/div>\n        <\/div>\n\t\n      <div class=\"produkt\">\n        <div class=\"produkt-fot\"><div class=\"produkt-fot2\"><img decoding=\"async\" src=\"https:\/\/jupro-taim.pl\/jtpomiar\/wp-content\/uploads\/2017\/03\/main_rheonik_transmitters.jpg\" \/><\/div><\/div>\n        <div class=\"produkt-txt\">\n          <h2>Przetworniki przep\u0142ywu Rheonik RHE<\/h2>\n\t\t\t<p>Rheonik RHE to seria przetwornik\u00f3w przep\u0142ywu wsp\u00f3\u0142pracuj\u0105cych z przep\u0142ywomierzami masowymi Coriolisa Rheonik RHM. Dost\u0119pne w wersji ATEX i wielu wersjach monta\u017cowych. Standardowe wyj\u015bcia analogowe oraz dost\u0119pne interfejsy cyfrowe takie jak RS-232, RS-485, RS-422 lub HART. Dobra dok\u0142adno\u015b\u0107 i powtarzalno\u015b\u0107 pomiar\u00f3w.<\/p>\n\n          <a href=\"https:\/\/jupro-taim.pl\/jtpomiar\/produkt\/przeplywomierze-masowe-coriolisa\/przetworniki-przeplywu-rheonik-rhe-2\/\" class=\"prodlink\" title=\"Przetworniki przep\u0142ywu Rheonik RHE\">Szczeg\u00f3\u0142y produktu<\/a>\n        <\/div><div class=\"clr\"><\/div>\n        <\/div>\n\t\n\t\n\t\n\t\n<\/div>\n\n\n","protected":false},"excerpt":{"rendered":"","protected":false},"author":1,"featured_media":0,"parent":20,"menu_order":0,"comment_status":"closed","ping_status":"closed","template":"","meta":{"footnotes":""},"class_list":["post-826","page","type-page","status-publish","hentry"],"yoast_head":"<!-- This site is optimized with the Yoast SEO plugin v26.1.1 - https:\/\/yoast.com\/wordpress\/plugins\/seo\/ -->\n<title>RHEONIK MESSTECHNIK GMBH - Jupro Taim Pomiar<\/title>\n<meta name=\"robots\" content=\"index, follow, max-snippet:-1, max-image-preview:large, max-video-preview:-1\" \/>\n<link rel=\"canonical\" href=\"https:\/\/jupro-taim.pl\/jtpomiar\/producenci\/rheonik-messtechnik-gmbh\/\" \/>\n<meta property=\"og:locale\" content=\"pl_PL\" \/>\n<meta property=\"og:type\" content=\"article\" \/>\n<meta property=\"og:title\" content=\"RHEONIK MESSTECHNIK GMBH - Jupro Taim Pomiar\" \/>\n<meta property=\"og:url\" content=\"https:\/\/jupro-taim.pl\/jtpomiar\/producenci\/rheonik-messtechnik-gmbh\/\" \/>\n<meta property=\"og:site_name\" content=\"Jupro Taim Pomiar\" \/>\n<meta name=\"twitter:card\" content=\"summary_large_image\" \/>\n<script type=\"application\/ld+json\" class=\"yoast-schema-graph\">{\"@context\":\"https:\/\/schema.org\",\"@graph\":[{\"@type\":\"WebPage\",\"@id\":\"https:\/\/jupro-taim.pl\/jtpomiar\/producenci\/rheonik-messtechnik-gmbh\/\",\"url\":\"https:\/\/jupro-taim.pl\/jtpomiar\/producenci\/rheonik-messtechnik-gmbh\/\",\"name\":\"RHEONIK MESSTECHNIK GMBH - Jupro Taim Pomiar\",\"isPartOf\":{\"@id\":\"https:\/\/jupro-taim.pl\/jtpomiar\/#website\"},\"datePublished\":\"2017-06-30T11:41:17+00:00\",\"breadcrumb\":{\"@id\":\"https:\/\/jupro-taim.pl\/jtpomiar\/producenci\/rheonik-messtechnik-gmbh\/#breadcrumb\"},\"inLanguage\":\"pl-PL\",\"potentialAction\":[{\"@type\":\"ReadAction\",\"target\":[\"https:\/\/jupro-taim.pl\/jtpomiar\/producenci\/rheonik-messtechnik-gmbh\/\"]}]},{\"@type\":\"BreadcrumbList\",\"@id\":\"https:\/\/jupro-taim.pl\/jtpomiar\/producenci\/rheonik-messtechnik-gmbh\/#breadcrumb\",\"itemListElement\":[{\"@type\":\"ListItem\",\"position\":1,\"name\":\"Strona g\u0142\u00f3wna\",\"item\":\"https:\/\/jupro-taim.pl\/jtpomiar\/\"},{\"@type\":\"ListItem\",\"position\":2,\"name\":\"Producenci\",\"item\":\"https:\/\/jupro-taim.pl\/jtpomiar\/producenci\/\"},{\"@type\":\"ListItem\",\"position\":3,\"name\":\"RHEONIK MESSTECHNIK GMBH\"}]},{\"@type\":\"WebSite\",\"@id\":\"https:\/\/jupro-taim.pl\/jtpomiar\/#website\",\"url\":\"https:\/\/jupro-taim.pl\/jtpomiar\/\",\"name\":\"Jupro Taim Pomiar\",\"description\":\"Kompleksowe rozwi\u0105zania dla przemys\u0142u\",\"publisher\":{\"@id\":\"https:\/\/jupro-taim.pl\/jtpomiar\/#organization\"},\"potentialAction\":[{\"@type\":\"SearchAction\",\"target\":{\"@type\":\"EntryPoint\",\"urlTemplate\":\"https:\/\/jupro-taim.pl\/jtpomiar\/?s={search_term_string}\"},\"query-input\":{\"@type\":\"PropertyValueSpecification\",\"valueRequired\":true,\"valueName\":\"search_term_string\"}}],\"inLanguage\":\"pl-PL\"},{\"@type\":\"Organization\",\"@id\":\"https:\/\/jupro-taim.pl\/jtpomiar\/#organization\",\"name\":\"Jupro Taim K.Krawczy\u0144ska i S-ka Sp.J.\",\"url\":\"https:\/\/jupro-taim.pl\/jtpomiar\/\",\"logo\":{\"@type\":\"ImageObject\",\"inLanguage\":\"pl-PL\",\"@id\":\"https:\/\/jupro-taim.pl\/jtpomiar\/#\/schema\/logo\/image\/\",\"url\":\"https:\/\/jupro-taim.pl\/jtpomiar\/wp-content\/uploads\/2017\/08\/juprotaim_pomiar.jpg\",\"contentUrl\":\"https:\/\/jupro-taim.pl\/jtpomiar\/wp-content\/uploads\/2017\/08\/juprotaim_pomiar.jpg\",\"width\":520,\"height\":145,\"caption\":\"Jupro Taim K.Krawczy\u0144ska i S-ka Sp.J.\"},\"image\":{\"@id\":\"https:\/\/jupro-taim.pl\/jtpomiar\/#\/schema\/logo\/image\/\"}}]}<\/script>\n<!-- \/ Yoast SEO plugin. -->","yoast_head_json":{"title":"RHEONIK MESSTECHNIK GMBH - Jupro Taim Pomiar","robots":{"index":"index","follow":"follow","max-snippet":"max-snippet:-1","max-image-preview":"max-image-preview:large","max-video-preview":"max-video-preview:-1"},"canonical":"https:\/\/jupro-taim.pl\/jtpomiar\/producenci\/rheonik-messtechnik-gmbh\/","og_locale":"pl_PL","og_type":"article","og_title":"RHEONIK MESSTECHNIK GMBH - Jupro Taim Pomiar","og_url":"https:\/\/jupro-taim.pl\/jtpomiar\/producenci\/rheonik-messtechnik-gmbh\/","og_site_name":"Jupro Taim Pomiar","twitter_card":"summary_large_image","schema":{"@context":"https:\/\/schema.org","@graph":[{"@type":"WebPage","@id":"https:\/\/jupro-taim.pl\/jtpomiar\/producenci\/rheonik-messtechnik-gmbh\/","url":"https:\/\/jupro-taim.pl\/jtpomiar\/producenci\/rheonik-messtechnik-gmbh\/","name":"RHEONIK MESSTECHNIK GMBH - Jupro Taim Pomiar","isPartOf":{"@id":"https:\/\/jupro-taim.pl\/jtpomiar\/#website"},"datePublished":"2017-06-30T11:41:17+00:00","breadcrumb":{"@id":"https:\/\/jupro-taim.pl\/jtpomiar\/producenci\/rheonik-messtechnik-gmbh\/#breadcrumb"},"inLanguage":"pl-PL","potentialAction":[{"@type":"ReadAction","target":["https:\/\/jupro-taim.pl\/jtpomiar\/producenci\/rheonik-messtechnik-gmbh\/"]}]},{"@type":"BreadcrumbList","@id":"https:\/\/jupro-taim.pl\/jtpomiar\/producenci\/rheonik-messtechnik-gmbh\/#breadcrumb","itemListElement":[{"@type":"ListItem","position":1,"name":"Strona g\u0142\u00f3wna","item":"https:\/\/jupro-taim.pl\/jtpomiar\/"},{"@type":"ListItem","position":2,"name":"Producenci","item":"https:\/\/jupro-taim.pl\/jtpomiar\/producenci\/"},{"@type":"ListItem","position":3,"name":"RHEONIK MESSTECHNIK GMBH"}]},{"@type":"WebSite","@id":"https:\/\/jupro-taim.pl\/jtpomiar\/#website","url":"https:\/\/jupro-taim.pl\/jtpomiar\/","name":"Jupro Taim Pomiar","description":"Kompleksowe rozwi\u0105zania dla przemys\u0142u","publisher":{"@id":"https:\/\/jupro-taim.pl\/jtpomiar\/#organization"},"potentialAction":[{"@type":"SearchAction","target":{"@type":"EntryPoint","urlTemplate":"https:\/\/jupro-taim.pl\/jtpomiar\/?s={search_term_string}"},"query-input":{"@type":"PropertyValueSpecification","valueRequired":true,"valueName":"search_term_string"}}],"inLanguage":"pl-PL"},{"@type":"Organization","@id":"https:\/\/jupro-taim.pl\/jtpomiar\/#organization","name":"Jupro Taim K.Krawczy\u0144ska i S-ka Sp.J.","url":"https:\/\/jupro-taim.pl\/jtpomiar\/","logo":{"@type":"ImageObject","inLanguage":"pl-PL","@id":"https:\/\/jupro-taim.pl\/jtpomiar\/#\/schema\/logo\/image\/","url":"https:\/\/jupro-taim.pl\/jtpomiar\/wp-content\/uploads\/2017\/08\/juprotaim_pomiar.jpg","contentUrl":"https:\/\/jupro-taim.pl\/jtpomiar\/wp-content\/uploads\/2017\/08\/juprotaim_pomiar.jpg","width":520,"height":145,"caption":"Jupro Taim K.Krawczy\u0144ska i S-ka Sp.J."},"image":{"@id":"https:\/\/jupro-taim.pl\/jtpomiar\/#\/schema\/logo\/image\/"}}]}},"_links":{"self":[{"href":"https:\/\/jupro-taim.pl\/jtpomiar\/wp-json\/wp\/v2\/pages\/826","targetHints":{"allow":["GET"]}}],"collection":[{"href":"https:\/\/jupro-taim.pl\/jtpomiar\/wp-json\/wp\/v2\/pages"}],"about":[{"href":"https:\/\/jupro-taim.pl\/jtpomiar\/wp-json\/wp\/v2\/types\/page"}],"author":[{"embeddable":true,"href":"https:\/\/jupro-taim.pl\/jtpomiar\/wp-json\/wp\/v2\/users\/1"}],"replies":[{"embeddable":true,"href":"https:\/\/jupro-taim.pl\/jtpomiar\/wp-json\/wp\/v2\/comments?post=826"}],"version-history":[{"count":0,"href":"https:\/\/jupro-taim.pl\/jtpomiar\/wp-json\/wp\/v2\/pages\/826\/revisions"}],"up":[{"embeddable":true,"href":"https:\/\/jupro-taim.pl\/jtpomiar\/wp-json\/wp\/v2\/pages\/20"}],"wp:attachment":[{"href":"https:\/\/jupro-taim.pl\/jtpomiar\/wp-json\/wp\/v2\/media?parent=826"}],"curies":[{"name":"wp","href":"https:\/\/api.w.org\/{rel}","templated":true}]}}