{"id":821,"date":"2017-06-30T13:36:14","date_gmt":"2017-06-30T11:36:14","guid":{"rendered":"http:\/\/jtpomiar.pl\/?page_id=821"},"modified":"2017-06-30T13:38:46","modified_gmt":"2017-06-30T11:38:46","slug":"circutor-sa","status":"publish","type":"page","link":"https:\/\/jupro-taim.pl\/jtpomiar\/producenci\/circutor-sa\/","title":{"rendered":"CIRCUTOR S.A."},"content":{"rendered":"\n\n\n<div id=\"wpv-view-layout-813\" class=\"js-wpv-view-layout js-wpv-layout-responsive js-wpv-view-layout-813\" data-viewnumber=\"813\" data-pagination=\"{&quot;id&quot;:&quot;813&quot;,&quot;query&quot;:&quot;normal&quot;,&quot;type&quot;:&quot;disabled&quot;,&quot;effect&quot;:&quot;fade&quot;,&quot;duration&quot;:500,&quot;speed&quot;:5,&quot;pause_on_hover&quot;:&quot;disabled&quot;,&quot;stop_rollover&quot;:&quot;false&quot;,&quot;cache_pages&quot;:&quot;enabled&quot;,&quot;preload_images&quot;:&quot;enabled&quot;,&quot;preload_pages&quot;:&quot;enabled&quot;,&quot;preload_reach&quot;:1,&quot;spinner&quot;:&quot;builtin&quot;,&quot;spinner_image&quot;:&quot;https:\/\/jupro-taim.pl\/jtpomiar\/wp-content\/plugins\/wp-views\/res\/img\/ajax-loader.gif&quot;,&quot;callback_next&quot;:&quot;&quot;,&quot;manage_history&quot;:&quot;disabled&quot;,&quot;has_controls_in_form&quot;:&quot;disabled&quot;,&quot;infinite_tolerance&quot;:&quot;0&quot;,&quot;max_pages&quot;:0,&quot;page&quot;:1,&quot;base_permalink&quot;:&quot;\/jtpomiar\/wp-json\/wp\/v2\/pages\/821?wpv_view_count=813&amp;wpv_paged=WPV_PAGE_NUM&quot;,&quot;loop&quot;:{&quot;type&quot;:&quot;&quot;,&quot;name&quot;:&quot;&quot;,&quot;data&quot;:[],&quot;id&quot;:0}}\" data-permalink=\"\/jtpomiar\/wp-json\/wp\/v2\/pages\/821?wpv_view_count=813\">\n\n\t\n\t\n\t\n      <div class=\"produkt\">\n        <div class=\"produkt-fot\"><div class=\"produkt-fot2\"><img decoding=\"async\" src=\"https:\/\/jupro-taim.pl\/jtpomiar\/wp-content\/uploads\/2020\/04\/zdjecie-duze-cvm-e3-mini.jpg\" \/><\/div><\/div>\n        <div class=\"produkt-txt\">\n          <h2>CVM-E3-MINI &#8211; analizator parametr\u00f3w sieci elektrycznej i jako\u015bci zasilania na szyn\u0119 DIN &#8211; CIRCUTOR<\/h2>\n\t\t\t<p>CVM-E3-MINI\u00a0to nowy analizator sieci tr\u00f3jfazowych (zr\u00f3wnowa\u017conych i niezr\u00f3wnowa\u017conych) do monta\u017cu na szynie DIN, o bardzo ma\u0142ych wymiarach, z pomiarem w 4 kwadrantach.<\/p>\n\n          <a href=\"https:\/\/jupro-taim.pl\/jtpomiar\/produkt\/analizatory-jakosci-zasilania\/cvm-e3-mini-analizator-parametrow-sieci-elektrycznej-i-jakosci-zasilania-na-szyne-din-circutor\/\" class=\"prodlink\" title=\"CVM-E3-MINI &#8211; analizator parametr\u00f3w sieci elektrycznej i jako\u015bci zasilania na szyn\u0119 DIN &#8211; CIRCUTOR\">Szczeg\u00f3\u0142y produktu<\/a>\n        <\/div><div class=\"clr\"><\/div>\n        <\/div>\n\t\n      <div class=\"produkt\">\n        <div class=\"produkt-fot\"><div class=\"produkt-fot2\"><img decoding=\"async\" src=\"https:\/\/jupro-taim.pl\/jtpomiar\/wp-content\/uploads\/2018\/12\/11644-7634569.jpg\" \/><\/div><\/div>\n        <div class=\"produkt-txt\">\n          <h2>CVM-B150 &#8211; analizator parametr\u00f3w sieci elektrycznej i jako\u015bci zasilania &#8211; CIRCUTOR<\/h2>\n\t\t\t<p>Analizator parametr\u00f3w sieci CVM-B150-ITF-485-ICT2 Modbus RTU, M56111\u00a0to nowy analizator parametr\u00f3w sieci elektrycznej i jako\u015bci zasilania, wymiar\u00a0(144x144). Nowy wygl\u0105d, nowy interfejs, przyjazna cena.\u00a0Wysokowydajny analizator sieci do monta\u017cu w panelu, wielofunkcyjny i z mo\u017cliwo\u015bci\u0105 rozbudowy, zapewniaj\u0105cy pomiar w 4 kwadrantach (pob\u00f3r i wytwarzanie). Odpowiedni w instalacji niskiego i wysokiego napi\u0119cia, gdy\u017c umo\u017cliwia wysokie samoskalowalne przek\u0142adnie napi\u0119ciowe i pr\u0105dowe.<\/p>\n\n          <a href=\"https:\/\/jupro-taim.pl\/jtpomiar\/produkt\/analizatory-jakosci-zasilania\/cvm-b150-analizator-parametrow-sieci-jakosci-zasilania-circutor-analizator-parametrow-sieci-cvm-b150-itf-485-ict2-modbus-rtu-m56111\/\" class=\"prodlink\" title=\"CVM-B150 &#8211; analizator parametr\u00f3w sieci elektrycznej i jako\u015bci zasilania &#8211; CIRCUTOR\">Szczeg\u00f3\u0142y produktu<\/a>\n        <\/div><div class=\"clr\"><\/div>\n        <\/div>\n\t\n      <div class=\"produkt\">\n        <div class=\"produkt-fot\"><div class=\"produkt-fot2\"><img decoding=\"async\" src=\"https:\/\/jupro-taim.pl\/jtpomiar\/wp-content\/uploads\/2017\/06\/circutor_computer_smart.jpg\" \/><\/div><\/div>\n        <div class=\"produkt-txt\">\n          <h2>Regulator mocy biernej COMPUTER SMART<\/h2>\n\t\t\t<p>Regulator mocy biernej COMPUTER SMART to kompletne urz\u0105dzenie umo\u017cliwiaj\u0105ce regulacj\u0119, pomiar, ochron\u0119, kontrol\u0119 pr\u0105du up\u0142ywu, komunikacj\u0119 i monitoring baterii kondensator\u00f3w. Regulator jest bardzo prosty w u\u017cytkowaniu, posiada intuicyjne oprogramowanie oraz du\u017cy ciek\u0142okrystaliczny wy\u015bwietlacz. Posiada 6 lub 12 stopniow\u0105 regulacj\u0119.<\/p>\n\n          <a href=\"https:\/\/jupro-taim.pl\/jtpomiar\/produkt\/regulatory-mocy-biernej\/regulator-mocy-biernej-computer-smart\/\" class=\"prodlink\" title=\"Regulator mocy biernej COMPUTER SMART\">Szczeg\u00f3\u0142y produktu<\/a>\n        <\/div><div class=\"clr\"><\/div>\n        <\/div>\n\t\n      <div class=\"produkt\">\n        <div class=\"produkt-fot\"><div class=\"produkt-fot2\"><img decoding=\"async\" src=\"https:\/\/jupro-taim.pl\/jtpomiar\/wp-content\/uploads\/2017\/06\/circutor_computer_max.jpg\" \/><\/div><\/div>\n        <div class=\"produkt-txt\">\n          <h2>Regulator mocy biernej COMPUTER MAX<\/h2>\n\t\t\t<p>Computer MAX 6 oraz Computer MAX 12 firmy Circutor to regulatory mocy biernej. Umo\u017cliwiaj\u0105 sterowanie i regulacj\u0119 czasem za\u0142\u0105czania baterii kondensator\u00f3w w celu odpowiedniej kompensacji mocy biernej.<\/p>\n\n          <a href=\"https:\/\/jupro-taim.pl\/jtpomiar\/produkt\/regulatory-mocy-biernej\/regulator-mocy-biernej-computer-max\/\" class=\"prodlink\" title=\"Regulator mocy biernej COMPUTER MAX\">Szczeg\u00f3\u0142y produktu<\/a>\n        <\/div><div class=\"clr\"><\/div>\n        <\/div>\n\t\n      <div class=\"produkt\">\n        <div class=\"produkt-fot\"><div class=\"produkt-fot2\"><img decoding=\"async\" src=\"https:\/\/jupro-taim.pl\/jtpomiar\/wp-content\/uploads\/2017\/06\/circutor_computer_max_plug_play.jpg\" \/><\/div><\/div>\n        <div class=\"produkt-txt\">\n          <h2>Regulator mocy biernej computer MAX Plug&#038;Play firmy Circutor<\/h2>\n\t\t\t<p>Kontrolery mocy biernej seri Computer MAX plug&play s\u0142u\u017c\u0105 do prostej i skutecznej regulacji.<\/p>\n\n          <a href=\"https:\/\/jupro-taim.pl\/jtpomiar\/produkt\/regulatory-mocy-biernej\/regulator-mocy-biernej-computer-max-plugplay-firmy-circutor\/\" class=\"prodlink\" title=\"Regulator mocy biernej computer MAX Plug&#038;Play firmy Circutor\">Szczeg\u00f3\u0142y produktu<\/a>\n        <\/div><div class=\"clr\"><\/div>\n        <\/div>\n\t\n      <div class=\"produkt\">\n        <div class=\"produkt-fot\"><div class=\"produkt-fot2\"><img decoding=\"async\" src=\"https:\/\/jupro-taim.pl\/jtpomiar\/wp-content\/uploads\/2017\/06\/circutor_kontroler_mocy_biernej_smartiii.jpg\" \/><\/div><\/div>\n        <div class=\"produkt-txt\">\n          <h2>Regulatory mocy biernej serii computer Smart III firmy Circutor<\/h2>\n\t\t\t<p>Regulatory mocy biernej serii computer Smart III s\u0105 dost\u0119pne w dw\u00f3ch wykonaniach: z 6 przeka\u017anikami kod R13851; z 12 przeka\u017anikami kod R13862.<\/p>\n\n          <a href=\"https:\/\/jupro-taim.pl\/jtpomiar\/produkt\/regulatory-mocy-biernej\/regulatory-mocy-biernej-serii-computer-smart-iii-firmy-circutor\/\" class=\"prodlink\" title=\"Regulatory mocy biernej serii computer Smart III firmy Circutor\">Szczeg\u00f3\u0142y produktu<\/a>\n        <\/div><div class=\"clr\"><\/div>\n        <\/div>\n\t\n      <div class=\"produkt\">\n        <div class=\"produkt-fot\"><div class=\"produkt-fot2\"><img decoding=\"async\" src=\"https:\/\/jupro-taim.pl\/jtpomiar\/wp-content\/uploads\/2017\/06\/fo_cvm-c10_250x250.jpg\" \/><\/div><\/div>\n        <div class=\"produkt-txt\">\n          <h2>CVM C10 &#8211; analizator parametr\u00f3w sieci i jako\u015bci zasilania &#8211; NOWO\u015a\u0106 !!!<\/h2>\n\t\t\t<p>Analizator CVM-C10 firmy CIRCUTOR to nowa linia tr\u00f3jfazowych analizator\u00f3w jako\u015bci zasilania. Nowo zaprojektowany interfejs wyr\u00f3\u017cnia go na tle innych dost\u0119pnych na rynku urz\u0105dze\u0144. Umo\u017cliwia pomiar wszystkich parametr\u00f3w jak pr\u0105d, napi\u0119cie, moc czynn\u0105, biern\u0105, pozorn\u0105, cz\u0119stotliwo\u015b\u0107, wsp\u00f3\u0142czynnik THD, cosfi, harmoniczne w pr\u0105dzie i napi\u0119ciu.<\/p>\n\n          <a href=\"https:\/\/jupro-taim.pl\/jtpomiar\/produkt\/analizatory-jakosci-zasilania\/cvm-c10-analizator-parametrow-sieci-jakosci-zasilania-nowosc\/\" class=\"prodlink\" title=\"CVM C10 &#8211; analizator parametr\u00f3w sieci i jako\u015bci zasilania &#8211; NOWO\u015a\u0106 !!!\">Szczeg\u00f3\u0142y produktu<\/a>\n        <\/div><div class=\"clr\"><\/div>\n        <\/div>\n\t\n      <div class=\"produkt\">\n        <div class=\"produkt-fot\"><div class=\"produkt-fot2\"><img decoding=\"async\" src=\"https:\/\/jupro-taim.pl\/jtpomiar\/wp-content\/uploads\/2017\/06\/cvm_nrg96.jpg\" \/><\/div><\/div>\n        <div class=\"produkt-txt\">\n          <h2>CVM NRG-96 &#8211; tablicowy analizator jako\u015bci zasilania<\/h2>\n\t\t\t<p>CVM NRG-96 firmy Circutor to tr\u00f3jfazowy analizator jako\u015bci zasilania. Analizator posiada 4 liniowy wy\u015bwietlacz LCD, kt\u00f3ry posiada wygaszacz ekranu oraz chroniony jest has\u0142em. CVM NRG-96 umo\u017cliwia pomiar pr\u0105du i napi\u0119cia w sieci tr\u00f3jfazowej, pr\u0105du w torze neutralnym, poboru mocy, THD i wielu innych parametr\u00f3w sieci zasilaj\u0105cej umo\u017cliwiaj\u0105cych dok\u0142adn\u0105 analiz\u0119 jako\u015bci zasilania.<\/p>\n\n          <a href=\"https:\/\/jupro-taim.pl\/jtpomiar\/produkt\/analizatory-jakosci-zasilania\/cvm-nrg-96-tablicowy-analizator-jakosci-zasilania\/\" class=\"prodlink\" title=\"CVM NRG-96 &#8211; tablicowy analizator jako\u015bci zasilania\">Szczeg\u00f3\u0142y produktu<\/a>\n        <\/div><div class=\"clr\"><\/div>\n        <\/div>\n\t\n      <div class=\"produkt\">\n        <div class=\"produkt-fot\"><div class=\"produkt-fot2\"><img decoding=\"async\" src=\"https:\/\/jupro-taim.pl\/jtpomiar\/wp-content\/uploads\/2017\/06\/fh_cvm96_00.jpg\" \/><\/div><\/div>\n        <div class=\"produkt-txt\">\n          <h2>CVM 96 &#8211; tablicowy analizator jako\u015bci zasilania<\/h2>\n\t\t\t<p>CVM 96 firmy Circutor to tr\u00f3jfazowy analizator jako\u015bci zasilania. Analizator posiada wy\u015bwietlacz LED, kt\u00f3ry posiada wygaszacz ekranu oraz chroniony jest has\u0142em. CVM 96 umo\u017cliwia pomiar pr\u0105du i napi\u0119cia w sieci tr\u00f3jfazowej, pr\u0105du w torze neutralnym, poboru mocy, THD i wielu innych parametr\u00f3w sieci zasilaj\u0105cej umo\u017cliwiaj\u0105cych dok\u0142adn\u0105 analiz\u0119 jako\u015bci zasilania.<\/p>\n\n          <a href=\"https:\/\/jupro-taim.pl\/jtpomiar\/produkt\/analizatory-jakosci-zasilania\/cvm-96-tablicowy-analizator-jakosci-zasilania\/\" class=\"prodlink\" title=\"CVM 96 &#8211; tablicowy analizator jako\u015bci zasilania\">Szczeg\u00f3\u0142y produktu<\/a>\n        <\/div><div class=\"clr\"><\/div>\n        <\/div>\n\t\n      <div class=\"produkt\">\n        <div class=\"produkt-fot\"><div class=\"produkt-fot2\"><img decoding=\"async\" src=\"https:\/\/jupro-taim.pl\/jtpomiar\/wp-content\/uploads\/2017\/06\/fh_cvm144_00.jpg\" \/><\/div><\/div>\n        <div class=\"produkt-txt\">\n          <h2>CVM 144 &#8211; tablicowy analizator jako\u015bci zasilania<\/h2>\n\t\t\t<p>CVM 144 firmy Circutor to tr\u00f3jfazowy analizator jako\u015bci zasilania. Analizator posiada wy\u015bwietlacz LED, kt\u00f3ry posiada wygaszacz ekranu oraz chroniony jest has\u0142em. CVM 144 umo\u017cliwia pomiar pr\u0105du i napi\u0119cia w sieci tr\u00f3jfazowej, pr\u0105du w torze neutralnym, pr\u0105du up\u0142ywu, poboru mocy, THD i wielu innych parametr\u00f3w umo\u017cliwiaj\u0105cych dok\u0142adn\u0105 analiz\u0119 jako\u015bci zasilania.<\/p>\n\n          <a href=\"https:\/\/jupro-taim.pl\/jtpomiar\/produkt\/analizatory-jakosci-zasilania\/cvm-144-tablicowy-analizator-jakosci-zasilania\/\" class=\"prodlink\" title=\"CVM 144 &#8211; tablicowy analizator jako\u015bci zasilania\">Szczeg\u00f3\u0142y produktu<\/a>\n        <\/div><div class=\"clr\"><\/div>\n        <\/div>\n\t\n      <div class=\"produkt\">\n        <div class=\"produkt-fot\"><div class=\"produkt-fot2\"><img decoding=\"async\" src=\"https:\/\/jupro-taim.pl\/jtpomiar\/wp-content\/uploads\/2017\/06\/fh_cvmk2_00.jpg\" \/><\/div><\/div>\n        <div class=\"produkt-txt\">\n          <h2>CVMk2 &#8211; tablicowy analizator jako\u015bci zasilania<\/h2>\n\t\t\t<p>CVMk2 firmy Circutor to tr\u00f3jfazowy analizator jako\u015bci zasilania. Analizator posiada wy\u015bwietlacz LCD, kt\u00f3ry posiada wygaszacz ekranu oraz chroniony jest has\u0142em. CVMk2 umo\u017cliwia pomiar pr\u0105du i napi\u0119cia w sieci tr\u00f3jfazowej, pr\u0105du w torze neutralnym, poboru mocy, THD i wielu innych parametr\u00f3w sieci zasilaj\u0105cej umo\u017cliwiaj\u0105cych dok\u0142adn\u0105 analiz\u0119 jako\u015bci zasilania.<\/p>\n\n          <a href=\"https:\/\/jupro-taim.pl\/jtpomiar\/produkt\/analizatory-jakosci-zasilania\/cvmk2-tablicowy-analizator-jakosci-zasilania\/\" class=\"prodlink\" title=\"CVMk2 &#8211; tablicowy analizator jako\u015bci zasilania\">Szczeg\u00f3\u0142y produktu<\/a>\n        <\/div><div class=\"clr\"><\/div>\n        <\/div>\n\t\n      <div class=\"produkt\">\n        <div class=\"produkt-fot\"><div class=\"produkt-fot2\"><img decoding=\"async\" src=\"https:\/\/jupro-taim.pl\/jtpomiar\/wp-content\/uploads\/2017\/06\/cireq.jpg\" \/><\/div><\/div>\n        <div class=\"produkt-txt\">\n          <h2>CIR-eQ &#8211; przeno\u015bny analizator i rejestrator jako\u015bci zasilania<\/h2>\n\t\t\t<p>CIR-eQ to przeno\u015bny analizator jako\u015bci sieci zasilaj\u0105cej. Urz\u0105dzenie umo\u017cliwia rejestracj\u0119 najwa\u017cniejszych parametr\u00f3w s\u0142u\u017c\u0105cych do oceny jako\u015bci i parametr\u00f3w sieci zasilaj\u0105cej. Ma\u0142y rozmiar urz\u0105dzenia pozwala na prost\u0105 i bezproblemow\u0105 instalacj\u0119 rejestratora.<\/p>\n\n          <a href=\"https:\/\/jupro-taim.pl\/jtpomiar\/produkt\/przenosne-analizatory-parametrow-sieci\/cir-eq-przenosny-analizator-rejestrator-jakosci-zasilania\/\" class=\"prodlink\" title=\"CIR-eQ &#8211; przeno\u015bny analizator i rejestrator jako\u015bci zasilania\">Szczeg\u00f3\u0142y produktu<\/a>\n        <\/div><div class=\"clr\"><\/div>\n        <\/div>\n\t\n      <div class=\"produkt\">\n        <div class=\"produkt-fot\"><div class=\"produkt-fot2\"><img decoding=\"async\" src=\"https:\/\/jupro-taim.pl\/jtpomiar\/wp-content\/uploads\/2017\/06\/fh_cire3_00.jpg\" \/><\/div><\/div>\n        <div class=\"produkt-txt\">\n          <h2>CIR-e3 &#8211; przeno\u015bny analizator energii i jako\u015bci zasilania<\/h2>\n\t\t\t<p>CIR-e3 to przeno\u015bny analizator do oceny zu\u017cycia energii. Urz\u0105dzenie umo\u017cliwia rejestracj\u0119 najwa\u017cniejszych parametr\u00f3w s\u0142u\u017c\u0105cych do oceny jako\u015bci i parametr\u00f3w sieci zasilaj\u0105cej.<\/p>\n\n          <a href=\"https:\/\/jupro-taim.pl\/jtpomiar\/produkt\/przenosne-analizatory-parametrow-sieci\/cir-e3-przenosny-analizator-energii-jakosci-zasilania\/\" class=\"prodlink\" title=\"CIR-e3 &#8211; przeno\u015bny analizator energii i jako\u015bci zasilania\">Szczeg\u00f3\u0142y produktu<\/a>\n        <\/div><div class=\"clr\"><\/div>\n        <\/div>\n\t\n      <div class=\"produkt\">\n        <div class=\"produkt-fot\"><div class=\"produkt-fot2\"><img decoding=\"async\" src=\"https:\/\/jupro-taim.pl\/jtpomiar\/wp-content\/uploads\/2017\/06\/ar6.jpg\" \/><\/div><\/div>\n        <div class=\"produkt-txt\">\n          <h2>AR6 &#8211; przeno\u015bny analizator parametr\u00f3w sieci i oceny jako\u015bci zasilania<\/h2>\n\t\t\t<p>AR6 to przeno\u015bny analizator parametr\u00f3w sieci nowej generacji firmy CIRCUTOR. Analizator idealnie nadaj\u0119 si\u0119 do pomiar\u00f3w pr\u0105d\u00f3w i napi\u0119\u0107 w sieci jedno i tr\u00f3jfazowej, pomiar\u00f3w energii i mocy oraz pomiar\u00f3w wielu parametr\u00f3w umo\u017cliwiaj\u0105cych analiz\u0119 jako\u015bci sieci zasilaj\u0105cej.<\/p>\n\n          <a href=\"https:\/\/jupro-taim.pl\/jtpomiar\/produkt\/przenosne-analizatory-parametrow-sieci\/ar6-przenosny-analizator-parametrow-sieci-oceny-jakosci-zasilania\/\" class=\"prodlink\" title=\"AR6 &#8211; przeno\u015bny analizator parametr\u00f3w sieci i oceny jako\u015bci zasilania\">Szczeg\u00f3\u0142y produktu<\/a>\n        <\/div><div class=\"clr\"><\/div>\n        <\/div>\n\t\n      <div class=\"produkt\">\n        <div class=\"produkt-fot\"><div class=\"produkt-fot2\"><img decoding=\"async\" src=\"https:\/\/jupro-taim.pl\/jtpomiar\/wp-content\/uploads\/2017\/06\/pobrane.png\" \/><\/div><\/div>\n        <div class=\"produkt-txt\">\n          <h2>NOWO\u015a\u0106!!! MYeBOX &#8211; przeno\u015bny analizator sieci i jako\u015bci zasilania.<\/h2>\n\t\t\t<p>MYeBOX\u00ae to gama przeno\u015bnych analizator\u00f3w z mo\u017cliwo\u015bci\u0105 konfiguracji za pomoc\u0105 aplikacji, kt\u00f3ra dokonuje analizy parametr\u00f3w elektrycznych dost\u0119pnych zdalnie. MYeBOX\u00ae mierzy i rejestruje parametry elektryczne w instalacjach jednofazowych, dwufazowych i tr\u00f3jfazowych (z lub bez przewodu neutralnego).<\/p>\n\n          <a href=\"https:\/\/jupro-taim.pl\/jtpomiar\/produkt\/przenosne-analizatory-parametrow-sieci\/nowosc-myebox-przenosny-analizator-sieci-jakosci-zasilania\/\" class=\"prodlink\" title=\"NOWO\u015a\u0106!!! MYeBOX &#8211; przeno\u015bny analizator sieci i jako\u015bci zasilania.\">Szczeg\u00f3\u0142y produktu<\/a>\n        <\/div><div class=\"clr\"><\/div>\n        <\/div>\n\t\n\t\n\t\n\t\n<\/div>\n\n\n","protected":false},"excerpt":{"rendered":"","protected":false},"author":1,"featured_media":0,"parent":20,"menu_order":0,"comment_status":"closed","ping_status":"closed","template":"","meta":{"footnotes":""},"class_list":["post-821","page","type-page","status-publish","hentry"],"yoast_head":"<!-- This site is optimized with the Yoast SEO plugin v26.1.1 - https:\/\/yoast.com\/wordpress\/plugins\/seo\/ -->\n<title>CIRCUTOR S.A. - Jupro Taim Pomiar<\/title>\n<meta name=\"robots\" content=\"index, follow, max-snippet:-1, max-image-preview:large, max-video-preview:-1\" \/>\n<link rel=\"canonical\" href=\"https:\/\/jupro-taim.pl\/jtpomiar\/producenci\/circutor-sa\/\" \/>\n<meta property=\"og:locale\" content=\"pl_PL\" \/>\n<meta property=\"og:type\" content=\"article\" \/>\n<meta property=\"og:title\" content=\"CIRCUTOR S.A. - Jupro Taim Pomiar\" \/>\n<meta property=\"og:url\" content=\"https:\/\/jupro-taim.pl\/jtpomiar\/producenci\/circutor-sa\/\" \/>\n<meta property=\"og:site_name\" content=\"Jupro Taim Pomiar\" \/>\n<meta property=\"article:modified_time\" content=\"2017-06-30T11:38:46+00:00\" \/>\n<meta name=\"twitter:card\" content=\"summary_large_image\" \/>\n<script type=\"application\/ld+json\" class=\"yoast-schema-graph\">{\"@context\":\"https:\/\/schema.org\",\"@graph\":[{\"@type\":\"WebPage\",\"@id\":\"https:\/\/jupro-taim.pl\/jtpomiar\/producenci\/circutor-sa\/\",\"url\":\"https:\/\/jupro-taim.pl\/jtpomiar\/producenci\/circutor-sa\/\",\"name\":\"CIRCUTOR S.A. - Jupro Taim Pomiar\",\"isPartOf\":{\"@id\":\"https:\/\/jupro-taim.pl\/jtpomiar\/#website\"},\"datePublished\":\"2017-06-30T11:36:14+00:00\",\"dateModified\":\"2017-06-30T11:38:46+00:00\",\"breadcrumb\":{\"@id\":\"https:\/\/jupro-taim.pl\/jtpomiar\/producenci\/circutor-sa\/#breadcrumb\"},\"inLanguage\":\"pl-PL\",\"potentialAction\":[{\"@type\":\"ReadAction\",\"target\":[\"https:\/\/jupro-taim.pl\/jtpomiar\/producenci\/circutor-sa\/\"]}]},{\"@type\":\"BreadcrumbList\",\"@id\":\"https:\/\/jupro-taim.pl\/jtpomiar\/producenci\/circutor-sa\/#breadcrumb\",\"itemListElement\":[{\"@type\":\"ListItem\",\"position\":1,\"name\":\"Strona g\u0142\u00f3wna\",\"item\":\"https:\/\/jupro-taim.pl\/jtpomiar\/\"},{\"@type\":\"ListItem\",\"position\":2,\"name\":\"Producenci\",\"item\":\"https:\/\/jupro-taim.pl\/jtpomiar\/producenci\/\"},{\"@type\":\"ListItem\",\"position\":3,\"name\":\"CIRCUTOR S.A.\"}]},{\"@type\":\"WebSite\",\"@id\":\"https:\/\/jupro-taim.pl\/jtpomiar\/#website\",\"url\":\"https:\/\/jupro-taim.pl\/jtpomiar\/\",\"name\":\"Jupro Taim Pomiar\",\"description\":\"Kompleksowe rozwi\u0105zania dla przemys\u0142u\",\"publisher\":{\"@id\":\"https:\/\/jupro-taim.pl\/jtpomiar\/#organization\"},\"potentialAction\":[{\"@type\":\"SearchAction\",\"target\":{\"@type\":\"EntryPoint\",\"urlTemplate\":\"https:\/\/jupro-taim.pl\/jtpomiar\/?s={search_term_string}\"},\"query-input\":{\"@type\":\"PropertyValueSpecification\",\"valueRequired\":true,\"valueName\":\"search_term_string\"}}],\"inLanguage\":\"pl-PL\"},{\"@type\":\"Organization\",\"@id\":\"https:\/\/jupro-taim.pl\/jtpomiar\/#organization\",\"name\":\"Jupro Taim K.Krawczy\u0144ska i S-ka Sp.J.\",\"url\":\"https:\/\/jupro-taim.pl\/jtpomiar\/\",\"logo\":{\"@type\":\"ImageObject\",\"inLanguage\":\"pl-PL\",\"@id\":\"https:\/\/jupro-taim.pl\/jtpomiar\/#\/schema\/logo\/image\/\",\"url\":\"https:\/\/jupro-taim.pl\/jtpomiar\/wp-content\/uploads\/2017\/08\/juprotaim_pomiar.jpg\",\"contentUrl\":\"https:\/\/jupro-taim.pl\/jtpomiar\/wp-content\/uploads\/2017\/08\/juprotaim_pomiar.jpg\",\"width\":520,\"height\":145,\"caption\":\"Jupro Taim K.Krawczy\u0144ska i S-ka Sp.J.\"},\"image\":{\"@id\":\"https:\/\/jupro-taim.pl\/jtpomiar\/#\/schema\/logo\/image\/\"}}]}<\/script>\n<!-- \/ Yoast SEO plugin. -->","yoast_head_json":{"title":"CIRCUTOR S.A. - Jupro Taim Pomiar","robots":{"index":"index","follow":"follow","max-snippet":"max-snippet:-1","max-image-preview":"max-image-preview:large","max-video-preview":"max-video-preview:-1"},"canonical":"https:\/\/jupro-taim.pl\/jtpomiar\/producenci\/circutor-sa\/","og_locale":"pl_PL","og_type":"article","og_title":"CIRCUTOR S.A. - Jupro Taim Pomiar","og_url":"https:\/\/jupro-taim.pl\/jtpomiar\/producenci\/circutor-sa\/","og_site_name":"Jupro Taim Pomiar","article_modified_time":"2017-06-30T11:38:46+00:00","twitter_card":"summary_large_image","schema":{"@context":"https:\/\/schema.org","@graph":[{"@type":"WebPage","@id":"https:\/\/jupro-taim.pl\/jtpomiar\/producenci\/circutor-sa\/","url":"https:\/\/jupro-taim.pl\/jtpomiar\/producenci\/circutor-sa\/","name":"CIRCUTOR S.A. - Jupro Taim Pomiar","isPartOf":{"@id":"https:\/\/jupro-taim.pl\/jtpomiar\/#website"},"datePublished":"2017-06-30T11:36:14+00:00","dateModified":"2017-06-30T11:38:46+00:00","breadcrumb":{"@id":"https:\/\/jupro-taim.pl\/jtpomiar\/producenci\/circutor-sa\/#breadcrumb"},"inLanguage":"pl-PL","potentialAction":[{"@type":"ReadAction","target":["https:\/\/jupro-taim.pl\/jtpomiar\/producenci\/circutor-sa\/"]}]},{"@type":"BreadcrumbList","@id":"https:\/\/jupro-taim.pl\/jtpomiar\/producenci\/circutor-sa\/#breadcrumb","itemListElement":[{"@type":"ListItem","position":1,"name":"Strona g\u0142\u00f3wna","item":"https:\/\/jupro-taim.pl\/jtpomiar\/"},{"@type":"ListItem","position":2,"name":"Producenci","item":"https:\/\/jupro-taim.pl\/jtpomiar\/producenci\/"},{"@type":"ListItem","position":3,"name":"CIRCUTOR S.A."}]},{"@type":"WebSite","@id":"https:\/\/jupro-taim.pl\/jtpomiar\/#website","url":"https:\/\/jupro-taim.pl\/jtpomiar\/","name":"Jupro Taim Pomiar","description":"Kompleksowe rozwi\u0105zania dla przemys\u0142u","publisher":{"@id":"https:\/\/jupro-taim.pl\/jtpomiar\/#organization"},"potentialAction":[{"@type":"SearchAction","target":{"@type":"EntryPoint","urlTemplate":"https:\/\/jupro-taim.pl\/jtpomiar\/?s={search_term_string}"},"query-input":{"@type":"PropertyValueSpecification","valueRequired":true,"valueName":"search_term_string"}}],"inLanguage":"pl-PL"},{"@type":"Organization","@id":"https:\/\/jupro-taim.pl\/jtpomiar\/#organization","name":"Jupro Taim K.Krawczy\u0144ska i S-ka Sp.J.","url":"https:\/\/jupro-taim.pl\/jtpomiar\/","logo":{"@type":"ImageObject","inLanguage":"pl-PL","@id":"https:\/\/jupro-taim.pl\/jtpomiar\/#\/schema\/logo\/image\/","url":"https:\/\/jupro-taim.pl\/jtpomiar\/wp-content\/uploads\/2017\/08\/juprotaim_pomiar.jpg","contentUrl":"https:\/\/jupro-taim.pl\/jtpomiar\/wp-content\/uploads\/2017\/08\/juprotaim_pomiar.jpg","width":520,"height":145,"caption":"Jupro Taim K.Krawczy\u0144ska i S-ka Sp.J."},"image":{"@id":"https:\/\/jupro-taim.pl\/jtpomiar\/#\/schema\/logo\/image\/"}}]}},"_links":{"self":[{"href":"https:\/\/jupro-taim.pl\/jtpomiar\/wp-json\/wp\/v2\/pages\/821","targetHints":{"allow":["GET"]}}],"collection":[{"href":"https:\/\/jupro-taim.pl\/jtpomiar\/wp-json\/wp\/v2\/pages"}],"about":[{"href":"https:\/\/jupro-taim.pl\/jtpomiar\/wp-json\/wp\/v2\/types\/page"}],"author":[{"embeddable":true,"href":"https:\/\/jupro-taim.pl\/jtpomiar\/wp-json\/wp\/v2\/users\/1"}],"replies":[{"embeddable":true,"href":"https:\/\/jupro-taim.pl\/jtpomiar\/wp-json\/wp\/v2\/comments?post=821"}],"version-history":[{"count":0,"href":"https:\/\/jupro-taim.pl\/jtpomiar\/wp-json\/wp\/v2\/pages\/821\/revisions"}],"up":[{"embeddable":true,"href":"https:\/\/jupro-taim.pl\/jtpomiar\/wp-json\/wp\/v2\/pages\/20"}],"wp:attachment":[{"href":"https:\/\/jupro-taim.pl\/jtpomiar\/wp-json\/wp\/v2\/media?parent=821"}],"curies":[{"name":"wp","href":"https:\/\/api.w.org\/{rel}","templated":true}]}}