{"id":22,"date":"2017-02-28T14:32:57","date_gmt":"2017-02-28T13:32:57","guid":{"rendered":"http:\/\/jtpomiar.pl\/?page_id=22"},"modified":"2026-04-02T09:26:06","modified_gmt":"2026-04-02T07:26:06","slug":"kontakt","status":"publish","type":"page","link":"https:\/\/jupro-taim.pl\/jtpomiar\/kontakt\/","title":{"rendered":"Kontakt"},"content":{"rendered":"<div class=\"su-accordion su-u-trim\">\n<div class=\"su-spoiler su-spoiler-style-default su-spoiler-icon-caret-square\" data-scroll-offset=\"0\" data-anchor-in-url=\"no\"><div class=\"su-spoiler-title\" tabindex=\"0\" role=\"button\"><span class=\"su-spoiler-icon\"><\/span>Dane firmowe<\/div><div class=\"su-spoiler-content su-u-clearfix su-u-trim\">\n<div class=\"su-row\">\n<div class=\"su-column su-column-size-1-2\"><div class=\"su-column-inner su-u-clearfix su-u-trim\">\n<p><strong>JUPRO TAIM K. Krawczy\u0144ska i S-ka Sp. J.<\/strong><br \/>\nul. Europejska 13, 62-500 Konin<br \/>\nwoj. wielkopolskie<\/p>\n<p>NIP 665-22-13-357<br \/>\nRegon 310333210<\/p>\n<\/div><\/div>\n<div class=\"su-column su-column-size-1-2\"><div class=\"su-column-inner su-u-clearfix su-u-trim\">\n<p>tel. <a href=\"tel:632446250\">+48 63 244 62 50<\/a><br \/>\nfax: <a href=\"tel:632446251\">+48 63 244 62 51<\/a><br \/>\ne-mail: <a href=\"mailto:firma@jupro-taim.pl\">firma@jupro-taim.pl<\/a><\/p>\n<\/div><\/div>\n<\/div>\n<\/div><\/div>\n<div class=\"su-spoiler su-spoiler-style-default su-spoiler-icon-caret-square su-spoiler-closed\" data-anchor=\"specjalisci\" data-scroll-offset=\"0\" data-anchor-in-url=\"no\"><div class=\"su-spoiler-title\" tabindex=\"0\" role=\"button\"><span class=\"su-spoiler-icon\"><\/span>Doradztwo techniczno-handlowe<\/div><div class=\"su-spoiler-content su-u-clearfix su-u-trim\">\n<p><strong>Automatyka, Pneumatyka, Pomiary Przemys\u0142owe, Zarz\u0105dzanie Energi\u0105, Kompensacja Mocy Biernej<\/strong><br \/>\nmgr Bartosz Krawczy\u0144ski<br \/>\nSpecjalista ds. Techniczno-Handlowych<br \/>\n<a href=\"tel:600900881\">+48 600 900 881<\/a><br \/>\n<a href=\"tel:632446264\">+48 63 244 62 64<\/a><br \/>\n<a href=\"mailto:bartosz.krawczynski@jupro-taim.pl\">bartosz.krawczynski@jupro-taim.pl<\/a><\/p>\n<\/div><\/div><div class=\"su-spoiler su-spoiler-style-default su-spoiler-icon-caret-square su-spoiler-closed\" data-anchor=\"specjalisci\" data-scroll-offset=\"0\" data-anchor-in-url=\"no\"><div class=\"su-spoiler-title\" tabindex=\"0\" role=\"button\"><span class=\"su-spoiler-icon\"><\/span>Sekretariat, ksi\u0119gowo\u015b\u0107, magazyn<\/div><div class=\"su-spoiler-content su-u-clearfix su-u-trim\">\n<p><strong>Sekretariat<\/strong><br \/>\nMonika Bana\u015b<br \/>\nSpecjalista ds. Administracji<br \/>\n<a href=\"tel:632446250\">+48 63 244 62 50<\/a><br \/>\n<a href=\"mailto:monika.banas@jupro-taim.pl\">monika.banas@jupro-taim.pl<\/a><\/p>\n<p><strong>Ksi\u0119gowo\u015b\u0107<\/strong><br \/>\nBo\u017cena Je\u017c<br \/>\nG\u0142\u00f3wna Ksi\u0119gowa<br \/>\n<a href=\"tel:632446255\">+48 63 244 62 55<\/a><br \/>\n<a href=\"mailto:bozena.jez@jupro-taim.pl\">bozena.jez@jupro-taim.pl<\/a><\/p>\n<p><strong>Ksi\u0119gowo\u015b\u0107<\/strong><br \/>\nmgr in\u017c. Beata Je\u017c<br \/>\nSpecjalista ds. Windykacji<br \/>\n<a href=\"tel:632446260\">+48 63 244 62 60<\/a><br \/>\n<a href=\"mailto:beata.jez@jupro-taim.pl\">beata.jez@jupro-taim.pl<\/a><\/p>\n<p><strong>Magazyn<\/strong><br \/>\n<a href=\"tel:632446250\">+48 63 244 62 50 wew. 270<\/a><br \/>\n<a href=\"mailto:magazyn@jupro-taim.pl\">magazyn@jupro-taim.pl<\/a><\/p>\n<\/div><\/div><div class=\"su-spoiler su-spoiler-style-default su-spoiler-icon-caret-square su-spoiler-closed\" data-anchor=\"formularz\" data-scroll-offset=\"0\" data-anchor-in-url=\"no\"><div class=\"su-spoiler-title\" tabindex=\"0\" role=\"button\"><span class=\"su-spoiler-icon\"><\/span>Formularz kontaktowy<\/div><div class=\"su-spoiler-content su-u-clearfix su-u-trim\">\n\n<div class=\"wpcf7 no-js\" id=\"wpcf7-f4-o1\" lang=\"pl-PL\" dir=\"ltr\" data-wpcf7-id=\"4\">\n<div class=\"screen-reader-response\"><p role=\"status\" aria-live=\"polite\" aria-atomic=\"true\"><\/p> <ul><\/ul><\/div>\n<form action=\"\/jtpomiar\/wp-json\/wp\/v2\/pages\/22#wpcf7-f4-o1\" method=\"post\" class=\"wpcf7-form init\" aria-label=\"Formularz kontaktowy\" novalidate=\"novalidate\" data-status=\"init\">\n<fieldset class=\"hidden-fields-container\"><input type=\"hidden\" name=\"_wpcf7\" value=\"4\" \/><input type=\"hidden\" name=\"_wpcf7_version\" value=\"6.1.2\" \/><input type=\"hidden\" name=\"_wpcf7_locale\" value=\"pl_PL\" \/><input type=\"hidden\" name=\"_wpcf7_unit_tag\" value=\"wpcf7-f4-o1\" \/><input type=\"hidden\" name=\"_wpcf7_container_post\" value=\"0\" \/><input type=\"hidden\" name=\"_wpcf7_posted_data_hash\" value=\"\" \/>\n<\/fieldset>\n<p><span class=\"wpcf7-form-control-wrap\" data-name=\"your-name\"><input size=\"40\" maxlength=\"400\" class=\"wpcf7-form-control wpcf7-text wpcf7-validates-as-required\" aria-required=\"true\" aria-invalid=\"false\" placeholder=\"Imi\u0119 i nazwisko\" value=\"\" type=\"text\" name=\"your-name\" \/><\/span>\n<\/p>\n<p><span class=\"wpcf7-form-control-wrap\" data-name=\"your-email\"><input size=\"40\" maxlength=\"400\" class=\"wpcf7-form-control wpcf7-email wpcf7-validates-as-required wpcf7-text wpcf7-validates-as-email\" aria-required=\"true\" aria-invalid=\"false\" placeholder=\"Adres email\" value=\"\" type=\"email\" name=\"your-email\" \/><\/span>\n<\/p>\n<p><span class=\"wpcf7-form-control-wrap\" data-name=\"your-subject\"><input size=\"40\" maxlength=\"400\" class=\"wpcf7-form-control wpcf7-text wpcf7-validates-as-required\" aria-required=\"true\" aria-invalid=\"false\" placeholder=\"Temat\" value=\"\" type=\"text\" name=\"your-subject\" \/><\/span>\n<\/p>\n<p><span class=\"wpcf7-form-control-wrap\" data-name=\"your-message\"><textarea cols=\"40\" rows=\"10\" maxlength=\"2000\" class=\"wpcf7-form-control wpcf7-textarea wpcf7-validates-as-required\" aria-required=\"true\" aria-invalid=\"false\" placeholder=\"Tre\u015b\u0107 wiadomo\u015bci\" name=\"your-message\"><\/textarea><\/span>\n<\/p>\n<p><span class=\"wpcf7-form-control-wrap\" data-name=\"acceptance-316\"><span class=\"wpcf7-form-control wpcf7-acceptance\"><span class=\"wpcf7-list-item\"><label><input type=\"checkbox\" name=\"acceptance-316\" value=\"1\" aria-invalid=\"false\" \/><span class=\"wpcf7-list-item-label\">Zapozna\u0142em si\u0119 i akceptuj\u0119 regulamin przetwarzania danych osobowych.<\/span><\/label><\/span><\/span><\/span><a href=\"http:\/\/jupro-taim.pl\/polityka-prywatnosci\/\">\n\t\t<font color=\"red\"> <b>( regulamin )<\/b>\n\t\t<\/font><\/a>\n<\/p>\n<p><span class=\"wpcf7-form-control-wrap\" data-name=\"contact_sendmail\"><span class=\"wpcf7-form-control wpcf7-checkbox\"><span class=\"wpcf7-list-item first last\"><input type=\"checkbox\" name=\"contact_sendmail[]\" value=\"Wy\u015blij kopi\u0119 tego listu do mnie\" \/><span class=\"wpcf7-list-item-label\">Wy\u015blij kopi\u0119 tego listu do mnie<\/span><\/span><\/span><\/span>\n<\/p>\n<p><input class=\"wpcf7-form-control wpcf7-submit has-spinner\" type=\"submit\" value=\"Wy\u015blij\" \/>\n<\/p><div class=\"wpcf7-response-output\" aria-hidden=\"true\"><\/div>\n<\/form>\n<\/div>\n\n<\/div><\/div><\/div>\n<p><iframe style=\"border: 0;\" src=\"https:\/\/www.google.com\/maps\/embed?pb=!1m18!1m12!1m3!1d4113.312931836664!2d18.265208528802738!3d52.19268065391382!2m3!1f0!2f0!3f0!3m2!1i1024!2i768!4f13.1!3m3!1m2!1s0x471b31440a4bdd23%3A0x836d7541e2baf1c4!2sJupro-Taim+K.Krawczy%C5%84ska+i+S-ka+Sp%C3%B3%C5%82ka+Jawna!5e0!3m2!1spl!2spl!4v1519305146898\" width=\"100%\" height=\"450\" frameborder=\"0\" allowfullscreen=\"allowfullscreen\"><\/iframe><\/p>\n","protected":false},"excerpt":{"rendered":"","protected":false},"author":1,"featured_media":0,"parent":0,"menu_order":0,"comment_status":"closed","ping_status":"closed","template":"","meta":{"footnotes":""},"class_list":["post-22","page","type-page","status-publish","hentry"],"yoast_head":"<!-- This site is optimized with the Yoast SEO plugin v26.1.1 - https:\/\/yoast.com\/wordpress\/plugins\/seo\/ -->\n<title>Kontakt - Jupro Taim Pomiar<\/title>\n<meta name=\"robots\" content=\"index, follow, max-snippet:-1, max-image-preview:large, max-video-preview:-1\" \/>\n<link rel=\"canonical\" href=\"https:\/\/jupro-taim.pl\/jtpomiar\/kontakt\/\" \/>\n<meta property=\"og:locale\" content=\"pl_PL\" \/>\n<meta property=\"og:type\" content=\"article\" \/>\n<meta property=\"og:title\" content=\"Kontakt - Jupro Taim Pomiar\" \/>\n<meta property=\"og:url\" content=\"https:\/\/jupro-taim.pl\/jtpomiar\/kontakt\/\" \/>\n<meta property=\"og:site_name\" content=\"Jupro Taim Pomiar\" \/>\n<meta property=\"article:modified_time\" content=\"2026-04-02T07:26:06+00:00\" \/>\n<meta name=\"twitter:card\" content=\"summary_large_image\" \/>\n<meta name=\"twitter:label1\" content=\"Szacowany czas czytania\" \/>\n\t<meta name=\"twitter:data1\" content=\"1 minuta\" \/>\n<script type=\"application\/ld+json\" class=\"yoast-schema-graph\">{\"@context\":\"https:\/\/schema.org\",\"@graph\":[{\"@type\":\"WebPage\",\"@id\":\"https:\/\/jupro-taim.pl\/jtpomiar\/kontakt\/\",\"url\":\"https:\/\/jupro-taim.pl\/jtpomiar\/kontakt\/\",\"name\":\"Kontakt - Jupro Taim Pomiar\",\"isPartOf\":{\"@id\":\"https:\/\/jupro-taim.pl\/jtpomiar\/#website\"},\"datePublished\":\"2017-02-28T13:32:57+00:00\",\"dateModified\":\"2026-04-02T07:26:06+00:00\",\"breadcrumb\":{\"@id\":\"https:\/\/jupro-taim.pl\/jtpomiar\/kontakt\/#breadcrumb\"},\"inLanguage\":\"pl-PL\",\"potentialAction\":[{\"@type\":\"ReadAction\",\"target\":[\"https:\/\/jupro-taim.pl\/jtpomiar\/kontakt\/\"]}]},{\"@type\":\"BreadcrumbList\",\"@id\":\"https:\/\/jupro-taim.pl\/jtpomiar\/kontakt\/#breadcrumb\",\"itemListElement\":[{\"@type\":\"ListItem\",\"position\":1,\"name\":\"Strona g\u0142\u00f3wna\",\"item\":\"https:\/\/jupro-taim.pl\/jtpomiar\/\"},{\"@type\":\"ListItem\",\"position\":2,\"name\":\"Kontakt\"}]},{\"@type\":\"WebSite\",\"@id\":\"https:\/\/jupro-taim.pl\/jtpomiar\/#website\",\"url\":\"https:\/\/jupro-taim.pl\/jtpomiar\/\",\"name\":\"Jupro Taim Pomiar\",\"description\":\"Kompleksowe rozwi\u0105zania dla przemys\u0142u\",\"publisher\":{\"@id\":\"https:\/\/jupro-taim.pl\/jtpomiar\/#organization\"},\"potentialAction\":[{\"@type\":\"SearchAction\",\"target\":{\"@type\":\"EntryPoint\",\"urlTemplate\":\"https:\/\/jupro-taim.pl\/jtpomiar\/?s={search_term_string}\"},\"query-input\":{\"@type\":\"PropertyValueSpecification\",\"valueRequired\":true,\"valueName\":\"search_term_string\"}}],\"inLanguage\":\"pl-PL\"},{\"@type\":\"Organization\",\"@id\":\"https:\/\/jupro-taim.pl\/jtpomiar\/#organization\",\"name\":\"Jupro Taim K.Krawczy\u0144ska i S-ka Sp.J.\",\"url\":\"https:\/\/jupro-taim.pl\/jtpomiar\/\",\"logo\":{\"@type\":\"ImageObject\",\"inLanguage\":\"pl-PL\",\"@id\":\"https:\/\/jupro-taim.pl\/jtpomiar\/#\/schema\/logo\/image\/\",\"url\":\"https:\/\/jupro-taim.pl\/jtpomiar\/wp-content\/uploads\/2017\/08\/juprotaim_pomiar.jpg\",\"contentUrl\":\"https:\/\/jupro-taim.pl\/jtpomiar\/wp-content\/uploads\/2017\/08\/juprotaim_pomiar.jpg\",\"width\":520,\"height\":145,\"caption\":\"Jupro Taim K.Krawczy\u0144ska i S-ka Sp.J.\"},\"image\":{\"@id\":\"https:\/\/jupro-taim.pl\/jtpomiar\/#\/schema\/logo\/image\/\"}}]}<\/script>\n<!-- \/ Yoast SEO plugin. -->","yoast_head_json":{"title":"Kontakt - Jupro Taim Pomiar","robots":{"index":"index","follow":"follow","max-snippet":"max-snippet:-1","max-image-preview":"max-image-preview:large","max-video-preview":"max-video-preview:-1"},"canonical":"https:\/\/jupro-taim.pl\/jtpomiar\/kontakt\/","og_locale":"pl_PL","og_type":"article","og_title":"Kontakt - Jupro Taim Pomiar","og_url":"https:\/\/jupro-taim.pl\/jtpomiar\/kontakt\/","og_site_name":"Jupro Taim Pomiar","article_modified_time":"2026-04-02T07:26:06+00:00","twitter_card":"summary_large_image","twitter_misc":{"Szacowany czas czytania":"1 minuta"},"schema":{"@context":"https:\/\/schema.org","@graph":[{"@type":"WebPage","@id":"https:\/\/jupro-taim.pl\/jtpomiar\/kontakt\/","url":"https:\/\/jupro-taim.pl\/jtpomiar\/kontakt\/","name":"Kontakt - Jupro Taim Pomiar","isPartOf":{"@id":"https:\/\/jupro-taim.pl\/jtpomiar\/#website"},"datePublished":"2017-02-28T13:32:57+00:00","dateModified":"2026-04-02T07:26:06+00:00","breadcrumb":{"@id":"https:\/\/jupro-taim.pl\/jtpomiar\/kontakt\/#breadcrumb"},"inLanguage":"pl-PL","potentialAction":[{"@type":"ReadAction","target":["https:\/\/jupro-taim.pl\/jtpomiar\/kontakt\/"]}]},{"@type":"BreadcrumbList","@id":"https:\/\/jupro-taim.pl\/jtpomiar\/kontakt\/#breadcrumb","itemListElement":[{"@type":"ListItem","position":1,"name":"Strona g\u0142\u00f3wna","item":"https:\/\/jupro-taim.pl\/jtpomiar\/"},{"@type":"ListItem","position":2,"name":"Kontakt"}]},{"@type":"WebSite","@id":"https:\/\/jupro-taim.pl\/jtpomiar\/#website","url":"https:\/\/jupro-taim.pl\/jtpomiar\/","name":"Jupro Taim Pomiar","description":"Kompleksowe rozwi\u0105zania dla przemys\u0142u","publisher":{"@id":"https:\/\/jupro-taim.pl\/jtpomiar\/#organization"},"potentialAction":[{"@type":"SearchAction","target":{"@type":"EntryPoint","urlTemplate":"https:\/\/jupro-taim.pl\/jtpomiar\/?s={search_term_string}"},"query-input":{"@type":"PropertyValueSpecification","valueRequired":true,"valueName":"search_term_string"}}],"inLanguage":"pl-PL"},{"@type":"Organization","@id":"https:\/\/jupro-taim.pl\/jtpomiar\/#organization","name":"Jupro Taim K.Krawczy\u0144ska i S-ka Sp.J.","url":"https:\/\/jupro-taim.pl\/jtpomiar\/","logo":{"@type":"ImageObject","inLanguage":"pl-PL","@id":"https:\/\/jupro-taim.pl\/jtpomiar\/#\/schema\/logo\/image\/","url":"https:\/\/jupro-taim.pl\/jtpomiar\/wp-content\/uploads\/2017\/08\/juprotaim_pomiar.jpg","contentUrl":"https:\/\/jupro-taim.pl\/jtpomiar\/wp-content\/uploads\/2017\/08\/juprotaim_pomiar.jpg","width":520,"height":145,"caption":"Jupro Taim K.Krawczy\u0144ska i S-ka Sp.J."},"image":{"@id":"https:\/\/jupro-taim.pl\/jtpomiar\/#\/schema\/logo\/image\/"}}]}},"_links":{"self":[{"href":"https:\/\/jupro-taim.pl\/jtpomiar\/wp-json\/wp\/v2\/pages\/22","targetHints":{"allow":["GET"]}}],"collection":[{"href":"https:\/\/jupro-taim.pl\/jtpomiar\/wp-json\/wp\/v2\/pages"}],"about":[{"href":"https:\/\/jupro-taim.pl\/jtpomiar\/wp-json\/wp\/v2\/types\/page"}],"author":[{"embeddable":true,"href":"https:\/\/jupro-taim.pl\/jtpomiar\/wp-json\/wp\/v2\/users\/1"}],"replies":[{"embeddable":true,"href":"https:\/\/jupro-taim.pl\/jtpomiar\/wp-json\/wp\/v2\/comments?post=22"}],"version-history":[{"count":9,"href":"https:\/\/jupro-taim.pl\/jtpomiar\/wp-json\/wp\/v2\/pages\/22\/revisions"}],"predecessor-version":[{"id":1624,"href":"https:\/\/jupro-taim.pl\/jtpomiar\/wp-json\/wp\/v2\/pages\/22\/revisions\/1624"}],"wp:attachment":[{"href":"https:\/\/jupro-taim.pl\/jtpomiar\/wp-json\/wp\/v2\/media?parent=22"}],"curies":[{"name":"wp","href":"https:\/\/api.w.org\/{rel}","templated":true}]}}