{"id":20,"date":"2017-02-28T14:30:23","date_gmt":"2017-02-28T13:30:23","guid":{"rendered":"http:\/\/jtpomiar.pl\/?page_id=20"},"modified":"2017-07-07T13:30:51","modified_gmt":"2017-07-07T11:30:51","slug":"producenci","status":"publish","type":"page","link":"https:\/\/jupro-taim.pl\/jtpomiar\/producenci\/","title":{"rendered":"Producenci"},"content":{"rendered":"<p>Jupro-Taim Pomiar wsp\u00f3\u0142pracuje i oferuje rozwi\u0105zania oraz aparatur\u0119 czo\u0142owych producent\u00f3w z kraju i zagranicy m.in.:<\/p>\n\n\n\n<div id=\"wpv-view-layout-764\" class=\"js-wpv-view-layout js-wpv-layout-responsive js-wpv-view-layout-764\" data-viewnumber=\"764\" data-pagination=\"{&quot;id&quot;:&quot;764&quot;,&quot;query&quot;:&quot;normal&quot;,&quot;type&quot;:&quot;disabled&quot;,&quot;effect&quot;:&quot;fade&quot;,&quot;duration&quot;:500,&quot;speed&quot;:5,&quot;pause_on_hover&quot;:&quot;disabled&quot;,&quot;stop_rollover&quot;:&quot;false&quot;,&quot;cache_pages&quot;:&quot;enabled&quot;,&quot;preload_images&quot;:&quot;enabled&quot;,&quot;preload_pages&quot;:&quot;enabled&quot;,&quot;preload_reach&quot;:1,&quot;spinner&quot;:&quot;builtin&quot;,&quot;spinner_image&quot;:&quot;https:\/\/jupro-taim.pl\/jtpomiar\/wp-content\/plugins\/wp-views\/embedded\/res\/img\/ajax-loader.gif&quot;,&quot;callback_next&quot;:&quot;&quot;,&quot;manage_history&quot;:&quot;disabled&quot;,&quot;has_controls_in_form&quot;:&quot;disabled&quot;,&quot;infinite_tolerance&quot;:&quot;0&quot;,&quot;max_pages&quot;:0,&quot;page&quot;:1,&quot;base_permalink&quot;:&quot;\/jtpomiar\/wp-json\/wp\/v2\/pages\/20?wpv_view_count=764&amp;wpv_paged=WPV_PAGE_NUM&quot;,&quot;loop&quot;:{&quot;type&quot;:&quot;&quot;,&quot;name&quot;:&quot;&quot;,&quot;data&quot;:[],&quot;id&quot;:0}}\" data-permalink=\"\/jtpomiar\/wp-json\/wp\/v2\/pages\/20?wpv_view_count=764\">\n\n\t\n\t\n\t\n<div class=\"prodlist\">\n\t<div class=\"prodlist-logo\"><img decoding=\"async\" src=\"https:\/\/jupro-taim.pl\/jtpomiar\/wp-content\/uploads\/2018\/07\/siemens-logo_white.jpg\" alt=\"siemens\" title=\"siemens-logo-green\" class=\"attachment-full\" \/><\/div>\n\t<div class=\"prodlist-dane\">\n\t\t<div class=\"prodlist-firma\">SIEMENS Sp. z o.o.<\/div>\n\t\t<div class=\"prodlist-kraj\"><img decoding=\"async\" src=\"https:\/\/jupro-taim.pl\/jtpomiar\/wp-content\/uploads\/2017\/06\/de.png\" title=\"DE\" class=\"attachment-full\" \/> Niemcy\n     \t  &nbsp; \/ &nbsp; <img decoding=\"async\" src=\"https:\/\/jupro-taim.pl\/jtpomiar\/wp-content\/uploads\/2017\/06\/pl.png\" title=\"PL\" class=\"attachment-full\" \/> Polska\n      \t<\/div>\n\t\t<div class=\"prodlist-status\"><strong>Status Jupro-Taim:<\/strong><br \/>Oficjalny Dystrybutor w Polsce<\/div>\n\t\t<div class=\"prodlist-grupy\"><strong>Grupy produktowe:<\/strong><br \/><p>Przep\u0142ywomierze elektromagnetyczne, masowe, wirowe, ultrad\u017awi\u0119kowe,<br \/>\r\nCiep\u0142omierze, Rotametry, Przetworniki ci\u015bnienia, temperatury i poziomu, Systemy<br \/>\r\nwagowe, Pozycjonery, Rejestratory<\/p><\/div>\n      \t<div class=\"prodlist-link\"><a href=\"https:\/\/jupro-taim.pl\/jtpomiar\/producenci\/siemens-sp-z-o-o\/\">Zobacz produkty &raquo;<\/a><\/div>\n  <\/div>\n  <div class=\"clr\"><\/div>\n<\/div>\n\t\n<div class=\"prodlist\">\n\t<div class=\"prodlist-logo\"><\/div>\n\t<div class=\"prodlist-dane\">\n\t\t<div class=\"prodlist-firma\">Baker Hughes, a GE company (BHGE) (Panametrics, General Eastern, Druck)<\/div>\n\t\t<div class=\"prodlist-kraj\"><img decoding=\"async\" src=\"https:\/\/jupro-taim.pl\/jtpomiar\/wp-content\/uploads\/2017\/06\/us.png\" title=\"US\" class=\"attachment-full\" \/> USA\n     \t  &nbsp; \/ &nbsp; <img decoding=\"async\" src=\"https:\/\/jupro-taim.pl\/jtpomiar\/wp-content\/uploads\/2017\/06\/ie.png\" title=\"IE\" class=\"attachment-full\" \/> Irlandia\n      \t<\/div>\n\t\t<div class=\"prodlist-status\"><strong>Status Jupro-Taim:<\/strong><br \/>Sprzeda\u017c i wsparcie techniczne w Polsce<\/div>\n\t\t<div class=\"prodlist-grupy\"><strong>Grupy produktowe:<\/strong><br \/><p>Przep\u0142ywomierze gaz\u00f3w i cieczy, Analizatory i przetworniki wilgotno\u015b\u0107\/punktu rosy, Wilgotno\u015bciomierze, Higrometry, Analizatory i przetworniki gaz\u00f3w, Analizatory, manometry i czujniki ci\u015bnienia, Kalibratory wielofunkcyjne, ci\u015bnienia i temperatur<\/p><\/div>\n      \t<div class=\"prodlist-link\"><a href=\"https:\/\/jupro-taim.pl\/jtpomiar\/producenci\/baker-hughes-a-ge-company-bhge-panametrics-general-eastern-druck\/\">Zobacz produkty &raquo;<\/a><\/div>\n  <\/div>\n  <div class=\"clr\"><\/div>\n<\/div>\n\t\n<div class=\"prodlist\">\n\t<div class=\"prodlist-logo\"><img decoding=\"async\" src=\"https:\/\/jupro-taim.pl\/jtpomiar\/wp-content\/uploads\/2017\/02\/circutor.jpg\" title=\"circutor\" class=\"attachment-full\" \/><\/div>\n\t<div class=\"prodlist-dane\">\n\t\t<div class=\"prodlist-firma\">CIRCUTOR S.A.<\/div>\n\t\t<div class=\"prodlist-kraj\"><img decoding=\"async\" src=\"https:\/\/jupro-taim.pl\/jtpomiar\/wp-content\/uploads\/2017\/06\/es.png\" title=\"ES\" class=\"attachment-full\" \/> Hiszpania\n     \t \n      \t<\/div>\n\t\t<div class=\"prodlist-status\"><strong>Status Jupro-Taim:<\/strong><br \/>Autoryzowany Dystrybutor w Polsce<\/div>\n\t\t<div class=\"prodlist-grupy\"><strong>Grupy produktowe:<\/strong><br \/>Przyrz\u0105dy pomiarowe i kontrolne, Analizatory sieci elektrycznej, Liczniki energii , Zabezpieczenia i sterowanie, Przek\u0142adniki pr\u0105dowe, Kompensacja mocy biernej, Filtracja harmonicznych, Energie odnawialne<\/div>\n      \t<div class=\"prodlist-link\"><a href=\"https:\/\/jupro-taim.pl\/jtpomiar\/producenci\/circutor-sa\/\">Zobacz produkty &raquo;<\/a><\/div>\n  <\/div>\n  <div class=\"clr\"><\/div>\n<\/div>\n\t\n<div class=\"prodlist\">\n\t<div class=\"prodlist-logo\"><img decoding=\"async\" src=\"https:\/\/jupro-taim.pl\/jtpomiar\/wp-content\/uploads\/2017\/02\/rhoenik.jpg\" title=\"rhoenik\" class=\"attachment-full\" \/><\/div>\n\t<div class=\"prodlist-dane\">\n\t\t<div class=\"prodlist-firma\">RHEONIK MESSTECHNIK GMBH<\/div>\n\t\t<div class=\"prodlist-kraj\"><img decoding=\"async\" src=\"https:\/\/jupro-taim.pl\/jtpomiar\/wp-content\/uploads\/2017\/06\/de.png\" title=\"DE\" class=\"attachment-full\" \/> Niemcy\n     \t \n      \t<\/div>\n\t\t<div class=\"prodlist-status\"><strong>Status Jupro-Taim:<\/strong><br \/>Partner  Techniczno \u2013 Handlowy w Polsce<\/div>\n\t\t<div class=\"prodlist-grupy\"><strong>Grupy produktowe:<\/strong><br \/>Przep\u0142ywomierze masowe cieczy i gaz\u00f3w<\/div>\n      \t<div class=\"prodlist-link\"><a href=\"https:\/\/jupro-taim.pl\/jtpomiar\/producenci\/rheonik-messtechnik-gmbh\/\">Zobacz produkty &raquo;<\/a><\/div>\n  <\/div>\n  <div class=\"clr\"><\/div>\n<\/div>\n\t\n<div class=\"prodlist\">\n\t<div class=\"prodlist-logo\"><img decoding=\"async\" src=\"https:\/\/jupro-taim.pl\/jtpomiar\/wp-content\/uploads\/2017\/02\/setnag.jpg\" title=\"setnag\" class=\"attachment-full\" \/><\/div>\n\t<div class=\"prodlist-dane\">\n\t\t<div class=\"prodlist-firma\">SETNAG<\/div>\n\t\t<div class=\"prodlist-kraj\"><img decoding=\"async\" src=\"https:\/\/jupro-taim.pl\/jtpomiar\/wp-content\/uploads\/2017\/06\/fr.png\" title=\"FR\" class=\"attachment-full\" \/> Francja\n     \t \n      \t<\/div>\n\t\t<div class=\"prodlist-status\"><strong>Status Jupro-Taim:<\/strong><br \/>Autoryzowany Dystrybutor w Polsce<\/div>\n\t\t<div class=\"prodlist-grupy\"><strong>Grupy produktowe:<\/strong><br \/><p>Analizatory tlenu w gazach spalinowych i analizatory tlenu w gazach czystych<\/p><\/div>\n      \t<div class=\"prodlist-link\"><a href=\"https:\/\/jupro-taim.pl\/jtpomiar\/producenci\/setnag-2\/\">Zobacz produkty &raquo;<\/a><\/div>\n  <\/div>\n  <div class=\"clr\"><\/div>\n<\/div>\n\t\n<div class=\"prodlist\">\n\t<div class=\"prodlist-logo\"><img decoding=\"async\" src=\"https:\/\/jupro-taim.pl\/jtpomiar\/wp-content\/uploads\/2017\/02\/aplisens.jpg\" title=\"aplisens\" class=\"attachment-full\" \/><\/div>\n\t<div class=\"prodlist-dane\">\n\t\t<div class=\"prodlist-firma\">APLISENS S.A.<\/div>\n\t\t<div class=\"prodlist-kraj\"><img decoding=\"async\" src=\"https:\/\/jupro-taim.pl\/jtpomiar\/wp-content\/uploads\/2017\/06\/pl.png\" title=\"PL\" class=\"attachment-full\" \/> Polska\n     \t \n      \t<\/div>\n\t\t<div class=\"prodlist-status\"><strong>Status Jupro-Taim:<\/strong><br \/>Partner Techniczno-Handlowy w Polsce<\/div>\n\t\t<div class=\"prodlist-grupy\"><strong>Grupy produktowe:<\/strong><br \/>Przetworniki i czujniki ci\u015bnienia, Przetworniki i czujniki temperatury<\/div>\n      \t\n  <\/div>\n  <div class=\"clr\"><\/div>\n<\/div>\n\t\n<div class=\"prodlist\">\n\t<div class=\"prodlist-logo\"><img decoding=\"async\" src=\"https:\/\/jupro-taim.pl\/jtpomiar\/wp-content\/uploads\/2017\/02\/metronic.jpg\" title=\"metronic\" class=\"attachment-full\" \/><\/div>\n\t<div class=\"prodlist-dane\">\n\t\t<div class=\"prodlist-firma\">METRONIC AKP s.c.<\/div>\n\t\t<div class=\"prodlist-kraj\"><img decoding=\"async\" src=\"https:\/\/jupro-taim.pl\/jtpomiar\/wp-content\/uploads\/2017\/06\/pl.png\" title=\"PL\" class=\"attachment-full\" \/> Polska\n     \t \n      \t<\/div>\n\t\t<div class=\"prodlist-status\"><strong>Status Jupro-Taim:<\/strong><br \/>Partner Techniczno-Handlowy w Polsce<\/div>\n\t\t<div class=\"prodlist-grupy\"><strong>Grupy produktowe:<\/strong><br \/><p>Rejestratory i mierniki danych, Przeliczniki przep\u0142ywu i liczniki energii cieczy\/gaz\u00f3w<\/p><\/div>\n      \t<div class=\"prodlist-link\"><a href=\"https:\/\/jupro-taim.pl\/jtpomiar\/producenci\/metronic-akp\/\">Zobacz produkty &raquo;<\/a><\/div>\n  <\/div>\n  <div class=\"clr\"><\/div>\n<\/div>\n\t\n<div class=\"prodlist\">\n\t<div class=\"prodlist-logo\"><img decoding=\"async\" src=\"https:\/\/jupro-taim.pl\/jtpomiar\/wp-content\/uploads\/2017\/02\/krohne.jpg\" title=\"krohne\" class=\"attachment-full\" \/><\/div>\n\t<div class=\"prodlist-dane\">\n\t\t<div class=\"prodlist-firma\">KROHNE<\/div>\n\t\t<div class=\"prodlist-kraj\"><img decoding=\"async\" src=\"https:\/\/jupro-taim.pl\/jtpomiar\/wp-content\/uploads\/2017\/06\/de.png\" title=\"DE\" class=\"attachment-full\" \/> Niemcy\n     \t  &nbsp; \/ &nbsp; <img decoding=\"async\" src=\"https:\/\/jupro-taim.pl\/jtpomiar\/wp-content\/uploads\/2017\/06\/pl.png\" title=\"PL\" class=\"attachment-full\" \/> Polska\n      \t<\/div>\n\t\t<div class=\"prodlist-status\"><strong>Status Jupro-Taim:<\/strong><br \/>Partner  Techniczno \u2013 Handlowy w Polsce<\/div>\n\t\t<div class=\"prodlist-grupy\"><strong>Grupy produktowe:<\/strong><br \/>Przetworniki i czujniki poziomu, przep\u0142ywomierze elektromagnetyczne<\/div>\n      \t\n  <\/div>\n  <div class=\"clr\"><\/div>\n<\/div>\n\t\n<div class=\"prodlist\">\n\t<div class=\"prodlist-logo\"><img decoding=\"async\" src=\"https:\/\/jupro-taim.pl\/jtpomiar\/wp-content\/uploads\/2017\/02\/enko.jpg\" title=\"enko\" class=\"attachment-full\" \/><\/div>\n\t<div class=\"prodlist-dane\">\n\t\t<div class=\"prodlist-firma\">ENKO Pomiar Sp. z o.o.<\/div>\n\t\t<div class=\"prodlist-kraj\"><img decoding=\"async\" src=\"https:\/\/jupro-taim.pl\/jtpomiar\/wp-content\/uploads\/2017\/06\/pl.png\" title=\"PL\" class=\"attachment-full\" \/> Polska\n     \t \n      \t<\/div>\n\t\t<div class=\"prodlist-status\"><strong>Status Jupro-Taim:<\/strong><br \/>Partner Techniczno-Handlowy w Polsce<\/div>\n\t\t<div class=\"prodlist-grupy\"><strong>Grupy produktowe:<\/strong><br \/>Przep\u0142ywomierze elektromagnetyczne<\/div>\n      \t\n  <\/div>\n  <div class=\"clr\"><\/div>\n<\/div>\n\t\n\t\n\t\n\t\n<\/div>\n\n<p>Oferujemy r\u00f3wnie\u017c produkty tak znanych firm jak:<\/p>\n<div class=\"su-row logotypy_oferta\">\n <div class=\"su-column su-column-size-1-4\"><div class=\"su-column-inner su-u-clearfix su-u-trim\"> <br \/>\n <div class=\"su-animate\" style=\"opacity:0;-webkit-animation-duration:1s;-webkit-animation-delay:0.3s;animation-duration:1s;animation-delay:0.3s;\" data-animation=\"fadeInDown\" data-duration=\"1\" data-delay=\"0.3\">\n<p><a href=\"http:\/\/new.abb.com\/pl\"><img decoding=\"async\" class=\"aligncenter size-full wp-image-576\" src=\"https:\/\/jupro-taim.pl\/jtpomiar\/wp-content\/uploads\/2017\/02\/abb-logotyp.jpg\" alt=\"\" width=\"185\" height=\"79\" \/><\/a><\/p>\n<\/div>\n <\/div><\/div>\n <div class=\"su-column su-column-size-1-4\"><div class=\"su-column-inner su-u-clearfix su-u-trim\"> <br \/>\n <div class=\"su-animate\" style=\"opacity:0;-webkit-animation-duration:1s;-webkit-animation-delay:0.3s;animation-duration:1s;animation-delay:0.3s;\" data-animation=\"fadeInDown\" data-duration=\"1\" data-delay=\"0.3\">\n<p><a href=\"http:\/\/www.schneider-electric.pl\/pl\/\"><img decoding=\"async\" class=\"aligncenter size-full wp-image-577\" src=\"https:\/\/jupro-taim.pl\/jtpomiar\/wp-content\/uploads\/2017\/02\/schneider-logotyp.jpg\" alt=\"\" width=\"185\" height=\"79\" \/><\/a><\/p>\n<\/div>\n <\/div><\/div><div class=\"su-column su-column-size-1-4\"><div class=\"su-column-inner su-u-clearfix su-u-trim\"> <br \/>\n <div class=\"su-animate\" style=\"opacity:0;-webkit-animation-duration:1s;-webkit-animation-delay:0.6s;animation-duration:1s;animation-delay:0.6s;\" data-animation=\"fadeInDown\" data-duration=\"1\" data-delay=\"0.6\">\n<p><a href=\"https:\/\/www.sick.com\/\"><img decoding=\"async\" class=\"aligncenter size-full wp-image-580\" src=\"https:\/\/jupro-taim.pl\/jtpomiar\/wp-content\/uploads\/2017\/02\/sick-logotyp.jpg\" alt=\"\" width=\"185\" height=\"79\" \/><\/a><\/p>\n<\/div>\n <\/div><\/div>\n <div class=\"su-column su-column-size-1-4\"><div class=\"su-column-inner su-u-clearfix su-u-trim\"> <br \/>\n <div class=\"su-animate\" style=\"opacity:0;-webkit-animation-duration:1s;-webkit-animation-delay:0.6s;animation-duration:1s;animation-delay:0.6s;\" data-animation=\"fadeInDown\" data-duration=\"1\" data-delay=\"0.6\">\n<p><a href=\"https:\/\/www.siemens.com\/\"><img loading=\"lazy\" decoding=\"async\" class=\"aligncenter size-full wp-image-581\" src=\"https:\/\/jupro-taim.pl\/jtpomiar\/wp-content\/uploads\/2017\/02\/siemens-logotyp.jpg\" alt=\"\" width=\"185\" height=\"79\" \/><\/a><\/p>\n<\/div>\n <\/div><\/div>\n <\/div>\n <div class=\"su-row logotypy_oferta\">\n <div class=\"su-column su-column-size-1-4\"><div class=\"su-column-inner su-u-clearfix su-u-trim\"> <br \/>\n <div class=\"su-animate\" style=\"opacity:0;-webkit-animation-duration:1s;-webkit-animation-delay:0.9s;animation-duration:1s;animation-delay:0.9s;\" data-animation=\"fadeInDown\" data-duration=\"1\" data-delay=\"0.9\">\n<p><a href=\"http:\/\/www.rectus.pl\/\"><img loading=\"lazy\" decoding=\"async\" class=\"aligncenter size-full wp-image-582\" src=\"https:\/\/jupro-taim.pl\/jtpomiar\/wp-content\/uploads\/2017\/02\/rectus.jpg\" alt=\"\" width=\"185\" height=\"79\" \/><\/a><\/p>\n<\/div>\n <\/div><\/div>\n <div class=\"su-column su-column-size-1-4\"><div class=\"su-column-inner su-u-clearfix su-u-trim\"> <br \/>\n <div class=\"su-animate\" style=\"opacity:0;-webkit-animation-duration:1s;-webkit-animation-delay:0.9s;animation-duration:1s;animation-delay:0.9s;\" data-animation=\"fadeInDown\" data-duration=\"1\" data-delay=\"0.9\">\n<p><a href=\"https:\/\/www.festo.com\/\"><img loading=\"lazy\" decoding=\"async\" class=\"aligncenter size-full wp-image-583\" src=\"https:\/\/jupro-taim.pl\/jtpomiar\/wp-content\/uploads\/2017\/02\/festo.jpg\" alt=\"\" width=\"185\" height=\"79\" \/><\/a><\/p>\n<\/div>\n <\/div><\/div><div class=\"su-column su-column-size-1-4\"><div class=\"su-column-inner su-u-clearfix su-u-trim\"> <br \/>\n <div class=\"su-animate\" style=\"opacity:0;-webkit-animation-duration:1s;-webkit-animation-delay:0.9s;animation-duration:1s;animation-delay:0.9s;\" data-animation=\"fadeInDown\" data-duration=\"1\" data-delay=\"0.9\">\n<p><a href=\"https:\/\/jupro-taim.pl\/jtpomiar\/producenci\/sonel\/\"><img loading=\"lazy\" decoding=\"async\" class=\"aligncenter size-full wp-image-786\" src=\"https:\/\/jupro-taim.pl\/jtpomiar\/wp-content\/uploads\/2017\/06\/sonel-logo.jpg\" alt=\"\" width=\"185\" height=\"79\" \/><\/a><\/p>\n<\/div>\n <\/div><\/div>\n <\/div>\n","protected":false},"excerpt":{"rendered":"<p>Jupro-Taim Pomiar wsp\u00f3\u0142pracuje i oferuje rozwi\u0105zania oraz aparatur\u0119 czo\u0142owych producent\u00f3w z kraju i zagranicy m.in.: Oferujemy r\u00f3wnie\u017c produkty tak znanych firm jak:<\/p>\n","protected":false},"author":1,"featured_media":0,"parent":0,"menu_order":0,"comment_status":"closed","ping_status":"closed","template":"","meta":{"footnotes":""},"class_list":["post-20","page","type-page","status-publish","hentry"],"yoast_head":"<!-- This site is optimized with the Yoast SEO plugin v26.1.1 - https:\/\/yoast.com\/wordpress\/plugins\/seo\/ -->\n<title>Producenci - Jupro Taim Pomiar<\/title>\n<meta name=\"description\" content=\"Jupro-Taim Pomiar wsp\u00f3\u0142pracuje i oferuje rozwi\u0105zania oraz aparatur\u0119 czo\u0142owych producent\u00f3w z kraju i zagranicy m.in.: Oferujemy r\u00f3wnie\u017c produkty tak\" \/>\n<meta name=\"robots\" content=\"index, follow, max-snippet:-1, max-image-preview:large, max-video-preview:-1\" \/>\n<link rel=\"canonical\" href=\"https:\/\/jupro-taim.pl\/jtpomiar\/producenci\/\" \/>\n<meta property=\"og:locale\" content=\"pl_PL\" \/>\n<meta property=\"og:type\" content=\"article\" \/>\n<meta property=\"og:title\" content=\"Producenci - Jupro Taim Pomiar\" \/>\n<meta property=\"og:description\" content=\"Jupro-Taim Pomiar wsp\u00f3\u0142pracuje i oferuje rozwi\u0105zania oraz aparatur\u0119 czo\u0142owych producent\u00f3w z kraju i zagranicy m.in.: Oferujemy r\u00f3wnie\u017c produkty tak\" \/>\n<meta property=\"og:url\" content=\"https:\/\/jupro-taim.pl\/jtpomiar\/producenci\/\" \/>\n<meta property=\"og:site_name\" content=\"Jupro Taim Pomiar\" \/>\n<meta property=\"article:modified_time\" content=\"2017-07-07T11:30:51+00:00\" \/>\n<meta property=\"og:image\" content=\"https:\/\/jupro-taim.pl\/jtpomiar\/wp-content\/uploads\/2017\/02\/abb-logotyp.jpg\" \/>\n<meta name=\"twitter:card\" content=\"summary_large_image\" \/>\n<meta name=\"twitter:label1\" content=\"Szacowany czas czytania\" \/>\n\t<meta name=\"twitter:data1\" content=\"1 minuta\" \/>\n<script type=\"application\/ld+json\" class=\"yoast-schema-graph\">{\"@context\":\"https:\/\/schema.org\",\"@graph\":[{\"@type\":\"WebPage\",\"@id\":\"https:\/\/jupro-taim.pl\/jtpomiar\/producenci\/\",\"url\":\"https:\/\/jupro-taim.pl\/jtpomiar\/producenci\/\",\"name\":\"Producenci - Jupro Taim Pomiar\",\"isPartOf\":{\"@id\":\"https:\/\/jupro-taim.pl\/jtpomiar\/#website\"},\"primaryImageOfPage\":{\"@id\":\"https:\/\/jupro-taim.pl\/jtpomiar\/producenci\/#primaryimage\"},\"image\":{\"@id\":\"https:\/\/jupro-taim.pl\/jtpomiar\/producenci\/#primaryimage\"},\"thumbnailUrl\":\"https:\/\/jupro-taim.pl\/jtpomiar\/wp-content\/uploads\/2017\/02\/abb-logotyp.jpg\",\"datePublished\":\"2017-02-28T13:30:23+00:00\",\"dateModified\":\"2017-07-07T11:30:51+00:00\",\"description\":\"Jupro-Taim Pomiar wsp\u00f3\u0142pracuje i oferuje rozwi\u0105zania oraz aparatur\u0119 czo\u0142owych producent\u00f3w z kraju i zagranicy m.in.: Oferujemy r\u00f3wnie\u017c produkty tak\",\"breadcrumb\":{\"@id\":\"https:\/\/jupro-taim.pl\/jtpomiar\/producenci\/#breadcrumb\"},\"inLanguage\":\"pl-PL\",\"potentialAction\":[{\"@type\":\"ReadAction\",\"target\":[\"https:\/\/jupro-taim.pl\/jtpomiar\/producenci\/\"]}]},{\"@type\":\"ImageObject\",\"inLanguage\":\"pl-PL\",\"@id\":\"https:\/\/jupro-taim.pl\/jtpomiar\/producenci\/#primaryimage\",\"url\":\"https:\/\/jupro-taim.pl\/jtpomiar\/wp-content\/uploads\/2017\/02\/abb-logotyp.jpg\",\"contentUrl\":\"https:\/\/jupro-taim.pl\/jtpomiar\/wp-content\/uploads\/2017\/02\/abb-logotyp.jpg\",\"width\":185,\"height\":79},{\"@type\":\"BreadcrumbList\",\"@id\":\"https:\/\/jupro-taim.pl\/jtpomiar\/producenci\/#breadcrumb\",\"itemListElement\":[{\"@type\":\"ListItem\",\"position\":1,\"name\":\"Strona g\u0142\u00f3wna\",\"item\":\"https:\/\/jupro-taim.pl\/jtpomiar\/\"},{\"@type\":\"ListItem\",\"position\":2,\"name\":\"Producenci\"}]},{\"@type\":\"WebSite\",\"@id\":\"https:\/\/jupro-taim.pl\/jtpomiar\/#website\",\"url\":\"https:\/\/jupro-taim.pl\/jtpomiar\/\",\"name\":\"Jupro Taim Pomiar\",\"description\":\"Kompleksowe rozwi\u0105zania dla przemys\u0142u\",\"publisher\":{\"@id\":\"https:\/\/jupro-taim.pl\/jtpomiar\/#organization\"},\"potentialAction\":[{\"@type\":\"SearchAction\",\"target\":{\"@type\":\"EntryPoint\",\"urlTemplate\":\"https:\/\/jupro-taim.pl\/jtpomiar\/?s={search_term_string}\"},\"query-input\":{\"@type\":\"PropertyValueSpecification\",\"valueRequired\":true,\"valueName\":\"search_term_string\"}}],\"inLanguage\":\"pl-PL\"},{\"@type\":\"Organization\",\"@id\":\"https:\/\/jupro-taim.pl\/jtpomiar\/#organization\",\"name\":\"Jupro Taim K.Krawczy\u0144ska i S-ka Sp.J.\",\"url\":\"https:\/\/jupro-taim.pl\/jtpomiar\/\",\"logo\":{\"@type\":\"ImageObject\",\"inLanguage\":\"pl-PL\",\"@id\":\"https:\/\/jupro-taim.pl\/jtpomiar\/#\/schema\/logo\/image\/\",\"url\":\"https:\/\/jupro-taim.pl\/jtpomiar\/wp-content\/uploads\/2017\/08\/juprotaim_pomiar.jpg\",\"contentUrl\":\"https:\/\/jupro-taim.pl\/jtpomiar\/wp-content\/uploads\/2017\/08\/juprotaim_pomiar.jpg\",\"width\":520,\"height\":145,\"caption\":\"Jupro Taim K.Krawczy\u0144ska i S-ka Sp.J.\"},\"image\":{\"@id\":\"https:\/\/jupro-taim.pl\/jtpomiar\/#\/schema\/logo\/image\/\"}}]}<\/script>\n<!-- \/ Yoast SEO plugin. -->","yoast_head_json":{"title":"Producenci - Jupro Taim Pomiar","description":"Jupro-Taim Pomiar wsp\u00f3\u0142pracuje i oferuje rozwi\u0105zania oraz aparatur\u0119 czo\u0142owych producent\u00f3w z kraju i zagranicy m.in.: Oferujemy r\u00f3wnie\u017c produkty tak","robots":{"index":"index","follow":"follow","max-snippet":"max-snippet:-1","max-image-preview":"max-image-preview:large","max-video-preview":"max-video-preview:-1"},"canonical":"https:\/\/jupro-taim.pl\/jtpomiar\/producenci\/","og_locale":"pl_PL","og_type":"article","og_title":"Producenci - Jupro Taim Pomiar","og_description":"Jupro-Taim Pomiar wsp\u00f3\u0142pracuje i oferuje rozwi\u0105zania oraz aparatur\u0119 czo\u0142owych producent\u00f3w z kraju i zagranicy m.in.: Oferujemy r\u00f3wnie\u017c produkty tak","og_url":"https:\/\/jupro-taim.pl\/jtpomiar\/producenci\/","og_site_name":"Jupro Taim Pomiar","article_modified_time":"2017-07-07T11:30:51+00:00","og_image":[{"url":"https:\/\/jupro-taim.pl\/jtpomiar\/wp-content\/uploads\/2017\/02\/abb-logotyp.jpg","type":"","width":"","height":""}],"twitter_card":"summary_large_image","twitter_misc":{"Szacowany czas czytania":"1 minuta"},"schema":{"@context":"https:\/\/schema.org","@graph":[{"@type":"WebPage","@id":"https:\/\/jupro-taim.pl\/jtpomiar\/producenci\/","url":"https:\/\/jupro-taim.pl\/jtpomiar\/producenci\/","name":"Producenci - Jupro Taim Pomiar","isPartOf":{"@id":"https:\/\/jupro-taim.pl\/jtpomiar\/#website"},"primaryImageOfPage":{"@id":"https:\/\/jupro-taim.pl\/jtpomiar\/producenci\/#primaryimage"},"image":{"@id":"https:\/\/jupro-taim.pl\/jtpomiar\/producenci\/#primaryimage"},"thumbnailUrl":"https:\/\/jupro-taim.pl\/jtpomiar\/wp-content\/uploads\/2017\/02\/abb-logotyp.jpg","datePublished":"2017-02-28T13:30:23+00:00","dateModified":"2017-07-07T11:30:51+00:00","description":"Jupro-Taim Pomiar wsp\u00f3\u0142pracuje i oferuje rozwi\u0105zania oraz aparatur\u0119 czo\u0142owych producent\u00f3w z kraju i zagranicy m.in.: Oferujemy r\u00f3wnie\u017c produkty tak","breadcrumb":{"@id":"https:\/\/jupro-taim.pl\/jtpomiar\/producenci\/#breadcrumb"},"inLanguage":"pl-PL","potentialAction":[{"@type":"ReadAction","target":["https:\/\/jupro-taim.pl\/jtpomiar\/producenci\/"]}]},{"@type":"ImageObject","inLanguage":"pl-PL","@id":"https:\/\/jupro-taim.pl\/jtpomiar\/producenci\/#primaryimage","url":"https:\/\/jupro-taim.pl\/jtpomiar\/wp-content\/uploads\/2017\/02\/abb-logotyp.jpg","contentUrl":"https:\/\/jupro-taim.pl\/jtpomiar\/wp-content\/uploads\/2017\/02\/abb-logotyp.jpg","width":185,"height":79},{"@type":"BreadcrumbList","@id":"https:\/\/jupro-taim.pl\/jtpomiar\/producenci\/#breadcrumb","itemListElement":[{"@type":"ListItem","position":1,"name":"Strona g\u0142\u00f3wna","item":"https:\/\/jupro-taim.pl\/jtpomiar\/"},{"@type":"ListItem","position":2,"name":"Producenci"}]},{"@type":"WebSite","@id":"https:\/\/jupro-taim.pl\/jtpomiar\/#website","url":"https:\/\/jupro-taim.pl\/jtpomiar\/","name":"Jupro Taim Pomiar","description":"Kompleksowe rozwi\u0105zania dla przemys\u0142u","publisher":{"@id":"https:\/\/jupro-taim.pl\/jtpomiar\/#organization"},"potentialAction":[{"@type":"SearchAction","target":{"@type":"EntryPoint","urlTemplate":"https:\/\/jupro-taim.pl\/jtpomiar\/?s={search_term_string}"},"query-input":{"@type":"PropertyValueSpecification","valueRequired":true,"valueName":"search_term_string"}}],"inLanguage":"pl-PL"},{"@type":"Organization","@id":"https:\/\/jupro-taim.pl\/jtpomiar\/#organization","name":"Jupro Taim K.Krawczy\u0144ska i S-ka Sp.J.","url":"https:\/\/jupro-taim.pl\/jtpomiar\/","logo":{"@type":"ImageObject","inLanguage":"pl-PL","@id":"https:\/\/jupro-taim.pl\/jtpomiar\/#\/schema\/logo\/image\/","url":"https:\/\/jupro-taim.pl\/jtpomiar\/wp-content\/uploads\/2017\/08\/juprotaim_pomiar.jpg","contentUrl":"https:\/\/jupro-taim.pl\/jtpomiar\/wp-content\/uploads\/2017\/08\/juprotaim_pomiar.jpg","width":520,"height":145,"caption":"Jupro Taim K.Krawczy\u0144ska i S-ka Sp.J."},"image":{"@id":"https:\/\/jupro-taim.pl\/jtpomiar\/#\/schema\/logo\/image\/"}}]}},"_links":{"self":[{"href":"https:\/\/jupro-taim.pl\/jtpomiar\/wp-json\/wp\/v2\/pages\/20","targetHints":{"allow":["GET"]}}],"collection":[{"href":"https:\/\/jupro-taim.pl\/jtpomiar\/wp-json\/wp\/v2\/pages"}],"about":[{"href":"https:\/\/jupro-taim.pl\/jtpomiar\/wp-json\/wp\/v2\/types\/page"}],"author":[{"embeddable":true,"href":"https:\/\/jupro-taim.pl\/jtpomiar\/wp-json\/wp\/v2\/users\/1"}],"replies":[{"embeddable":true,"href":"https:\/\/jupro-taim.pl\/jtpomiar\/wp-json\/wp\/v2\/comments?post=20"}],"version-history":[{"count":0,"href":"https:\/\/jupro-taim.pl\/jtpomiar\/wp-json\/wp\/v2\/pages\/20\/revisions"}],"wp:attachment":[{"href":"https:\/\/jupro-taim.pl\/jtpomiar\/wp-json\/wp\/v2\/media?parent=20"}],"curies":[{"name":"wp","href":"https:\/\/api.w.org\/{rel}","templated":true}]}}