{"id":1596,"date":"2025-07-30T19:03:54","date_gmt":"2025-07-30T17:03:54","guid":{"rendered":"https:\/\/jupro-taim.pl\/jtpomiar\/?page_id=1596"},"modified":"2025-07-30T19:17:09","modified_gmt":"2025-07-30T17:17:09","slug":"pomiary-procesowe-2","status":"publish","type":"page","link":"https:\/\/jupro-taim.pl\/jtpomiar\/pomiary-procesowe-2\/","title":{"rendered":"Pomiary procesowe"},"content":{"rendered":"<div class=\"wp-block-image\">\n<figure class=\"alignleft\"><img decoding=\"async\" width=\"62\" height=\"62\" src=\"https:\/\/jupro-taim.pl\/jtpomiar\/wp-content\/uploads\/2017\/03\/pomiary-procesowe2.png\" alt=\"\" class=\"wp-image-143\"\/><\/figure>\n<\/div>\n\n\n<p><a href=\"https:\/\/jupro-taim.pl\/jtpomiar\/kategorie-produktu\/oferta\/pomiary-procesowe\/wilgotnosc\/\">Wilgotno\u015b\u0107 i punkt rosy<\/a><br><a href=\"https:\/\/jupro-taim.pl\/jtpomiar\/kategorie-produktu\/oferta\/pomiary-procesowe\/wilgotnosc\/analizatory-wilgotnosci\/\">Wilgotno\u015bciomierze, higrometry<\/a>&nbsp; \/ &nbsp;<a href=\"https:\/\/jupro-taim.pl\/jtpomiar\/kategorie-produktu\/oferta\/pomiary-procesowe\/wilgotnosc\/sondy-i-przetworniki\/\">Sondy i przetworniki<\/a> &nbsp;\/ &nbsp;<a href=\"https:\/\/jupro-taim.pl\/jtpomiar\/kategorie-produktu\/oferta\/pomiary-procesowe\/wilgotnosc\/systemy-probkowania\/\">Systemy pr\u00f3bkowania<\/a> &nbsp;\/ &nbsp;<a href=\"https:\/\/jupro-taim.pl\/jtpomiar\/kategorie-produktu\/oferta\/pomiary-procesowe\/wilgotnosc\/systemy-kalibracyjne\/\">Systemy kalibracyjne<\/a><\/p>\n\n\n<div class=\"wp-block-image\">\n<figure class=\"alignleft\"><img decoding=\"async\" width=\"62\" height=\"62\" src=\"https:\/\/jupro-taim.pl\/jtpomiar\/wp-content\/uploads\/2017\/03\/pomiary-procesowe1.png\" alt=\"\" class=\"wp-image-141\"\/><\/figure>\n<\/div>\n\n\n<p><a href=\"https:\/\/jupro-taim.pl\/jtpomiar\/kategorie-produktu\/oferta\/pomiary-procesowe\/przeplywomierze-dla-cieczy\/\">Przep\u0142yw cieczy<\/a><br><a href=\"https:\/\/jupro-taim.pl\/jtpomiar\/kategorie-produktu\/oferta\/pomiary-procesowe\/przeplywomierze-dla-cieczy\/przeplywomierze-ultradzwiekowe-przeplywomierze-dla-cieczy\/\">Przep\u0142ywomierze ultrad\u017awi\u0119kowe<\/a> &nbsp;\/ &nbsp;<a href=\"https:\/\/jupro-taim.pl\/jtpomiar\/kategorie-produktu\/oferta\/pomiary-procesowe\/przeplywomierze-dla-cieczy\/przeplywomierze-wirowe-vortex-przeplywomierze-dla-cieczy\/\">Przep\u0142ywomierze wirowe (Vortex)<\/a> &nbsp;\/ &nbsp;<a href=\"https:\/\/jupro-taim.pl\/jtpomiar\/kategorie-produktu\/oferta\/pomiary-procesowe\/przeplywomierze-dla-cieczy\/przeplywomierze-masowe\/\">Przep\u0142ywomierze masowe<\/a> &nbsp;\/ &nbsp;<a href=\"https:\/\/jupro-taim.pl\/jtpomiar\/kategorie-produktu\/oferta\/pomiary-procesowe\/przeplywomierze-dla-cieczy\/przeplywomierze-masowe-coriolisa-przeplywomierze-dla-cieczy\/\">Przep\u0142ywomierze masowe (Coriolisa)<\/a> &nbsp;\/ &nbsp;<a href=\"https:\/\/jupro-taim.pl\/jtpomiar\/kategorie-produktu\/oferta\/pomiary-procesowe\/przeplywomierze-dla-cieczy\/przeplywomierze-elektromagnetyczne\/\">Przep\u0142ywomierze elektromagnetyczne<\/a> &nbsp;\/ &nbsp;<a href=\"https:\/\/jupro-taim.pl\/jtpomiar\/kategorie-produktu\/oferta\/pomiary-procesowe\/przeplywomierze-dla-cieczy\/rotametry\/\">Rotametry<\/a><\/p>\n\n\n<div class=\"wp-block-image\">\n<figure class=\"alignleft\"><img decoding=\"async\" src=\"https:\/\/jupro-taim.pl\/jtpomiar\/wp-content\/uploads\/2017\/03\/pomiary-procesowe3.png\" alt=\"\" class=\"wp-image-143\"\/><\/figure>\n<\/div>\n\n\n<p><a href=\"https:\/\/jupro-taim.pl\/jtpomiar\/kategorie-produktu\/oferta\/pomiary-procesowe\/przeplywomierze-dla-gazow-i-pary-wodnej\/\">Przep\u0142yw gaz\u00f3w i pary wodnej<\/a><br><a href=\"https:\/\/jupro-taim.pl\/jtpomiar\/kategorie-produktu\/oferta\/pomiary-procesowe\/przeplywomierze-dla-gazow-i-pary-wodnej\/przeplywomierze-ultradzwiekowe\/\">Przep\u0142ywomierze ultrad\u017awi\u0119kowe<\/a> &nbsp;\/ &nbsp;<a href=\"https:\/\/jupro-taim.pl\/jtpomiar\/kategorie-produktu\/oferta\/pomiary-procesowe\/przeplywomierze-dla-gazow-i-pary-wodnej\/przeplywomierze-wirowe-vortex\/\">Przep\u0142ywomierze wirowe (Vortex)<\/a> &nbsp;\/ &nbsp;<a href=\"https:\/\/jupro-taim.pl\/jtpomiar\/kategorie-produktu\/oferta\/pomiary-procesowe\/przeplywomierze-dla-gazow-i-pary-wodnej\/przeplywomierze-masowe-przeplywomierze-dla-gazow-i-pary-wodnej\/\">Przep\u0142ywomierze masowe<\/a> &nbsp;\/ &nbsp;<a href=\"https:\/\/jupro-taim.pl\/jtpomiar\/kategorie-produktu\/oferta\/pomiary-procesowe\/przeplywomierze-dla-gazow-i-pary-wodnej\/przeplywomierze-masowe-coriolisa\/\">Przep\u0142ywomierze masowe (Coriolisa)<\/a> &nbsp;\/ &nbsp;<a href=\"https:\/\/jupro-taim.pl\/jtpomiar\/kategorie-produktu\/oferta\/pomiary-procesowe\/przeplywomierze-dla-gazow-i-pary-wodnej\/rotametry-przeplywomierze-dla-gazow-i-pary-wodnej\/\">Rotametry<\/a><\/p>\n\n\n<div class=\"wp-block-image\">\n<figure class=\"alignleft\"><img decoding=\"async\" width=\"62\" height=\"62\" src=\"https:\/\/jupro-taim.pl\/jtpomiar\/wp-content\/uploads\/2017\/06\/ikon-analiza-gazow.png\" alt=\"\" class=\"wp-image-849\"\/><\/figure>\n<\/div>\n\n\n<p><a href=\"https:\/\/jupro-taim.pl\/jtpomiar\/kategorie-produktu\/oferta\/pomiary-procesowe\/analizatory-gazow\/\">Gazy &#8211; analiza i detekcja<\/a><br><a href=\"https:\/\/jupro-taim.pl\/jtpomiar\/kategorie-produktu\/oferta\/pomiary-procesowe\/analizatory-gazow\/tlen-analizatory-setnag\/\">Tlen &#8211; Analizatory SETNAG<\/a> &nbsp;\/ &nbsp;<a href=\"https:\/\/jupro-taim.pl\/jtpomiar\/kategorie-produktu\/oferta\/pomiary-procesowe\/analizatory-gazow\/analizatoryprzetworniki-tlenu-oraz-tlenu-w-spalinach\/\">Analizatory\/przetworniki tlenu oraz tlenu w spalinach<\/a> &nbsp;\/ &nbsp;<a href=\"https:\/\/jupro-taim.pl\/jtpomiar\/kategorie-produktu\/oferta\/pomiary-procesowe\/analizatory-gazow\/przetwornikiwyswietlacze-stezenia-gazow\/\">Przetworniki\/wy\u015bwietlacze st\u0119\u017cenia gaz\u00f3w<\/a> &nbsp;\/ &nbsp;<a href=\"https:\/\/jupro-taim.pl\/jtpomiar\/kategorie-produktu\/oferta\/pomiary-procesowe\/analizatory-gazow\/systemy-probkowania-analizatory-gazow\/\">Systemy pr\u00f3bkowania<\/a><\/p>\n\n\n<div class=\"wp-block-image\">\n<figure class=\"alignleft\"><img decoding=\"async\" src=\"https:\/\/jupro-taim.pl\/jtpomiar\/wp-content\/uploads\/2018\/08\/ikonka-poziomy.png\" alt=\"\" class=\"wp-image-144\"\/><\/figure>\n<\/div>\n\n\n<p><a href=\"https:\/\/jupro-taim.pl\/jtpomiar\/kategorie-produktu\/oferta\/pomiary-procesowe\/poziomy\/\">Poziomy<\/a><br><a href=\"https:\/\/jupro-taim.pl\/jtpomiar\/kategorie-produktu\/oferta\/pomiary-procesowe\/poziomy\/sygnalizatory\/\">Sygnalizatory<\/a>&nbsp; \/ &nbsp;<a href=\"https:\/\/jupro-taim.pl\/jtpomiar\/kategorie-produktu\/oferta\/pomiary-procesowe\/poziomy\/pomiary-hydrostatyczne\/\">Pomiary hydrostatyczne<\/a>&nbsp; \/ &nbsp;<a href=\"https:\/\/jupro-taim.pl\/jtpomiar\/kategorie-produktu\/oferta\/pomiary-procesowe\/poziomy\/pomiary-pojemnosciowe\/\">Pomiary pojemno\u015bciowe<\/a>&nbsp; \/ &nbsp;<a href=\"https:\/\/jupro-taim.pl\/jtpomiar\/kategorie-produktu\/oferta\/pomiary-procesowe\/poziomy\/pomiary-radarowe\/\">Pomiary radarowe<\/a>&nbsp; \/ &nbsp;<a href=\"https:\/\/jupro-taim.pl\/jtpomiar\/kategorie-produktu\/oferta\/pomiary-procesowe\/poziomy\/pomiary-ultradzwiekowe\/\">Pomiary ultrad\u017awi\u0119kowe<\/a><\/p>\n\n\n<div class=\"wp-block-image\">\n<figure class=\"alignleft\"><img loading=\"lazy\" decoding=\"async\" width=\"62\" height=\"62\" src=\"https:\/\/jupro-taim.pl\/jtpomiar\/wp-content\/uploads\/2017\/03\/pomiary-procesowe4.png\" alt=\"\" class=\"wp-image-144\"\/><\/figure>\n<\/div>\n\n\n<p><a href=\"https:\/\/jupro-taim.pl\/jtpomiar\/kategorie-produktu\/oferta\/pomiary-procesowe\/cisnienie\/\">Ci\u015bnienie<\/a><br><a href=\"https:\/\/jupro-taim.pl\/jtpomiar\/kategorie-produktu\/oferta\/pomiary-procesowe\/cisnienie\/przetworniki-i-czujniki-cisnienia\/\">Przetworniki i czujniki ci\u015bnienia<\/a>&nbsp; \/ &nbsp;<a href=\"https:\/\/jupro-taim.pl\/jtpomiar\/kategorie-produktu\/oferta\/pomiary-procesowe\/cisnienie\/kalibratory-przenosne\/\">Kalibratory przeno\u015bne<\/a>&nbsp; \/ &nbsp;<a href=\"https:\/\/jupro-taim.pl\/jtpomiar\/kategorie-produktu\/oferta\/pomiary-procesowe\/cisnienie\/moduly-cisnienia\/\">Modu\u0142y ci\u015bnienia<\/a>&nbsp; \/ &nbsp;<a href=\"https:\/\/jupro-taim.pl\/jtpomiar\/kategorie-produktu\/oferta\/pomiary-procesowe\/cisnienie\/kalibratory-stacjonarne\/\">Kalibratory stacjonarne<\/a>&nbsp; \/ &nbsp;<a href=\"https:\/\/jupro-taim.pl\/jtpomiar\/kategorie-produktu\/oferta\/pomiary-procesowe\/cisnienie\/pompki-i-praski-kalibracyjne\/\">Pompki i praski kalibracyjne<\/a><\/p>\n\n\n<div class=\"wp-block-image\">\n<figure class=\"alignleft\"><img loading=\"lazy\" decoding=\"async\" width=\"62\" height=\"62\" src=\"https:\/\/jupro-taim.pl\/jtpomiar\/wp-content\/uploads\/2017\/03\/pomiary-procesowe5.png\" alt=\"\" class=\"wp-image-145\"\/><\/figure>\n<\/div>\n\n\n<p><a href=\"https:\/\/jupro-taim.pl\/jtpomiar\/kategorie-produktu\/oferta\/pomiary-procesowe\/temperatura\/\">Temperatura<\/a><br><a href=\"https:\/\/jupro-taim.pl\/jtpomiar\/kategorie-produktu\/oferta\/pomiary-procesowe\/temperatura\/kalibratory-przenosne-temperatura\/\">Kalibratory przeno\u015bne<\/a> &nbsp;\/ &nbsp;<a href=\"https:\/\/jupro-taim.pl\/jtpomiar\/kategorie-produktu\/oferta\/pomiary-procesowe\/temperatura\/przetworniki-i-czujniki-temperatury\/\">Przetworniki i czujniki temperatury<\/a><\/p>\n\n\n<div class=\"wp-block-image\">\n<figure class=\"alignleft\"><img loading=\"lazy\" decoding=\"async\" width=\"62\" height=\"62\" src=\"https:\/\/jupro-taim.pl\/jtpomiar\/wp-content\/uploads\/2017\/06\/ikon-przeliczniki-energii.png\" alt=\"\" class=\"wp-image-848\"\/><\/figure>\n<\/div>\n\n\n<p><a href=\"https:\/\/jupro-taim.pl\/jtpomiar\/kategorie-produktu\/oferta\/pomiary-procesowe\/przeliczniki-przeplywu-i-energii\/\">Przeliczniki przep\u0142ywu i energii<\/a><\/p>\n\n\n<div class=\"wp-block-image\">\n<figure class=\"alignleft\"><img loading=\"lazy\" decoding=\"async\" width=\"62\" height=\"62\" src=\"https:\/\/jupro-taim.pl\/jtpomiar\/wp-content\/uploads\/2017\/06\/ikon-oprogramowanie.png\" alt=\"\" class=\"wp-image-846\"\/><\/figure>\n<\/div>\n\n\n<p><a href=\"https:\/\/jupro-taim.pl\/jtpomiar\/kategorie-produktu\/oferta\/pomiary-procesowe\/oprogramowanie\/\">Oprogramowanie<\/a><br><a href=\"https:\/\/jupro-taim.pl\/jtpomiar\/produkt\/oprogramowanie\/intecal\/\">Intecal<\/a> &nbsp;\/ &nbsp;<a href=\"https:\/\/jupro-taim.pl\/jtpomiar\/produkt\/oprogramowanie\/panaview\/\">PanaView<\/a><\/p>\n\n\n<div class=\"wp-block-image\">\n<figure class=\"alignleft\"><img loading=\"lazy\" decoding=\"async\" width=\"62\" height=\"62\" src=\"https:\/\/jupro-taim.pl\/jtpomiar\/wp-content\/uploads\/2017\/06\/ikon-aplikacje.png\" alt=\"\" class=\"wp-image-847\"\/><\/figure>\n<\/div>\n\n\n<p><a href=\"https:\/\/jupro-taim.pl\/jtpomiar\/kategorie-produktu\/oferta\/pomiary-procesowe\/aplikacje\/\">Aplikacje<\/a><br><a href=\"https:\/\/jupro-taim.pl\/jtpomiar\/kategorie-produktu\/oferta\/pomiary-procesowe\/aplikacje\/przemysl-energetyczny-i-cieplowniczy\/\">Przemys\u0142 energetyczny i ciep\u0142owniczy<\/a> &nbsp;\/ &nbsp;<a href=\"https:\/\/jupro-taim.pl\/jtpomiar\/kategorie-produktu\/oferta\/pomiary-procesowe\/aplikacje\/przemysl-gazowniczy\/\">Przemys\u0142 gazowniczy<\/a> &nbsp;\/ &nbsp;<a href=\"https:\/\/jupro-taim.pl\/jtpomiar\/kategorie-produktu\/oferta\/pomiary-procesowe\/aplikacje\/przemysl-petrochemiczny\/\">Przemys\u0142 petrochemiczny<\/a><\/p>\n\n\n<div class=\"wp-block-image\">\n<figure class=\"alignleft\"><img decoding=\"async\" src=\"https:\/\/jupro-taim.pl\/jtpomiar\/wp-content\/uploads\/2018\/08\/ikonka-wazenie.png\" alt=\"\" class=\"wp-image-848\"\/><\/figure>\n<\/div>\n\n\n<p><a href=\"https:\/\/jupro-taim.pl\/jtpomiar\/kategorie-produktu\/oferta\/pomiary-procesowe\/systemy-wazenia-i-dozowania\/\">Systemy wa\u017cenia i dozowania<\/a><\/p>\n\n\n<div class=\"wp-block-image\">\n<figure class=\"alignleft\"><img decoding=\"async\" src=\"https:\/\/jupro-taim.pl\/jtpomiar\/wp-content\/uploads\/2018\/08\/ikonka-pozycjonowanie.png\" alt=\"\" class=\"wp-image-848\"\/><\/figure>\n<\/div>\n\n\n<p><a href=\"https:\/\/jupro-taim.pl\/jtpomiar\/kategorie-produktu\/oferta\/pomiary-procesowe\/pozycjonery\/\">Pozycjonery<\/a><\/p>\n\n\n<div class=\"wp-block-image\">\n<figure class=\"alignleft\"><img decoding=\"async\" src=\"https:\/\/jupro-taim.pl\/jtpomiar\/wp-content\/uploads\/2018\/08\/ikonka-rejestracja.png\" alt=\"\" class=\"wp-image-848\"\/><\/figure>\n<\/div>\n\n\n<p><a href=\"https:\/\/jupro-taim.pl\/jtpomiar\/kategorie-produktu\/oferta\/pomiary-procesowe\/rejestratory\/\">Rejestratory<\/a><\/p>\n\n\n<div>\u00a0<\/div>","protected":false},"excerpt":{"rendered":"<p>Wilgotno\u015b\u0107 i punkt rosyWilgotno\u015bciomierze, higrometry&nbsp; \/ &nbsp;Sondy i przetworniki &nbsp;\/ &nbsp;Systemy pr\u00f3bkowania &nbsp;\/ &nbsp;Systemy kalibracyjne Przep\u0142yw cieczyPrzep\u0142ywomierze ultrad\u017awi\u0119kowe &nbsp;\/ &nbsp;Przep\u0142ywomierze wirowe (Vortex) &nbsp;\/ &nbsp;Przep\u0142ywomierze masowe &nbsp;\/ &nbsp;Przep\u0142ywomierze masowe (Coriolisa) &nbsp;\/ &nbsp;Przep\u0142ywomierze elektromagnetyczne &nbsp;\/ &nbsp;Rotametry Przep\u0142yw gaz\u00f3w i pary wodnejPrzep\u0142ywomierze ultrad\u017awi\u0119kowe &nbsp;\/ &nbsp;Przep\u0142ywomierze wirowe (Vortex) &nbsp;\/ &nbsp;Przep\u0142ywomierze masowe &nbsp;\/ &nbsp;Przep\u0142ywomierze masowe (Coriolisa) &nbsp;\/ &nbsp;Rotametry Gazy &#8211; &hellip; <a href=\"https:\/\/jupro-taim.pl\/jtpomiar\/pomiary-procesowe-2\/\" class=\"more-link\">Czytaj dalej<span class=\"screen-reader-text\"> Pomiary procesowe<\/span><\/a><\/p>\n","protected":false},"author":3,"featured_media":0,"parent":0,"menu_order":0,"comment_status":"closed","ping_status":"closed","template":"","meta":{"footnotes":""},"class_list":["post-1596","page","type-page","status-publish","hentry"],"yoast_head":"<!-- This site is optimized with the Yoast SEO plugin v26.1.1 - https:\/\/yoast.com\/wordpress\/plugins\/seo\/ -->\n<title>Pomiary procesowe - Jupro Taim Pomiar<\/title>\n<meta name=\"description\" content=\"Wilgotno\u015b\u0107 i punkt rosyWilgotno\u015bciomierze, higrometry&nbsp; \/ &nbsp;Sondy i przetworniki &nbsp;\/ &nbsp;Systemy pr\u00f3bkowania &nbsp;\/ &nbsp;Systemy\" \/>\n<meta name=\"robots\" content=\"index, follow, max-snippet:-1, max-image-preview:large, max-video-preview:-1\" \/>\n<link rel=\"canonical\" href=\"https:\/\/jupro-taim.pl\/jtpomiar\/pomiary-procesowe-2\/\" \/>\n<meta property=\"og:locale\" content=\"pl_PL\" \/>\n<meta property=\"og:type\" content=\"article\" \/>\n<meta property=\"og:title\" content=\"Pomiary procesowe - Jupro Taim Pomiar\" \/>\n<meta property=\"og:description\" content=\"Wilgotno\u015b\u0107 i punkt rosyWilgotno\u015bciomierze, higrometry&nbsp; \/ &nbsp;Sondy i przetworniki &nbsp;\/ &nbsp;Systemy pr\u00f3bkowania &nbsp;\/ &nbsp;Systemy\" \/>\n<meta property=\"og:url\" content=\"https:\/\/jupro-taim.pl\/jtpomiar\/pomiary-procesowe-2\/\" \/>\n<meta property=\"og:site_name\" content=\"Jupro Taim Pomiar\" \/>\n<meta property=\"article:modified_time\" content=\"2025-07-30T17:17:09+00:00\" \/>\n<meta property=\"og:image\" content=\"https:\/\/jupro-taim.pl\/jtpomiar\/wp-content\/uploads\/2017\/03\/pomiary-procesowe2.png\" \/>\n\t<meta property=\"og:image:width\" content=\"62\" \/>\n\t<meta property=\"og:image:height\" content=\"62\" \/>\n\t<meta property=\"og:image:type\" content=\"image\/png\" \/>\n<meta name=\"twitter:card\" content=\"summary_large_image\" \/>\n<meta name=\"twitter:label1\" content=\"Szacowany czas czytania\" \/>\n\t<meta name=\"twitter:data1\" content=\"4 minuty\" \/>\n<script type=\"application\/ld+json\" class=\"yoast-schema-graph\">{\"@context\":\"https:\/\/schema.org\",\"@graph\":[{\"@type\":\"WebPage\",\"@id\":\"https:\/\/jupro-taim.pl\/jtpomiar\/pomiary-procesowe-2\/\",\"url\":\"https:\/\/jupro-taim.pl\/jtpomiar\/pomiary-procesowe-2\/\",\"name\":\"Pomiary procesowe - Jupro Taim Pomiar\",\"isPartOf\":{\"@id\":\"https:\/\/jupro-taim.pl\/jtpomiar\/#website\"},\"primaryImageOfPage\":{\"@id\":\"https:\/\/jupro-taim.pl\/jtpomiar\/pomiary-procesowe-2\/#primaryimage\"},\"image\":{\"@id\":\"https:\/\/jupro-taim.pl\/jtpomiar\/pomiary-procesowe-2\/#primaryimage\"},\"thumbnailUrl\":\"https:\/\/jupro-taim.pl\/jtpomiar\/wp-content\/uploads\/2017\/03\/pomiary-procesowe2.png\",\"datePublished\":\"2025-07-30T17:03:54+00:00\",\"dateModified\":\"2025-07-30T17:17:09+00:00\",\"description\":\"Wilgotno\u015b\u0107 i punkt rosyWilgotno\u015bciomierze, higrometry&nbsp; \/ &nbsp;Sondy i przetworniki &nbsp;\/ &nbsp;Systemy pr\u00f3bkowania &nbsp;\/ &nbsp;Systemy\",\"breadcrumb\":{\"@id\":\"https:\/\/jupro-taim.pl\/jtpomiar\/pomiary-procesowe-2\/#breadcrumb\"},\"inLanguage\":\"pl-PL\",\"potentialAction\":[{\"@type\":\"ReadAction\",\"target\":[\"https:\/\/jupro-taim.pl\/jtpomiar\/pomiary-procesowe-2\/\"]}]},{\"@type\":\"ImageObject\",\"inLanguage\":\"pl-PL\",\"@id\":\"https:\/\/jupro-taim.pl\/jtpomiar\/pomiary-procesowe-2\/#primaryimage\",\"url\":\"https:\/\/jupro-taim.pl\/jtpomiar\/wp-content\/uploads\/2017\/03\/pomiary-procesowe2.png\",\"contentUrl\":\"https:\/\/jupro-taim.pl\/jtpomiar\/wp-content\/uploads\/2017\/03\/pomiary-procesowe2.png\",\"width\":62,\"height\":62},{\"@type\":\"BreadcrumbList\",\"@id\":\"https:\/\/jupro-taim.pl\/jtpomiar\/pomiary-procesowe-2\/#breadcrumb\",\"itemListElement\":[{\"@type\":\"ListItem\",\"position\":1,\"name\":\"Strona g\u0142\u00f3wna\",\"item\":\"https:\/\/jupro-taim.pl\/jtpomiar\/\"},{\"@type\":\"ListItem\",\"position\":2,\"name\":\"Pomiary procesowe\"}]},{\"@type\":\"WebSite\",\"@id\":\"https:\/\/jupro-taim.pl\/jtpomiar\/#website\",\"url\":\"https:\/\/jupro-taim.pl\/jtpomiar\/\",\"name\":\"Jupro Taim Pomiar\",\"description\":\"Kompleksowe rozwi\u0105zania dla przemys\u0142u\",\"publisher\":{\"@id\":\"https:\/\/jupro-taim.pl\/jtpomiar\/#organization\"},\"potentialAction\":[{\"@type\":\"SearchAction\",\"target\":{\"@type\":\"EntryPoint\",\"urlTemplate\":\"https:\/\/jupro-taim.pl\/jtpomiar\/?s={search_term_string}\"},\"query-input\":{\"@type\":\"PropertyValueSpecification\",\"valueRequired\":true,\"valueName\":\"search_term_string\"}}],\"inLanguage\":\"pl-PL\"},{\"@type\":\"Organization\",\"@id\":\"https:\/\/jupro-taim.pl\/jtpomiar\/#organization\",\"name\":\"Jupro Taim K.Krawczy\u0144ska i S-ka Sp.J.\",\"url\":\"https:\/\/jupro-taim.pl\/jtpomiar\/\",\"logo\":{\"@type\":\"ImageObject\",\"inLanguage\":\"pl-PL\",\"@id\":\"https:\/\/jupro-taim.pl\/jtpomiar\/#\/schema\/logo\/image\/\",\"url\":\"https:\/\/jupro-taim.pl\/jtpomiar\/wp-content\/uploads\/2017\/08\/juprotaim_pomiar.jpg\",\"contentUrl\":\"https:\/\/jupro-taim.pl\/jtpomiar\/wp-content\/uploads\/2017\/08\/juprotaim_pomiar.jpg\",\"width\":520,\"height\":145,\"caption\":\"Jupro Taim K.Krawczy\u0144ska i S-ka Sp.J.\"},\"image\":{\"@id\":\"https:\/\/jupro-taim.pl\/jtpomiar\/#\/schema\/logo\/image\/\"}}]}<\/script>\n<!-- \/ Yoast SEO plugin. -->","yoast_head_json":{"title":"Pomiary procesowe - Jupro Taim Pomiar","description":"Wilgotno\u015b\u0107 i punkt rosyWilgotno\u015bciomierze, higrometry&nbsp; \/ &nbsp;Sondy i przetworniki &nbsp;\/ &nbsp;Systemy pr\u00f3bkowania &nbsp;\/ &nbsp;Systemy","robots":{"index":"index","follow":"follow","max-snippet":"max-snippet:-1","max-image-preview":"max-image-preview:large","max-video-preview":"max-video-preview:-1"},"canonical":"https:\/\/jupro-taim.pl\/jtpomiar\/pomiary-procesowe-2\/","og_locale":"pl_PL","og_type":"article","og_title":"Pomiary procesowe - Jupro Taim Pomiar","og_description":"Wilgotno\u015b\u0107 i punkt rosyWilgotno\u015bciomierze, higrometry&nbsp; \/ &nbsp;Sondy i przetworniki &nbsp;\/ &nbsp;Systemy pr\u00f3bkowania &nbsp;\/ &nbsp;Systemy","og_url":"https:\/\/jupro-taim.pl\/jtpomiar\/pomiary-procesowe-2\/","og_site_name":"Jupro Taim Pomiar","article_modified_time":"2025-07-30T17:17:09+00:00","og_image":[{"width":62,"height":62,"url":"https:\/\/jupro-taim.pl\/jtpomiar\/wp-content\/uploads\/2017\/03\/pomiary-procesowe2.png","type":"image\/png"}],"twitter_card":"summary_large_image","twitter_misc":{"Szacowany czas czytania":"4 minuty"},"schema":{"@context":"https:\/\/schema.org","@graph":[{"@type":"WebPage","@id":"https:\/\/jupro-taim.pl\/jtpomiar\/pomiary-procesowe-2\/","url":"https:\/\/jupro-taim.pl\/jtpomiar\/pomiary-procesowe-2\/","name":"Pomiary procesowe - Jupro Taim Pomiar","isPartOf":{"@id":"https:\/\/jupro-taim.pl\/jtpomiar\/#website"},"primaryImageOfPage":{"@id":"https:\/\/jupro-taim.pl\/jtpomiar\/pomiary-procesowe-2\/#primaryimage"},"image":{"@id":"https:\/\/jupro-taim.pl\/jtpomiar\/pomiary-procesowe-2\/#primaryimage"},"thumbnailUrl":"https:\/\/jupro-taim.pl\/jtpomiar\/wp-content\/uploads\/2017\/03\/pomiary-procesowe2.png","datePublished":"2025-07-30T17:03:54+00:00","dateModified":"2025-07-30T17:17:09+00:00","description":"Wilgotno\u015b\u0107 i punkt rosyWilgotno\u015bciomierze, higrometry&nbsp; \/ &nbsp;Sondy i przetworniki &nbsp;\/ &nbsp;Systemy pr\u00f3bkowania &nbsp;\/ &nbsp;Systemy","breadcrumb":{"@id":"https:\/\/jupro-taim.pl\/jtpomiar\/pomiary-procesowe-2\/#breadcrumb"},"inLanguage":"pl-PL","potentialAction":[{"@type":"ReadAction","target":["https:\/\/jupro-taim.pl\/jtpomiar\/pomiary-procesowe-2\/"]}]},{"@type":"ImageObject","inLanguage":"pl-PL","@id":"https:\/\/jupro-taim.pl\/jtpomiar\/pomiary-procesowe-2\/#primaryimage","url":"https:\/\/jupro-taim.pl\/jtpomiar\/wp-content\/uploads\/2017\/03\/pomiary-procesowe2.png","contentUrl":"https:\/\/jupro-taim.pl\/jtpomiar\/wp-content\/uploads\/2017\/03\/pomiary-procesowe2.png","width":62,"height":62},{"@type":"BreadcrumbList","@id":"https:\/\/jupro-taim.pl\/jtpomiar\/pomiary-procesowe-2\/#breadcrumb","itemListElement":[{"@type":"ListItem","position":1,"name":"Strona g\u0142\u00f3wna","item":"https:\/\/jupro-taim.pl\/jtpomiar\/"},{"@type":"ListItem","position":2,"name":"Pomiary procesowe"}]},{"@type":"WebSite","@id":"https:\/\/jupro-taim.pl\/jtpomiar\/#website","url":"https:\/\/jupro-taim.pl\/jtpomiar\/","name":"Jupro Taim Pomiar","description":"Kompleksowe rozwi\u0105zania dla przemys\u0142u","publisher":{"@id":"https:\/\/jupro-taim.pl\/jtpomiar\/#organization"},"potentialAction":[{"@type":"SearchAction","target":{"@type":"EntryPoint","urlTemplate":"https:\/\/jupro-taim.pl\/jtpomiar\/?s={search_term_string}"},"query-input":{"@type":"PropertyValueSpecification","valueRequired":true,"valueName":"search_term_string"}}],"inLanguage":"pl-PL"},{"@type":"Organization","@id":"https:\/\/jupro-taim.pl\/jtpomiar\/#organization","name":"Jupro Taim K.Krawczy\u0144ska i S-ka Sp.J.","url":"https:\/\/jupro-taim.pl\/jtpomiar\/","logo":{"@type":"ImageObject","inLanguage":"pl-PL","@id":"https:\/\/jupro-taim.pl\/jtpomiar\/#\/schema\/logo\/image\/","url":"https:\/\/jupro-taim.pl\/jtpomiar\/wp-content\/uploads\/2017\/08\/juprotaim_pomiar.jpg","contentUrl":"https:\/\/jupro-taim.pl\/jtpomiar\/wp-content\/uploads\/2017\/08\/juprotaim_pomiar.jpg","width":520,"height":145,"caption":"Jupro Taim K.Krawczy\u0144ska i S-ka Sp.J."},"image":{"@id":"https:\/\/jupro-taim.pl\/jtpomiar\/#\/schema\/logo\/image\/"}}]}},"_links":{"self":[{"href":"https:\/\/jupro-taim.pl\/jtpomiar\/wp-json\/wp\/v2\/pages\/1596","targetHints":{"allow":["GET"]}}],"collection":[{"href":"https:\/\/jupro-taim.pl\/jtpomiar\/wp-json\/wp\/v2\/pages"}],"about":[{"href":"https:\/\/jupro-taim.pl\/jtpomiar\/wp-json\/wp\/v2\/types\/page"}],"author":[{"embeddable":true,"href":"https:\/\/jupro-taim.pl\/jtpomiar\/wp-json\/wp\/v2\/users\/3"}],"replies":[{"embeddable":true,"href":"https:\/\/jupro-taim.pl\/jtpomiar\/wp-json\/wp\/v2\/comments?post=1596"}],"version-history":[{"count":2,"href":"https:\/\/jupro-taim.pl\/jtpomiar\/wp-json\/wp\/v2\/pages\/1596\/revisions"}],"predecessor-version":[{"id":1600,"href":"https:\/\/jupro-taim.pl\/jtpomiar\/wp-json\/wp\/v2\/pages\/1596\/revisions\/1600"}],"wp:attachment":[{"href":"https:\/\/jupro-taim.pl\/jtpomiar\/wp-json\/wp\/v2\/media?parent=1596"}],"curies":[{"name":"wp","href":"https:\/\/api.w.org\/{rel}","templated":true}]}}