{"id":1510,"date":"2025-07-30T11:27:52","date_gmt":"2025-07-30T09:27:52","guid":{"rendered":"https:\/\/jupro-taim.pl\/jtpomiar\/?page_id=1510"},"modified":"2025-07-30T20:25:56","modified_gmt":"2025-07-30T18:25:56","slug":"ofertaa","status":"publish","type":"page","link":"https:\/\/jupro-taim.pl\/jtpomiar\/ofertaa\/","title":{"rendered":"Oferta"},"content":{"rendered":"\n<p style=\"text-align: justify;\">Pomiar wielko\u015bci nieelektrycznych ma podstawowe znaczenie w efektywnej kontroli procesu i system\u00f3w automatyki.\u00a0 Nasza oferta to profesjonalne rozwi\u0105zania dla przemys\u0142u i szeroki zakres aparatury kontrolno-pomiarowej. Z powodzeniem znajduj\u0105 zastosowanie\u00a0 w standardowych i najbardziej wymagaj\u0105cych aplikacjach przemys\u0142owych<\/p>\n<p style=\"text-align: justify;\">Oferujemy urz\u0105dzenia czo\u0142owych producent\u00f3w z kraju i z zagranicy. Kompletne systemy pomiarowe i pewnie dzia\u0142aj\u0105ce urz\u0105dzenia\u00a0 pozwalaj\u0105 nam na zaoferowanie optymalnego rozwi\u0105zania.<\/p>\n<p><a class=\"prod-kategoria\" href=\"https:\/\/jupro-taim.pl\/jtpomiar\/pomiary-procesowe-2\/\">Pomiar\u00f3w procesowych<\/a><br \/><a class=\"czarnuszek\" href=\"https:\/\/jupro-taim.pl\/jtpomiar\/kategorie-produktu\/oferta\/pomiary-procesowe\/temperatura\/\">Temperatura<\/a>\u00a0 \/ \u00a0<a class=\"czarnuszek\" href=\"https:\/\/jupro-taim.pl\/jtpomiar\/kategorie-produktu\/oferta\/pomiary-procesowe\/cisnienie\/\">Ci\u015bnienie<\/a>\u00a0 \/ \u00a0<a class=\"czarnuszek\" href=\"https:\/\/jupro-taim.pl\/jtpomiar\/kategorie-produktu\/oferta\/pomiary-procesowe\/przeplywomierze-dla-gazow-i-pary-wodnej\/\">Przep\u0142ywomierze dla gaz\u00f3w i pary wodnej<\/a> \u00a0 \/ \u00a0<a class=\"czarnuszek\" href=\"https:\/\/jupro-taim.pl\/jtpomiar\/kategorie-produktu\/oferta\/pomiary-procesowe\/poziomy\/\">Poziom<\/a>\u00a0 \/ \u00a0<a class=\"czarnuszek\" href=\"https:\/\/jupro-taim.pl\/jtpomiar\/kategorie-produktu\/oferta\/pomiary-procesowe\/przeplywomierze-dla-cieczy\/\">Przep\u0142ywomierze dla cieczy<\/a>\u00a0 \/\u00a0 <a class=\"czarnuszek\" href=\"https:\/\/jupro-taim.pl\/jtpomiar\/kategorie-produktu\/oferta\/pomiary-procesowe\/wilgotnosc\/\">Wilgotno\u015bciomierze, Higrometry<\/a>\u00a0 \/ \u00a0<a class=\"czarnuszek\" href=\"https:\/\/jupro-taim.pl\/jtpomiar\/kategorie-produktu\/oferta\/pomiary-procesowe\/przeliczniki-przeplywu-i-energii\/\">Przeliczniki przep\u0142ywu i energii<\/a>\u00a0 \/ \u00a0<a class=\"czarnuszek\" href=\"https:\/\/jupro-taim.pl\/jtpomiar\/kategorie-produktu\/oferta\/pomiary-procesowe\/analizatory-gazow\/\">Analizatory gaz\u00f3w<\/a>\u00a0 \/ \u00a0<a class=\"czarnuszek\" href=\"https:\/\/jupro-taim.pl\/jtpomiar\/oprogramowanie\/\">Oprogramowanie<\/a>\u00a0 \/ \u00a0<a class=\"czarnuszek\" href=\"https:\/\/jupro-taim.pl\/jtpomiar\/kategorie-produktu\/oferta\/pomiary-procesowe\/aplikacje\/\">Aplikacje<\/a> \/ <a class=\"czarnuszek\" href=\"https:\/\/jupro-taim.pl\/jtpomiar\/kategorie-produktu\/oferta\/pomiary-procesowe\/systemy-wazenia-i-dozowania\/\">Systemy wa\u017cenia i dozowania<\/a> \/ <a class=\"czarnuszek\" href=\"https:\/\/jupro-taim.pl\/jtpomiar\/kategorie-produktu\/oferta\/pomiary-procesowe\/pozycjonery\/\">Pozycjonery<\/a> \/ <a class=\"czarnuszek\" href=\"https:\/\/jupro-taim.pl\/jtpomiar\/kategorie-produktu\/oferta\/pomiary-procesowe\/rejestratory\/\">Rejestratory<\/a><\/p>\n<p><a class=\"prod-kategoria\" href=\"https:\/\/jupro-taim.pl\/jtpomiar\/efektywne-zarzadzanie-energia-2\/\">Efektywnego zarz\u0105dzania energi\u0105<\/a><br \/><a class=\"czarnuszek\" href=\"https:\/\/jupro-taim.pl\/jtpomiar\/kategorie-produktu\/oferta\/efektywne-zarzadzanie-energia\/pomiary-elektryczne\/\">Przyrz\u0105dy pomiarowe i kontrolne<\/a>\u00a0 \/ \u00a0<a class=\"czarnuszek\" href=\"https:\/\/jupro-taim.pl\/jtpomiar\/kategorie-produktu\/oferta\/efektywne-zarzadzanie-energia\/energie-odnawialne\/\">Energie odnawialne<\/a>\u00a0 \/ \u00a0<a class=\"czarnuszek\" href=\"https:\/\/jupro-taim.pl\/jtpomiar\/kategorie-produktu\/oferta\/efektywne-zarzadzanie-energia\/efektywnosc-energetyczna\/\">Efektywno\u015b\u0107 energetyczna<\/a><\/p>\n<p><a class=\"prod-kategoria\" href=\"https:\/\/jupro-taim.pl\/jtpomiar\/kompensacja-mocy-biernej-filtracja-harmonicznych-2\/\">Kompensacji mocy biernej i filtracji harmonicznych<\/a><br \/><a class=\"czarnuszek\" href=\"https:\/\/jupro-taim.pl\/jtpomiar\/kategorie-produktu\/oferta\/kompensacja-mocy-biernej\/regulatory-mocy-biernej\/\">Regulatory (kontrolery) mocy biernej<\/a>\u00a0 \/ \u00a0<a class=\"czarnuszek\" href=\"https:\/\/jupro-taim.pl\/jtpomiar\/kategorie-produktu\/oferta\/kompensacja-mocy-biernej\/kondensatory-niskiego-napiecia-do-kondensatorow-mocy-biernej\/\">Kondensatory do kompensacji mocy biernej<\/a>\u00a0 \/ \u00a0<a class=\"czarnuszek\" href=\"https:\/\/jupro-taim.pl\/jtpomiar\/kategorie-produktu\/oferta\/kompensacja-mocy-biernej\/automatyczne-baterie-kondensatorow\/\">Baterie kondensator\u00f3w<\/a>\u00a0 \/ \u00a0<a class=\"czarnuszek\" href=\"https:\/\/jupro-taim.pl\/jtpomiar\/kategorie-produktu\/oferta\/kompensacja-mocy-biernej-filtracja-harmonicznych\/filtracja-harmonicznych\/\">Filtracja harmonicznych<\/a><\/p>\n","protected":false},"excerpt":{"rendered":"<p>Pomiar wielko\u015bci nieelektrycznych ma podstawowe znaczenie w efektywnej kontroli procesu i system\u00f3w automatyki.\u00a0 Nasza oferta to profesjonalne rozwi\u0105zania dla przemys\u0142u i szeroki zakres aparatury kontrolno-pomiarowej. Z powodzeniem znajduj\u0105 zastosowanie\u00a0 w standardowych i najbardziej wymagaj\u0105cych aplikacjach przemys\u0142owych Oferujemy urz\u0105dzenia czo\u0142owych producent\u00f3w z kraju i z zagranicy. Kompletne systemy pomiarowe i pewnie dzia\u0142aj\u0105ce urz\u0105dzenia\u00a0 pozwalaj\u0105 nam na &hellip; <a href=\"https:\/\/jupro-taim.pl\/jtpomiar\/ofertaa\/\" class=\"more-link\">Czytaj dalej<span class=\"screen-reader-text\"> Oferta<\/span><\/a><\/p>\n","protected":false},"author":3,"featured_media":0,"parent":0,"menu_order":0,"comment_status":"closed","ping_status":"closed","template":"","meta":{"footnotes":""},"class_list":["post-1510","page","type-page","status-publish","hentry"],"yoast_head":"<!-- This site is optimized with the Yoast SEO plugin v26.1.1 - https:\/\/yoast.com\/wordpress\/plugins\/seo\/ -->\n<title>Oferta - Jupro Taim Pomiar<\/title>\n<meta name=\"description\" content=\"Pomiar wielko\u015bci nieelektrycznych ma podstawowe znaczenie w efektywnej kontroli procesu i system\u00f3w automatyki.\u00a0 Nasza oferta to profesjonalne rozwi\u0105zania\" \/>\n<meta name=\"robots\" content=\"index, follow, max-snippet:-1, max-image-preview:large, max-video-preview:-1\" \/>\n<link rel=\"canonical\" href=\"https:\/\/jupro-taim.pl\/jtpomiar\/ofertaa\/\" \/>\n<meta property=\"og:locale\" content=\"pl_PL\" \/>\n<meta property=\"og:type\" content=\"article\" \/>\n<meta property=\"og:title\" content=\"Oferta - Jupro Taim Pomiar\" \/>\n<meta property=\"og:description\" content=\"Pomiar wielko\u015bci nieelektrycznych ma podstawowe znaczenie w efektywnej kontroli procesu i system\u00f3w automatyki.\u00a0 Nasza oferta to profesjonalne rozwi\u0105zania\" \/>\n<meta property=\"og:url\" content=\"https:\/\/jupro-taim.pl\/jtpomiar\/ofertaa\/\" \/>\n<meta property=\"og:site_name\" content=\"Jupro Taim Pomiar\" \/>\n<meta property=\"article:modified_time\" content=\"2025-07-30T18:25:56+00:00\" \/>\n<meta name=\"twitter:card\" content=\"summary_large_image\" \/>\n<meta name=\"twitter:label1\" content=\"Szacowany czas czytania\" \/>\n\t<meta name=\"twitter:data1\" content=\"1 minuta\" \/>\n<script type=\"application\/ld+json\" class=\"yoast-schema-graph\">{\"@context\":\"https:\/\/schema.org\",\"@graph\":[{\"@type\":\"WebPage\",\"@id\":\"https:\/\/jupro-taim.pl\/jtpomiar\/ofertaa\/\",\"url\":\"https:\/\/jupro-taim.pl\/jtpomiar\/ofertaa\/\",\"name\":\"Oferta - Jupro Taim Pomiar\",\"isPartOf\":{\"@id\":\"https:\/\/jupro-taim.pl\/jtpomiar\/#website\"},\"datePublished\":\"2025-07-30T09:27:52+00:00\",\"dateModified\":\"2025-07-30T18:25:56+00:00\",\"description\":\"Pomiar wielko\u015bci nieelektrycznych ma podstawowe znaczenie w efektywnej kontroli procesu i system\u00f3w automatyki.\u00a0 Nasza oferta to profesjonalne rozwi\u0105zania\",\"breadcrumb\":{\"@id\":\"https:\/\/jupro-taim.pl\/jtpomiar\/ofertaa\/#breadcrumb\"},\"inLanguage\":\"pl-PL\",\"potentialAction\":[{\"@type\":\"ReadAction\",\"target\":[\"https:\/\/jupro-taim.pl\/jtpomiar\/ofertaa\/\"]}]},{\"@type\":\"BreadcrumbList\",\"@id\":\"https:\/\/jupro-taim.pl\/jtpomiar\/ofertaa\/#breadcrumb\",\"itemListElement\":[{\"@type\":\"ListItem\",\"position\":1,\"name\":\"Strona g\u0142\u00f3wna\",\"item\":\"https:\/\/jupro-taim.pl\/jtpomiar\/\"},{\"@type\":\"ListItem\",\"position\":2,\"name\":\"Oferta\"}]},{\"@type\":\"WebSite\",\"@id\":\"https:\/\/jupro-taim.pl\/jtpomiar\/#website\",\"url\":\"https:\/\/jupro-taim.pl\/jtpomiar\/\",\"name\":\"Jupro Taim Pomiar\",\"description\":\"Kompleksowe rozwi\u0105zania dla przemys\u0142u\",\"publisher\":{\"@id\":\"https:\/\/jupro-taim.pl\/jtpomiar\/#organization\"},\"potentialAction\":[{\"@type\":\"SearchAction\",\"target\":{\"@type\":\"EntryPoint\",\"urlTemplate\":\"https:\/\/jupro-taim.pl\/jtpomiar\/?s={search_term_string}\"},\"query-input\":{\"@type\":\"PropertyValueSpecification\",\"valueRequired\":true,\"valueName\":\"search_term_string\"}}],\"inLanguage\":\"pl-PL\"},{\"@type\":\"Organization\",\"@id\":\"https:\/\/jupro-taim.pl\/jtpomiar\/#organization\",\"name\":\"Jupro Taim K.Krawczy\u0144ska i S-ka Sp.J.\",\"url\":\"https:\/\/jupro-taim.pl\/jtpomiar\/\",\"logo\":{\"@type\":\"ImageObject\",\"inLanguage\":\"pl-PL\",\"@id\":\"https:\/\/jupro-taim.pl\/jtpomiar\/#\/schema\/logo\/image\/\",\"url\":\"https:\/\/jupro-taim.pl\/jtpomiar\/wp-content\/uploads\/2017\/08\/juprotaim_pomiar.jpg\",\"contentUrl\":\"https:\/\/jupro-taim.pl\/jtpomiar\/wp-content\/uploads\/2017\/08\/juprotaim_pomiar.jpg\",\"width\":520,\"height\":145,\"caption\":\"Jupro Taim K.Krawczy\u0144ska i S-ka Sp.J.\"},\"image\":{\"@id\":\"https:\/\/jupro-taim.pl\/jtpomiar\/#\/schema\/logo\/image\/\"}}]}<\/script>\n<!-- \/ Yoast SEO plugin. -->","yoast_head_json":{"title":"Oferta - Jupro Taim Pomiar","description":"Pomiar wielko\u015bci nieelektrycznych ma podstawowe znaczenie w efektywnej kontroli procesu i system\u00f3w automatyki.\u00a0 Nasza oferta to profesjonalne rozwi\u0105zania","robots":{"index":"index","follow":"follow","max-snippet":"max-snippet:-1","max-image-preview":"max-image-preview:large","max-video-preview":"max-video-preview:-1"},"canonical":"https:\/\/jupro-taim.pl\/jtpomiar\/ofertaa\/","og_locale":"pl_PL","og_type":"article","og_title":"Oferta - Jupro Taim Pomiar","og_description":"Pomiar wielko\u015bci nieelektrycznych ma podstawowe znaczenie w efektywnej kontroli procesu i system\u00f3w automatyki.\u00a0 Nasza oferta to profesjonalne rozwi\u0105zania","og_url":"https:\/\/jupro-taim.pl\/jtpomiar\/ofertaa\/","og_site_name":"Jupro Taim Pomiar","article_modified_time":"2025-07-30T18:25:56+00:00","twitter_card":"summary_large_image","twitter_misc":{"Szacowany czas czytania":"1 minuta"},"schema":{"@context":"https:\/\/schema.org","@graph":[{"@type":"WebPage","@id":"https:\/\/jupro-taim.pl\/jtpomiar\/ofertaa\/","url":"https:\/\/jupro-taim.pl\/jtpomiar\/ofertaa\/","name":"Oferta - Jupro Taim Pomiar","isPartOf":{"@id":"https:\/\/jupro-taim.pl\/jtpomiar\/#website"},"datePublished":"2025-07-30T09:27:52+00:00","dateModified":"2025-07-30T18:25:56+00:00","description":"Pomiar wielko\u015bci nieelektrycznych ma podstawowe znaczenie w efektywnej kontroli procesu i system\u00f3w automatyki.\u00a0 Nasza oferta to profesjonalne rozwi\u0105zania","breadcrumb":{"@id":"https:\/\/jupro-taim.pl\/jtpomiar\/ofertaa\/#breadcrumb"},"inLanguage":"pl-PL","potentialAction":[{"@type":"ReadAction","target":["https:\/\/jupro-taim.pl\/jtpomiar\/ofertaa\/"]}]},{"@type":"BreadcrumbList","@id":"https:\/\/jupro-taim.pl\/jtpomiar\/ofertaa\/#breadcrumb","itemListElement":[{"@type":"ListItem","position":1,"name":"Strona g\u0142\u00f3wna","item":"https:\/\/jupro-taim.pl\/jtpomiar\/"},{"@type":"ListItem","position":2,"name":"Oferta"}]},{"@type":"WebSite","@id":"https:\/\/jupro-taim.pl\/jtpomiar\/#website","url":"https:\/\/jupro-taim.pl\/jtpomiar\/","name":"Jupro Taim Pomiar","description":"Kompleksowe rozwi\u0105zania dla przemys\u0142u","publisher":{"@id":"https:\/\/jupro-taim.pl\/jtpomiar\/#organization"},"potentialAction":[{"@type":"SearchAction","target":{"@type":"EntryPoint","urlTemplate":"https:\/\/jupro-taim.pl\/jtpomiar\/?s={search_term_string}"},"query-input":{"@type":"PropertyValueSpecification","valueRequired":true,"valueName":"search_term_string"}}],"inLanguage":"pl-PL"},{"@type":"Organization","@id":"https:\/\/jupro-taim.pl\/jtpomiar\/#organization","name":"Jupro Taim K.Krawczy\u0144ska i S-ka Sp.J.","url":"https:\/\/jupro-taim.pl\/jtpomiar\/","logo":{"@type":"ImageObject","inLanguage":"pl-PL","@id":"https:\/\/jupro-taim.pl\/jtpomiar\/#\/schema\/logo\/image\/","url":"https:\/\/jupro-taim.pl\/jtpomiar\/wp-content\/uploads\/2017\/08\/juprotaim_pomiar.jpg","contentUrl":"https:\/\/jupro-taim.pl\/jtpomiar\/wp-content\/uploads\/2017\/08\/juprotaim_pomiar.jpg","width":520,"height":145,"caption":"Jupro Taim K.Krawczy\u0144ska i S-ka Sp.J."},"image":{"@id":"https:\/\/jupro-taim.pl\/jtpomiar\/#\/schema\/logo\/image\/"}}]}},"_links":{"self":[{"href":"https:\/\/jupro-taim.pl\/jtpomiar\/wp-json\/wp\/v2\/pages\/1510","targetHints":{"allow":["GET"]}}],"collection":[{"href":"https:\/\/jupro-taim.pl\/jtpomiar\/wp-json\/wp\/v2\/pages"}],"about":[{"href":"https:\/\/jupro-taim.pl\/jtpomiar\/wp-json\/wp\/v2\/types\/page"}],"author":[{"embeddable":true,"href":"https:\/\/jupro-taim.pl\/jtpomiar\/wp-json\/wp\/v2\/users\/3"}],"replies":[{"embeddable":true,"href":"https:\/\/jupro-taim.pl\/jtpomiar\/wp-json\/wp\/v2\/comments?post=1510"}],"version-history":[{"count":15,"href":"https:\/\/jupro-taim.pl\/jtpomiar\/wp-json\/wp\/v2\/pages\/1510\/revisions"}],"predecessor-version":[{"id":1611,"href":"https:\/\/jupro-taim.pl\/jtpomiar\/wp-json\/wp\/v2\/pages\/1510\/revisions\/1611"}],"wp:attachment":[{"href":"https:\/\/jupro-taim.pl\/jtpomiar\/wp-json\/wp\/v2\/media?parent=1510"}],"curies":[{"name":"wp","href":"https:\/\/api.w.org\/{rel}","templated":true}]}}