{"id":1300,"date":"2019-02-08T14:31:25","date_gmt":"2019-02-08T13:31:25","guid":{"rendered":"http:\/\/jtpomiar.pl\/?page_id=1300"},"modified":"2020-12-07T16:33:40","modified_gmt":"2020-12-07T15:33:40","slug":"pomiary-kontrolne-na-obiektach","status":"publish","type":"page","link":"https:\/\/jupro-taim.pl\/jtpomiar\/pomiary-kontrolne-na-obiektach\/","title":{"rendered":"Pomiary kontrolne na obiektach"},"content":{"rendered":"<div><strong>Zalet\u0105 pomiaru bezinwazyjnym\u00a0 przep\u0142ywomierzem ultrad\u017awi\u0119kowym jest brak konieczno\u015bci\u00a0 przerywania procesu i brak fizycznej ingerencji w ruroci\u0105g.<br \/>\n<\/strong><\/div>\n<div>\u00a0<\/div>\n<div><strong>Pomiary wykonujemy kompletnym bezinwazyjnym systemem pomiarowym idealnie nadaj\u0105cy si\u0119 do pomiar\u00f3w przep\u0142ywu :<\/strong><\/div>\n<div>\u00a0<\/div>\n<div>\u00a0<\/div>\n<ul>\n<li>Wody pitnej i \u015bciek\u00f3w<\/li>\n<li>Wody ch\u0142odz\u0105cej i grzewczej<img fetchpriority=\"high\" decoding=\"async\" class=\"alignright\" src=\"https:\/\/jupro-taim.pl\/jtpomiar\/wp-content\/uploads\/2019\/02\/pt900_na-strone-jtp.jpg\" alt=\"Przep\u0142ywomierz PT900\" width=\"341\" height=\"227\" \/><\/li>\n<li>Wody z glikolem, odp\u0142ywowej i uzdatnionej,<\/li>\n<li>Oleju i ropy naftowej , w\u0119glowodor\u00f3w,<\/li>\n<li>Oleju termalnego i ch\u0142odz\u0105cego maszyny<\/li>\n<li>Innych cieczy przewodz\u0105cych d\u017awi\u0119k.<\/li>\n<\/ul>\n<p>&nbsp;<\/p>\n<p>&nbsp;<\/p>\n<p><strong>Sprawdzamy\u00a0 poprawno\u015bci wskaza\u0144 przep\u0142ywomierzy<\/strong><\/p>\n<ul>\n<li>Sprawdzamy poprawno\u015bci pomiaru przep\u0142ywomierzy elektromagnetycznych i innych<\/li>\n<li>Wykonujemy pomiary na rurach o\u00a0 \u015brednicy od <strong>DN15 do DN7000<\/strong>,<\/li>\n<li>Pomiar medi\u00f3w o temperaturze od<strong> -40 do 210 st.C<\/strong>,<\/li>\n<li>Materia\u0142 ruroci\u0105gu: wszystkie metale i wi\u0119kszo\u015b\u0107 tworzyw sztucznych, beton, materia\u0142y kompozytowe, rury bardzo skorodowane lub z wyk\u0142adzin\u0105 (po konsultacji),<\/li>\n<\/ul>\n<p><strong>Wykonujemy\u00a0 pomiary :<\/strong><\/p>\n<ul>\n<li>energii cieplnej i ch\u0142odu dostarczonej do uk\u0142adu lub pobranej przez uk\u0142ad<\/li>\n<li>wydajno\u015bci pomp<\/li>\n<li>dro\u017cno\u015bci orurowania w kot\u0142ach wodnych<\/li>\n<\/ul>\n<p><strong>Realizujemy pomiary\u00a0 w przemy\u015ble:<\/strong><\/p>\n<ul>\n<li>Wodno-\u015bciekowym,<\/li>\n<li>Naftowym i gazowniczym,<\/li>\n<li>Energetycznym i ciep\u0142owniczym<\/li>\n<li>Chemicznym i metalowym,<\/li>\n<li>Spo\u017cywczym i produkcji napoj\u00f3w<\/li>\n<li>Farmacetycznym i innych<\/li>\n<\/ul>\n<p><em>Zdj\u0119cia poni\u017cej &#8211; pomiar przep\u0142ywu wody na rurach o \u015brednicy <strong>DN1200<\/strong>.<\/em><\/p>\n<p><img decoding=\"async\" class=\"\" src=\"https:\/\/jupro-taim.pl\/jtpomiar\/wp-content\/uploads\/2019\/02\/20180227_154708.jpg\" alt=\"\" width=\"414\" height=\"552\" \/>\u00a0 \u00a0<img decoding=\"async\" class=\"\" src=\"https:\/\/jupro-taim.pl\/jtpomiar\/wp-content\/uploads\/2019\/02\/20180227_154303.jpg\" alt=\"\" width=\"413\" height=\"550\" \/><\/p>\n<p>&nbsp;<\/p>\n<p><em>Zdj\u0119cia poni\u017cej &#8211; pomiar przep\u0142ywu <strong>piwa<\/strong> na rurach DN50 i sprawdzenie przep\u0142ywomierza<br \/>\n<\/em><\/p>\n<p><img loading=\"lazy\" decoding=\"async\" class=\"\" src=\"https:\/\/jupro-taim.pl\/jtpomiar\/wp-content\/uploads\/2019\/02\/img_20180208_105948-na-strone-jtp.jpg\" width=\"281\" height=\"374\" \/>\u00a0\u00a0<img loading=\"lazy\" decoding=\"async\" class=\"\" src=\"https:\/\/jupro-taim.pl\/jtpomiar\/wp-content\/uploads\/2019\/02\/img_20180208_110030-na-strone-jtp.jpg\" alt=\"\" width=\"499\" height=\"374\" \/><\/p>\n<div>\u00a0<\/div>\n<div>\u00a0<\/div>\n<div><strong>Kontakt i doradztwo techniczne:<\/strong><\/div>\n<div>\n<p>In\u017c. Sprzeda\u017cy i Serwisu<br \/>\nMaciej J\u00f3\u017awiak<br \/>\nT: (+48) 664 905 100<br \/>\nE: <a href=\"http:\/\/mailing.xtech.pl\/c\/xk7p5hmv22\/9x1m7kr9a1\/\">jozwiak@jupro-taim.pl\u00a0\u00a0\u00a0<\/a><\/p>\n<p><strong>ZAPRASZAMY DO WSP\u00d3\u0141PRACY\u00a0 !!!<\/strong><\/p>\n<\/div>\n","protected":false},"excerpt":{"rendered":"<p>Zalet\u0105 pomiaru bezinwazyjnym\u00a0 przep\u0142ywomierzem ultrad\u017awi\u0119kowym jest brak konieczno\u015bci\u00a0 przerywania procesu i brak fizycznej ingerencji w ruroci\u0105g. \u00a0 Pomiary wykonujemy kompletnym bezinwazyjnym systemem pomiarowym idealnie nadaj\u0105cy si\u0119 do pomiar\u00f3w przep\u0142ywu : \u00a0 \u00a0 Wody pitnej i \u015bciek\u00f3w Wody ch\u0142odz\u0105cej i grzewczej Wody z glikolem, odp\u0142ywowej i uzdatnionej, Oleju i ropy naftowej , w\u0119glowodor\u00f3w, Oleju termalnego i &hellip; <a href=\"https:\/\/jupro-taim.pl\/jtpomiar\/pomiary-kontrolne-na-obiektach\/\" class=\"more-link\">Czytaj dalej<span class=\"screen-reader-text\"> Pomiary kontrolne na obiektach<\/span><\/a><\/p>\n","protected":false},"author":3,"featured_media":0,"parent":0,"menu_order":0,"comment_status":"closed","ping_status":"closed","template":"","meta":{"footnotes":""},"class_list":["post-1300","page","type-page","status-publish","hentry"],"yoast_head":"<!-- This site is optimized with the Yoast SEO plugin v26.1.1 - https:\/\/yoast.com\/wordpress\/plugins\/seo\/ -->\n<title>Pomiary kontrolne na obiektach - Jupro Taim Pomiar<\/title>\n<meta name=\"description\" content=\"Zalet\u0105 pomiaru bezinwazyjnym\u00a0 przep\u0142ywomierzem ultrad\u017awi\u0119kowym jest brak konieczno\u015bci\u00a0 przerywania procesu i brak fizycznej ingerencji w ruroci\u0105g. \u00a0\" \/>\n<meta name=\"robots\" content=\"index, follow, max-snippet:-1, max-image-preview:large, max-video-preview:-1\" \/>\n<link rel=\"canonical\" href=\"https:\/\/jupro-taim.pl\/jtpomiar\/pomiary-kontrolne-na-obiektach\/\" \/>\n<meta property=\"og:locale\" content=\"pl_PL\" \/>\n<meta property=\"og:type\" content=\"article\" \/>\n<meta property=\"og:title\" content=\"Pomiary kontrolne na obiektach - Jupro Taim Pomiar\" \/>\n<meta property=\"og:description\" content=\"Zalet\u0105 pomiaru bezinwazyjnym\u00a0 przep\u0142ywomierzem ultrad\u017awi\u0119kowym jest brak konieczno\u015bci\u00a0 przerywania procesu i brak fizycznej ingerencji w ruroci\u0105g. \u00a0\" \/>\n<meta property=\"og:url\" content=\"https:\/\/jupro-taim.pl\/jtpomiar\/pomiary-kontrolne-na-obiektach\/\" \/>\n<meta property=\"og:site_name\" content=\"Jupro Taim Pomiar\" \/>\n<meta property=\"article:modified_time\" content=\"2020-12-07T15:33:40+00:00\" \/>\n<meta property=\"og:image\" content=\"https:\/\/jupro-taim.pl\/jtpomiar\/wp-content\/uploads\/2019\/02\/pt900_na-strone-jtp.jpg\" \/>\n<meta name=\"twitter:card\" content=\"summary_large_image\" \/>\n<meta name=\"twitter:label1\" content=\"Szacowany czas czytania\" \/>\n\t<meta name=\"twitter:data1\" content=\"1 minuta\" \/>\n<script type=\"application\/ld+json\" class=\"yoast-schema-graph\">{\"@context\":\"https:\/\/schema.org\",\"@graph\":[{\"@type\":\"WebPage\",\"@id\":\"https:\/\/jupro-taim.pl\/jtpomiar\/pomiary-kontrolne-na-obiektach\/\",\"url\":\"https:\/\/jupro-taim.pl\/jtpomiar\/pomiary-kontrolne-na-obiektach\/\",\"name\":\"Pomiary kontrolne na obiektach - Jupro Taim Pomiar\",\"isPartOf\":{\"@id\":\"https:\/\/jupro-taim.pl\/jtpomiar\/#website\"},\"primaryImageOfPage\":{\"@id\":\"https:\/\/jupro-taim.pl\/jtpomiar\/pomiary-kontrolne-na-obiektach\/#primaryimage\"},\"image\":{\"@id\":\"https:\/\/jupro-taim.pl\/jtpomiar\/pomiary-kontrolne-na-obiektach\/#primaryimage\"},\"thumbnailUrl\":\"https:\/\/jupro-taim.pl\/jtpomiar\/wp-content\/uploads\/2019\/02\/pt900_na-strone-jtp.jpg\",\"datePublished\":\"2019-02-08T13:31:25+00:00\",\"dateModified\":\"2020-12-07T15:33:40+00:00\",\"description\":\"Zalet\u0105 pomiaru bezinwazyjnym\u00a0 przep\u0142ywomierzem ultrad\u017awi\u0119kowym jest brak konieczno\u015bci\u00a0 przerywania procesu i brak fizycznej ingerencji w ruroci\u0105g. \u00a0\",\"breadcrumb\":{\"@id\":\"https:\/\/jupro-taim.pl\/jtpomiar\/pomiary-kontrolne-na-obiektach\/#breadcrumb\"},\"inLanguage\":\"pl-PL\",\"potentialAction\":[{\"@type\":\"ReadAction\",\"target\":[\"https:\/\/jupro-taim.pl\/jtpomiar\/pomiary-kontrolne-na-obiektach\/\"]}]},{\"@type\":\"ImageObject\",\"inLanguage\":\"pl-PL\",\"@id\":\"https:\/\/jupro-taim.pl\/jtpomiar\/pomiary-kontrolne-na-obiektach\/#primaryimage\",\"url\":\"https:\/\/jupro-taim.pl\/jtpomiar\/wp-content\/uploads\/2019\/02\/pt900_na-strone-jtp.jpg\",\"contentUrl\":\"https:\/\/jupro-taim.pl\/jtpomiar\/wp-content\/uploads\/2019\/02\/pt900_na-strone-jtp.jpg\",\"width\":800,\"height\":533},{\"@type\":\"BreadcrumbList\",\"@id\":\"https:\/\/jupro-taim.pl\/jtpomiar\/pomiary-kontrolne-na-obiektach\/#breadcrumb\",\"itemListElement\":[{\"@type\":\"ListItem\",\"position\":1,\"name\":\"Strona g\u0142\u00f3wna\",\"item\":\"https:\/\/jupro-taim.pl\/jtpomiar\/\"},{\"@type\":\"ListItem\",\"position\":2,\"name\":\"Pomiary kontrolne na obiektach\"}]},{\"@type\":\"WebSite\",\"@id\":\"https:\/\/jupro-taim.pl\/jtpomiar\/#website\",\"url\":\"https:\/\/jupro-taim.pl\/jtpomiar\/\",\"name\":\"Jupro Taim Pomiar\",\"description\":\"Kompleksowe rozwi\u0105zania dla przemys\u0142u\",\"publisher\":{\"@id\":\"https:\/\/jupro-taim.pl\/jtpomiar\/#organization\"},\"potentialAction\":[{\"@type\":\"SearchAction\",\"target\":{\"@type\":\"EntryPoint\",\"urlTemplate\":\"https:\/\/jupro-taim.pl\/jtpomiar\/?s={search_term_string}\"},\"query-input\":{\"@type\":\"PropertyValueSpecification\",\"valueRequired\":true,\"valueName\":\"search_term_string\"}}],\"inLanguage\":\"pl-PL\"},{\"@type\":\"Organization\",\"@id\":\"https:\/\/jupro-taim.pl\/jtpomiar\/#organization\",\"name\":\"Jupro Taim K.Krawczy\u0144ska i S-ka Sp.J.\",\"url\":\"https:\/\/jupro-taim.pl\/jtpomiar\/\",\"logo\":{\"@type\":\"ImageObject\",\"inLanguage\":\"pl-PL\",\"@id\":\"https:\/\/jupro-taim.pl\/jtpomiar\/#\/schema\/logo\/image\/\",\"url\":\"https:\/\/jupro-taim.pl\/jtpomiar\/wp-content\/uploads\/2017\/08\/juprotaim_pomiar.jpg\",\"contentUrl\":\"https:\/\/jupro-taim.pl\/jtpomiar\/wp-content\/uploads\/2017\/08\/juprotaim_pomiar.jpg\",\"width\":520,\"height\":145,\"caption\":\"Jupro Taim K.Krawczy\u0144ska i S-ka Sp.J.\"},\"image\":{\"@id\":\"https:\/\/jupro-taim.pl\/jtpomiar\/#\/schema\/logo\/image\/\"}}]}<\/script>\n<!-- \/ Yoast SEO plugin. -->","yoast_head_json":{"title":"Pomiary kontrolne na obiektach - Jupro Taim Pomiar","description":"Zalet\u0105 pomiaru bezinwazyjnym\u00a0 przep\u0142ywomierzem ultrad\u017awi\u0119kowym jest brak konieczno\u015bci\u00a0 przerywania procesu i brak fizycznej ingerencji w ruroci\u0105g. \u00a0","robots":{"index":"index","follow":"follow","max-snippet":"max-snippet:-1","max-image-preview":"max-image-preview:large","max-video-preview":"max-video-preview:-1"},"canonical":"https:\/\/jupro-taim.pl\/jtpomiar\/pomiary-kontrolne-na-obiektach\/","og_locale":"pl_PL","og_type":"article","og_title":"Pomiary kontrolne na obiektach - Jupro Taim Pomiar","og_description":"Zalet\u0105 pomiaru bezinwazyjnym\u00a0 przep\u0142ywomierzem ultrad\u017awi\u0119kowym jest brak konieczno\u015bci\u00a0 przerywania procesu i brak fizycznej ingerencji w ruroci\u0105g. \u00a0","og_url":"https:\/\/jupro-taim.pl\/jtpomiar\/pomiary-kontrolne-na-obiektach\/","og_site_name":"Jupro Taim Pomiar","article_modified_time":"2020-12-07T15:33:40+00:00","og_image":[{"url":"https:\/\/jupro-taim.pl\/jtpomiar\/wp-content\/uploads\/2019\/02\/pt900_na-strone-jtp.jpg","type":"","width":"","height":""}],"twitter_card":"summary_large_image","twitter_misc":{"Szacowany czas czytania":"1 minuta"},"schema":{"@context":"https:\/\/schema.org","@graph":[{"@type":"WebPage","@id":"https:\/\/jupro-taim.pl\/jtpomiar\/pomiary-kontrolne-na-obiektach\/","url":"https:\/\/jupro-taim.pl\/jtpomiar\/pomiary-kontrolne-na-obiektach\/","name":"Pomiary kontrolne na obiektach - Jupro Taim Pomiar","isPartOf":{"@id":"https:\/\/jupro-taim.pl\/jtpomiar\/#website"},"primaryImageOfPage":{"@id":"https:\/\/jupro-taim.pl\/jtpomiar\/pomiary-kontrolne-na-obiektach\/#primaryimage"},"image":{"@id":"https:\/\/jupro-taim.pl\/jtpomiar\/pomiary-kontrolne-na-obiektach\/#primaryimage"},"thumbnailUrl":"https:\/\/jupro-taim.pl\/jtpomiar\/wp-content\/uploads\/2019\/02\/pt900_na-strone-jtp.jpg","datePublished":"2019-02-08T13:31:25+00:00","dateModified":"2020-12-07T15:33:40+00:00","description":"Zalet\u0105 pomiaru bezinwazyjnym\u00a0 przep\u0142ywomierzem ultrad\u017awi\u0119kowym jest brak konieczno\u015bci\u00a0 przerywania procesu i brak fizycznej ingerencji w ruroci\u0105g. \u00a0","breadcrumb":{"@id":"https:\/\/jupro-taim.pl\/jtpomiar\/pomiary-kontrolne-na-obiektach\/#breadcrumb"},"inLanguage":"pl-PL","potentialAction":[{"@type":"ReadAction","target":["https:\/\/jupro-taim.pl\/jtpomiar\/pomiary-kontrolne-na-obiektach\/"]}]},{"@type":"ImageObject","inLanguage":"pl-PL","@id":"https:\/\/jupro-taim.pl\/jtpomiar\/pomiary-kontrolne-na-obiektach\/#primaryimage","url":"https:\/\/jupro-taim.pl\/jtpomiar\/wp-content\/uploads\/2019\/02\/pt900_na-strone-jtp.jpg","contentUrl":"https:\/\/jupro-taim.pl\/jtpomiar\/wp-content\/uploads\/2019\/02\/pt900_na-strone-jtp.jpg","width":800,"height":533},{"@type":"BreadcrumbList","@id":"https:\/\/jupro-taim.pl\/jtpomiar\/pomiary-kontrolne-na-obiektach\/#breadcrumb","itemListElement":[{"@type":"ListItem","position":1,"name":"Strona g\u0142\u00f3wna","item":"https:\/\/jupro-taim.pl\/jtpomiar\/"},{"@type":"ListItem","position":2,"name":"Pomiary kontrolne na obiektach"}]},{"@type":"WebSite","@id":"https:\/\/jupro-taim.pl\/jtpomiar\/#website","url":"https:\/\/jupro-taim.pl\/jtpomiar\/","name":"Jupro Taim Pomiar","description":"Kompleksowe rozwi\u0105zania dla przemys\u0142u","publisher":{"@id":"https:\/\/jupro-taim.pl\/jtpomiar\/#organization"},"potentialAction":[{"@type":"SearchAction","target":{"@type":"EntryPoint","urlTemplate":"https:\/\/jupro-taim.pl\/jtpomiar\/?s={search_term_string}"},"query-input":{"@type":"PropertyValueSpecification","valueRequired":true,"valueName":"search_term_string"}}],"inLanguage":"pl-PL"},{"@type":"Organization","@id":"https:\/\/jupro-taim.pl\/jtpomiar\/#organization","name":"Jupro Taim K.Krawczy\u0144ska i S-ka Sp.J.","url":"https:\/\/jupro-taim.pl\/jtpomiar\/","logo":{"@type":"ImageObject","inLanguage":"pl-PL","@id":"https:\/\/jupro-taim.pl\/jtpomiar\/#\/schema\/logo\/image\/","url":"https:\/\/jupro-taim.pl\/jtpomiar\/wp-content\/uploads\/2017\/08\/juprotaim_pomiar.jpg","contentUrl":"https:\/\/jupro-taim.pl\/jtpomiar\/wp-content\/uploads\/2017\/08\/juprotaim_pomiar.jpg","width":520,"height":145,"caption":"Jupro Taim K.Krawczy\u0144ska i S-ka Sp.J."},"image":{"@id":"https:\/\/jupro-taim.pl\/jtpomiar\/#\/schema\/logo\/image\/"}}]}},"_links":{"self":[{"href":"https:\/\/jupro-taim.pl\/jtpomiar\/wp-json\/wp\/v2\/pages\/1300","targetHints":{"allow":["GET"]}}],"collection":[{"href":"https:\/\/jupro-taim.pl\/jtpomiar\/wp-json\/wp\/v2\/pages"}],"about":[{"href":"https:\/\/jupro-taim.pl\/jtpomiar\/wp-json\/wp\/v2\/types\/page"}],"author":[{"embeddable":true,"href":"https:\/\/jupro-taim.pl\/jtpomiar\/wp-json\/wp\/v2\/users\/3"}],"replies":[{"embeddable":true,"href":"https:\/\/jupro-taim.pl\/jtpomiar\/wp-json\/wp\/v2\/comments?post=1300"}],"version-history":[{"count":28,"href":"https:\/\/jupro-taim.pl\/jtpomiar\/wp-json\/wp\/v2\/pages\/1300\/revisions"}],"predecessor-version":[{"id":1466,"href":"https:\/\/jupro-taim.pl\/jtpomiar\/wp-json\/wp\/v2\/pages\/1300\/revisions\/1466"}],"wp:attachment":[{"href":"https:\/\/jupro-taim.pl\/jtpomiar\/wp-json\/wp\/v2\/media?parent=1300"}],"curies":[{"name":"wp","href":"https:\/\/api.w.org\/{rel}","templated":true}]}}