{"id":12,"date":"2017-02-28T14:28:01","date_gmt":"2017-02-28T13:28:01","guid":{"rendered":"http:\/\/jtpomiar.pl\/?page_id=12"},"modified":"2017-06-29T18:41:27","modified_gmt":"2017-06-29T16:41:27","slug":"firma","status":"publish","type":"page","link":"https:\/\/jupro-taim.pl\/jtpomiar\/firma\/","title":{"rendered":"Firma"},"content":{"rendered":"<p style=\"text-align: justify;\">Jupro-Taim Pomiar jako jednostka biznesowa Jupro-Taim specjalizuje si\u0119 w kompleksowej obs\u0142udze w naszych Partner\u00f3w biznesowych, oferuj\u0105c im szeroki asortyment produkt\u00f3w i kompletne rozwi\u0105zania systemowe w zakresie:<\/p>\n<ul>\n<li><a href=\"https:\/\/jupro-taim.pl\/jtpomiar\/kategorie-produktu\/oferta\/pomiary-procesowe\/\">pomiar\u00f3w procesowych<\/a><\/li>\n<li><a href=\"https:\/\/jupro-taim.pl\/jtpomiar\/kategorie-produktu\/oferta\/efektywne-zarzadzanie-energia\/\">efektywnego zaradzania energi\u0105<\/a><\/li>\n<li><a href=\"https:\/\/jupro-taim.pl\/jtpomiar\/kategorie-produktu\/oferta\/kompensacja-mocy-biernej-filtracja-harmonicznych\/\">kompensacji mocy biernej i filtracji harmonicznych<\/a><\/li>\n<\/ul>\n<p style=\"text-align: justify;\">Jupro-Taim jest aktywnie obecna na rynku od 1994 roku, skutecznie zwi\u0119kszaj\u0105c zakres swojej oferty i obszary dzia\u0142alno\u015bci przy nieustannym podnoszeniu jako\u015bci swoich us\u0142ug. Profesjonalne rozwi\u0105zania dla przemys\u0142u i dostawa aparatury w zakresie elektrotechniki, automatyki, pneumatyki to g\u0142\u00f3wne obszary dzia\u0142alno\u015bci firmy.<\/p>\n<p><img fetchpriority=\"high\" decoding=\"async\" class=\"alignnone size-full wp-image-759\" src=\"https:\/\/jupro-taim.pl\/jtpomiar\/wp-content\/uploads\/2017\/02\/firma.jpg\" alt=\"\" width=\"840\" height=\"437\" srcset=\"https:\/\/jupro-taim.pl\/jtpomiar\/wp-content\/uploads\/2017\/02\/firma.jpg 840w, https:\/\/jupro-taim.pl\/jtpomiar\/wp-content\/uploads\/2017\/02\/firma-300x156.jpg 300w, https:\/\/jupro-taim.pl\/jtpomiar\/wp-content\/uploads\/2017\/02\/firma-768x400.jpg 768w\" sizes=\"(max-width: 709px) 85vw, (max-width: 909px) 67vw, (max-width: 1362px) 62vw, 840px\" \/><\/p>\n<p style=\"text-align: justify;\">Nasz zesp\u00f3\u0142 to grupa do\u015bwiadczonych, kompetentnych in\u017cynier\u00f3w i specjalist\u00f3w otwartych<br \/>\nna wiedz\u0119 i najnowsze technologie.<\/p>\n<p style=\"text-align: justify;\">Wsp\u00f3\u0142pracujemy z <a href=\"https:\/\/jupro-taim.pl\/jtpomiar\/producenci\/\">czo\u0142owymi producentami<\/a> z kraju i z zagranicy, dzi\u0119ki temu oferujemy naszym Partnerom biznesowym najwy\u017cszej jako\u015bci produkty i najlepsze rozwi\u0105zania.<\/p>\n","protected":false},"excerpt":{"rendered":"<p>Jupro-Taim Pomiar jako jednostka biznesowa Jupro-Taim specjalizuje si\u0119 w kompleksowej obs\u0142udze w naszych Partner\u00f3w biznesowych, oferuj\u0105c im szeroki asortyment produkt\u00f3w i kompletne rozwi\u0105zania systemowe w zakresie: pomiar\u00f3w procesowych efektywnego zaradzania energi\u0105 kompensacji mocy biernej i filtracji harmonicznych Jupro-Taim jest aktywnie obecna na rynku od 1994 roku, skutecznie zwi\u0119kszaj\u0105c zakres swojej oferty i obszary dzia\u0142alno\u015bci przy &hellip; <a href=\"https:\/\/jupro-taim.pl\/jtpomiar\/firma\/\" class=\"more-link\">Czytaj dalej<span class=\"screen-reader-text\"> Firma<\/span><\/a><\/p>\n","protected":false},"author":1,"featured_media":0,"parent":0,"menu_order":0,"comment_status":"closed","ping_status":"closed","template":"","meta":{"footnotes":""},"class_list":["post-12","page","type-page","status-publish","hentry"],"yoast_head":"<!-- This site is optimized with the Yoast SEO plugin v26.1.1 - https:\/\/yoast.com\/wordpress\/plugins\/seo\/ -->\n<title>Firma - Jupro Taim Pomiar<\/title>\n<meta name=\"description\" content=\"Jupro-Taim Pomiar jako jednostka biznesowa Jupro-Taim specjalizuje si\u0119 w kompleksowej obs\u0142udze w naszych Partner\u00f3w biznesowych, oferuj\u0105c im szeroki\" \/>\n<meta name=\"robots\" content=\"index, follow, max-snippet:-1, max-image-preview:large, max-video-preview:-1\" \/>\n<link rel=\"canonical\" href=\"https:\/\/jupro-taim.pl\/jtpomiar\/firma\/\" \/>\n<meta property=\"og:locale\" content=\"pl_PL\" \/>\n<meta property=\"og:type\" content=\"article\" \/>\n<meta property=\"og:title\" content=\"Firma - Jupro Taim Pomiar\" \/>\n<meta property=\"og:description\" content=\"Jupro-Taim Pomiar jako jednostka biznesowa Jupro-Taim specjalizuje si\u0119 w kompleksowej obs\u0142udze w naszych Partner\u00f3w biznesowych, oferuj\u0105c im szeroki\" \/>\n<meta property=\"og:url\" content=\"https:\/\/jupro-taim.pl\/jtpomiar\/firma\/\" \/>\n<meta property=\"og:site_name\" content=\"Jupro Taim Pomiar\" \/>\n<meta property=\"article:modified_time\" content=\"2017-06-29T16:41:27+00:00\" \/>\n<meta property=\"og:image\" content=\"https:\/\/jupro-taim.pl\/jtpomiar\/wp-content\/uploads\/2017\/02\/firma.jpg\" \/>\n<meta name=\"twitter:card\" content=\"summary_large_image\" \/>\n<meta name=\"twitter:label1\" content=\"Szacowany czas czytania\" \/>\n\t<meta name=\"twitter:data1\" content=\"1 minuta\" \/>\n<script type=\"application\/ld+json\" class=\"yoast-schema-graph\">{\"@context\":\"https:\/\/schema.org\",\"@graph\":[{\"@type\":\"WebPage\",\"@id\":\"https:\/\/jupro-taim.pl\/jtpomiar\/firma\/\",\"url\":\"https:\/\/jupro-taim.pl\/jtpomiar\/firma\/\",\"name\":\"Firma - Jupro Taim Pomiar\",\"isPartOf\":{\"@id\":\"https:\/\/jupro-taim.pl\/jtpomiar\/#website\"},\"primaryImageOfPage\":{\"@id\":\"https:\/\/jupro-taim.pl\/jtpomiar\/firma\/#primaryimage\"},\"image\":{\"@id\":\"https:\/\/jupro-taim.pl\/jtpomiar\/firma\/#primaryimage\"},\"thumbnailUrl\":\"https:\/\/jupro-taim.pl\/jtpomiar\/wp-content\/uploads\/2017\/02\/firma.jpg\",\"datePublished\":\"2017-02-28T13:28:01+00:00\",\"dateModified\":\"2017-06-29T16:41:27+00:00\",\"description\":\"Jupro-Taim Pomiar jako jednostka biznesowa Jupro-Taim specjalizuje si\u0119 w kompleksowej obs\u0142udze w naszych Partner\u00f3w biznesowych, oferuj\u0105c im szeroki\",\"breadcrumb\":{\"@id\":\"https:\/\/jupro-taim.pl\/jtpomiar\/firma\/#breadcrumb\"},\"inLanguage\":\"pl-PL\",\"potentialAction\":[{\"@type\":\"ReadAction\",\"target\":[\"https:\/\/jupro-taim.pl\/jtpomiar\/firma\/\"]}]},{\"@type\":\"ImageObject\",\"inLanguage\":\"pl-PL\",\"@id\":\"https:\/\/jupro-taim.pl\/jtpomiar\/firma\/#primaryimage\",\"url\":\"https:\/\/jupro-taim.pl\/jtpomiar\/wp-content\/uploads\/2017\/02\/firma.jpg\",\"contentUrl\":\"https:\/\/jupro-taim.pl\/jtpomiar\/wp-content\/uploads\/2017\/02\/firma.jpg\",\"width\":840,\"height\":437},{\"@type\":\"BreadcrumbList\",\"@id\":\"https:\/\/jupro-taim.pl\/jtpomiar\/firma\/#breadcrumb\",\"itemListElement\":[{\"@type\":\"ListItem\",\"position\":1,\"name\":\"Strona g\u0142\u00f3wna\",\"item\":\"https:\/\/jupro-taim.pl\/jtpomiar\/\"},{\"@type\":\"ListItem\",\"position\":2,\"name\":\"Firma\"}]},{\"@type\":\"WebSite\",\"@id\":\"https:\/\/jupro-taim.pl\/jtpomiar\/#website\",\"url\":\"https:\/\/jupro-taim.pl\/jtpomiar\/\",\"name\":\"Jupro Taim Pomiar\",\"description\":\"Kompleksowe rozwi\u0105zania dla przemys\u0142u\",\"publisher\":{\"@id\":\"https:\/\/jupro-taim.pl\/jtpomiar\/#organization\"},\"potentialAction\":[{\"@type\":\"SearchAction\",\"target\":{\"@type\":\"EntryPoint\",\"urlTemplate\":\"https:\/\/jupro-taim.pl\/jtpomiar\/?s={search_term_string}\"},\"query-input\":{\"@type\":\"PropertyValueSpecification\",\"valueRequired\":true,\"valueName\":\"search_term_string\"}}],\"inLanguage\":\"pl-PL\"},{\"@type\":\"Organization\",\"@id\":\"https:\/\/jupro-taim.pl\/jtpomiar\/#organization\",\"name\":\"Jupro Taim K.Krawczy\u0144ska i S-ka Sp.J.\",\"url\":\"https:\/\/jupro-taim.pl\/jtpomiar\/\",\"logo\":{\"@type\":\"ImageObject\",\"inLanguage\":\"pl-PL\",\"@id\":\"https:\/\/jupro-taim.pl\/jtpomiar\/#\/schema\/logo\/image\/\",\"url\":\"https:\/\/jupro-taim.pl\/jtpomiar\/wp-content\/uploads\/2017\/08\/juprotaim_pomiar.jpg\",\"contentUrl\":\"https:\/\/jupro-taim.pl\/jtpomiar\/wp-content\/uploads\/2017\/08\/juprotaim_pomiar.jpg\",\"width\":520,\"height\":145,\"caption\":\"Jupro Taim K.Krawczy\u0144ska i S-ka Sp.J.\"},\"image\":{\"@id\":\"https:\/\/jupro-taim.pl\/jtpomiar\/#\/schema\/logo\/image\/\"}}]}<\/script>\n<!-- \/ Yoast SEO plugin. -->","yoast_head_json":{"title":"Firma - Jupro Taim Pomiar","description":"Jupro-Taim Pomiar jako jednostka biznesowa Jupro-Taim specjalizuje si\u0119 w kompleksowej obs\u0142udze w naszych Partner\u00f3w biznesowych, oferuj\u0105c im szeroki","robots":{"index":"index","follow":"follow","max-snippet":"max-snippet:-1","max-image-preview":"max-image-preview:large","max-video-preview":"max-video-preview:-1"},"canonical":"https:\/\/jupro-taim.pl\/jtpomiar\/firma\/","og_locale":"pl_PL","og_type":"article","og_title":"Firma - Jupro Taim Pomiar","og_description":"Jupro-Taim Pomiar jako jednostka biznesowa Jupro-Taim specjalizuje si\u0119 w kompleksowej obs\u0142udze w naszych Partner\u00f3w biznesowych, oferuj\u0105c im szeroki","og_url":"https:\/\/jupro-taim.pl\/jtpomiar\/firma\/","og_site_name":"Jupro Taim Pomiar","article_modified_time":"2017-06-29T16:41:27+00:00","og_image":[{"url":"https:\/\/jupro-taim.pl\/jtpomiar\/wp-content\/uploads\/2017\/02\/firma.jpg","type":"","width":"","height":""}],"twitter_card":"summary_large_image","twitter_misc":{"Szacowany czas czytania":"1 minuta"},"schema":{"@context":"https:\/\/schema.org","@graph":[{"@type":"WebPage","@id":"https:\/\/jupro-taim.pl\/jtpomiar\/firma\/","url":"https:\/\/jupro-taim.pl\/jtpomiar\/firma\/","name":"Firma - Jupro Taim Pomiar","isPartOf":{"@id":"https:\/\/jupro-taim.pl\/jtpomiar\/#website"},"primaryImageOfPage":{"@id":"https:\/\/jupro-taim.pl\/jtpomiar\/firma\/#primaryimage"},"image":{"@id":"https:\/\/jupro-taim.pl\/jtpomiar\/firma\/#primaryimage"},"thumbnailUrl":"https:\/\/jupro-taim.pl\/jtpomiar\/wp-content\/uploads\/2017\/02\/firma.jpg","datePublished":"2017-02-28T13:28:01+00:00","dateModified":"2017-06-29T16:41:27+00:00","description":"Jupro-Taim Pomiar jako jednostka biznesowa Jupro-Taim specjalizuje si\u0119 w kompleksowej obs\u0142udze w naszych Partner\u00f3w biznesowych, oferuj\u0105c im szeroki","breadcrumb":{"@id":"https:\/\/jupro-taim.pl\/jtpomiar\/firma\/#breadcrumb"},"inLanguage":"pl-PL","potentialAction":[{"@type":"ReadAction","target":["https:\/\/jupro-taim.pl\/jtpomiar\/firma\/"]}]},{"@type":"ImageObject","inLanguage":"pl-PL","@id":"https:\/\/jupro-taim.pl\/jtpomiar\/firma\/#primaryimage","url":"https:\/\/jupro-taim.pl\/jtpomiar\/wp-content\/uploads\/2017\/02\/firma.jpg","contentUrl":"https:\/\/jupro-taim.pl\/jtpomiar\/wp-content\/uploads\/2017\/02\/firma.jpg","width":840,"height":437},{"@type":"BreadcrumbList","@id":"https:\/\/jupro-taim.pl\/jtpomiar\/firma\/#breadcrumb","itemListElement":[{"@type":"ListItem","position":1,"name":"Strona g\u0142\u00f3wna","item":"https:\/\/jupro-taim.pl\/jtpomiar\/"},{"@type":"ListItem","position":2,"name":"Firma"}]},{"@type":"WebSite","@id":"https:\/\/jupro-taim.pl\/jtpomiar\/#website","url":"https:\/\/jupro-taim.pl\/jtpomiar\/","name":"Jupro Taim Pomiar","description":"Kompleksowe rozwi\u0105zania dla przemys\u0142u","publisher":{"@id":"https:\/\/jupro-taim.pl\/jtpomiar\/#organization"},"potentialAction":[{"@type":"SearchAction","target":{"@type":"EntryPoint","urlTemplate":"https:\/\/jupro-taim.pl\/jtpomiar\/?s={search_term_string}"},"query-input":{"@type":"PropertyValueSpecification","valueRequired":true,"valueName":"search_term_string"}}],"inLanguage":"pl-PL"},{"@type":"Organization","@id":"https:\/\/jupro-taim.pl\/jtpomiar\/#organization","name":"Jupro Taim K.Krawczy\u0144ska i S-ka Sp.J.","url":"https:\/\/jupro-taim.pl\/jtpomiar\/","logo":{"@type":"ImageObject","inLanguage":"pl-PL","@id":"https:\/\/jupro-taim.pl\/jtpomiar\/#\/schema\/logo\/image\/","url":"https:\/\/jupro-taim.pl\/jtpomiar\/wp-content\/uploads\/2017\/08\/juprotaim_pomiar.jpg","contentUrl":"https:\/\/jupro-taim.pl\/jtpomiar\/wp-content\/uploads\/2017\/08\/juprotaim_pomiar.jpg","width":520,"height":145,"caption":"Jupro Taim K.Krawczy\u0144ska i S-ka Sp.J."},"image":{"@id":"https:\/\/jupro-taim.pl\/jtpomiar\/#\/schema\/logo\/image\/"}}]}},"_links":{"self":[{"href":"https:\/\/jupro-taim.pl\/jtpomiar\/wp-json\/wp\/v2\/pages\/12","targetHints":{"allow":["GET"]}}],"collection":[{"href":"https:\/\/jupro-taim.pl\/jtpomiar\/wp-json\/wp\/v2\/pages"}],"about":[{"href":"https:\/\/jupro-taim.pl\/jtpomiar\/wp-json\/wp\/v2\/types\/page"}],"author":[{"embeddable":true,"href":"https:\/\/jupro-taim.pl\/jtpomiar\/wp-json\/wp\/v2\/users\/1"}],"replies":[{"embeddable":true,"href":"https:\/\/jupro-taim.pl\/jtpomiar\/wp-json\/wp\/v2\/comments?post=12"}],"version-history":[{"count":0,"href":"https:\/\/jupro-taim.pl\/jtpomiar\/wp-json\/wp\/v2\/pages\/12\/revisions"}],"wp:attachment":[{"href":"https:\/\/jupro-taim.pl\/jtpomiar\/wp-json\/wp\/v2\/media?parent=12"}],"curies":[{"name":"wp","href":"https:\/\/api.w.org\/{rel}","templated":true}]}}