{"id":647,"date":"2018-07-23T13:43:24","date_gmt":"2018-07-23T11:43:24","guid":{"rendered":"http:\/\/www.jtmarine.pl\/?page_id=647"},"modified":"2018-07-23T14:19:17","modified_gmt":"2018-07-23T12:19:17","slug":"panele-zasilania","status":"publish","type":"page","link":"https:\/\/jupro-taim.pl\/jtmarine\/produkty\/panele-zasilania\/","title":{"rendered":"Panele zasilania"},"content":{"rendered":"<p>[et_pb_section fb_built=&#8221;1&#8243; _builder_version=&#8221;3.0.47&#8243;][et_pb_row _builder_version=&#8221;3.5.1&#8243;][et_pb_column type=&#8221;4_4&#8243; _builder_version=&#8221;3.0.47&#8243; parallax=&#8221;off&#8221; parallax_method=&#8221;on&#8221;][et_pb_text _builder_version=&#8221;3.9&#8243; header_2_font_size=&#8221;28px&#8221; border_color_bottom=&#8221;#cbecfb&#8221; animation_style=&#8221;fade&#8221;]<\/p>\n<h2 style=\"text-align: center;\"><span style=\"color: #009ee3;\">PANELE ZASILANIA<\/span><\/h2>\n<p>[\/et_pb_text][\/et_pb_column][\/et_pb_row][et_pb_row custom_padding=&#8221;0px|||&#8221; _builder_version=&#8221;3.9&#8243; module_alignment=&#8221;center&#8221;][et_pb_column type=&#8221;4_4&#8243; _builder_version=&#8221;3.0.47&#8243; parallax=&#8221;off&#8221; parallax_method=&#8221;on&#8221;][et_pb_text _builder_version=&#8221;3.9&#8243; animation_style=&#8221;fade&#8221;]<\/p>\n<p><img loading=\"lazy\" decoding=\"async\" class=\"aligncenter wp-image-607 size-medium\" src=\"https:\/\/jupro-taim.pl\/jtmarine\/wp-content\/uploads\/2018\/07\/glowna-nereide-300x190.png\" alt=\"\" width=\"300\" height=\"190\" srcset=\"https:\/\/jupro-taim.pl\/jtmarine\/wp-content\/uploads\/2018\/07\/glowna-nereide-300x190.png 300w, https:\/\/jupro-taim.pl\/jtmarine\/wp-content\/uploads\/2018\/07\/glowna-nereide-768x486.png 768w, https:\/\/jupro-taim.pl\/jtmarine\/wp-content\/uploads\/2018\/07\/glowna-nereide.png 875w\" sizes=\"(max-width: 300px) 100vw, 300px\" \/><\/p>\n<p>\u00a0<\/p>\n<p>[\/et_pb_text][et_pb_text _builder_version=&#8221;3.9&#8243; animation_style=&#8221;fade&#8221;]<\/p>\n<h3 style=\"text-align: center;\"><span style=\"color: #009ee3;\">NEREIDE<br \/> <\/span><\/h3>\n<p style=\"text-align: center;\"><span style=\"color: #999999;\">\u00a0cena \u20ac dostepna wkr\u00f3tce<br \/><\/span><\/p>\n<p style=\"text-align: center;\">INTELIGENTNY PANEL ZASILANIA<\/p>\n<p><a class=\"et_pb_button et_pb_button_0 et_pb_bg_layout_light guziki et_pb_button-center\" href=\"https:\/\/jupro-taim.pl\/jtmarine\/marki\/simarine\/nereide\/\">Szczeg\u00f3\u0142y<\/a><\/p>\n<p>[\/et_pb_text][\/et_pb_column][\/et_pb_row][\/et_pb_section]<\/p>\n","protected":false},"excerpt":{"rendered":"<p>PANELE ZASILANIA \u00a0NEREIDE \u00a0cena \u20ac dostepna wkr\u00f3tce INTELIGENTNY PANEL ZASILANIA Szczeg\u00f3\u0142y<\/p>\n","protected":false},"author":2,"featured_media":0,"parent":380,"menu_order":0,"comment_status":"closed","ping_status":"closed","template":"","meta":{"_et_pb_use_builder":"on","_et_pb_old_content":"","_et_gb_content_width":"","footnotes":""},"class_list":["post-647","page","type-page","status-publish","hentry"],"yoast_head":"<!-- This site is optimized with the Yoast SEO plugin v23.6 - https:\/\/yoast.com\/wordpress\/plugins\/seo\/ -->\n<title>Panele zasilania - jtmarine<\/title>\n<meta name=\"robots\" content=\"index, follow, max-snippet:-1, max-image-preview:large, max-video-preview:-1\" \/>\n<link rel=\"canonical\" href=\"https:\/\/jupro-taim.pl\/jtmarine\/produkty\/panele-zasilania\/\" \/>\n<meta property=\"og:locale\" content=\"en_US\" \/>\n<meta property=\"og:type\" content=\"article\" \/>\n<meta property=\"og:title\" content=\"Panele zasilania - jtmarine\" \/>\n<meta property=\"og:url\" content=\"https:\/\/jupro-taim.pl\/jtmarine\/produkty\/panele-zasilania\/\" \/>\n<meta property=\"og:site_name\" content=\"jtmarine\" \/>\n<meta property=\"article:modified_time\" content=\"2018-07-23T12:19:17+00:00\" \/>\n<meta property=\"og:image\" content=\"https:\/\/jupro-taim.pl\/jtmarine\/wp-content\/uploads\/2018\/07\/glowna-nereide-300x190.png\" \/>\n<meta name=\"twitter:card\" content=\"summary_large_image\" \/>\n<meta name=\"twitter:label1\" content=\"Est. reading time\" \/>\n\t<meta name=\"twitter:data1\" content=\"1 minute\" \/>\n<script type=\"application\/ld+json\" class=\"yoast-schema-graph\">{\"@context\":\"https:\/\/schema.org\",\"@graph\":[{\"@type\":\"WebPage\",\"@id\":\"https:\/\/jupro-taim.pl\/jtmarine\/produkty\/panele-zasilania\/\",\"url\":\"https:\/\/jupro-taim.pl\/jtmarine\/produkty\/panele-zasilania\/\",\"name\":\"Panele zasilania - jtmarine\",\"isPartOf\":{\"@id\":\"https:\/\/jupro-taim.pl\/jtmarine\/#website\"},\"primaryImageOfPage\":{\"@id\":\"https:\/\/jupro-taim.pl\/jtmarine\/produkty\/panele-zasilania\/#primaryimage\"},\"image\":{\"@id\":\"https:\/\/jupro-taim.pl\/jtmarine\/produkty\/panele-zasilania\/#primaryimage\"},\"thumbnailUrl\":\"https:\/\/jupro-taim.pl\/jtmarine\/wp-content\/uploads\/2018\/07\/glowna-nereide-300x190.png\",\"datePublished\":\"2018-07-23T11:43:24+00:00\",\"dateModified\":\"2018-07-23T12:19:17+00:00\",\"breadcrumb\":{\"@id\":\"https:\/\/jupro-taim.pl\/jtmarine\/produkty\/panele-zasilania\/#breadcrumb\"},\"inLanguage\":\"en-US\",\"potentialAction\":[{\"@type\":\"ReadAction\",\"target\":[\"https:\/\/jupro-taim.pl\/jtmarine\/produkty\/panele-zasilania\/\"]}]},{\"@type\":\"ImageObject\",\"inLanguage\":\"en-US\",\"@id\":\"https:\/\/jupro-taim.pl\/jtmarine\/produkty\/panele-zasilania\/#primaryimage\",\"url\":\"https:\/\/jupro-taim.pl\/jtmarine\/wp-content\/uploads\/2018\/07\/glowna-nereide-300x190.png\",\"contentUrl\":\"https:\/\/jupro-taim.pl\/jtmarine\/wp-content\/uploads\/2018\/07\/glowna-nereide-300x190.png\"},{\"@type\":\"BreadcrumbList\",\"@id\":\"https:\/\/jupro-taim.pl\/jtmarine\/produkty\/panele-zasilania\/#breadcrumb\",\"itemListElement\":[{\"@type\":\"ListItem\",\"position\":1,\"name\":\"Strona g\u0142\u00f3wna\",\"item\":\"https:\/\/jupro-taim.pl\/jtmarine\/\"},{\"@type\":\"ListItem\",\"position\":2,\"name\":\"Produkty\",\"item\":\"https:\/\/jupro-taim.pl\/jtmarine\/produkty\/\"},{\"@type\":\"ListItem\",\"position\":3,\"name\":\"Panele zasilania\"}]},{\"@type\":\"WebSite\",\"@id\":\"https:\/\/jupro-taim.pl\/jtmarine\/#website\",\"url\":\"https:\/\/jupro-taim.pl\/jtmarine\/\",\"name\":\"jtmarine\",\"description\":\"\",\"potentialAction\":[{\"@type\":\"SearchAction\",\"target\":{\"@type\":\"EntryPoint\",\"urlTemplate\":\"https:\/\/jupro-taim.pl\/jtmarine\/?s={search_term_string}\"},\"query-input\":{\"@type\":\"PropertyValueSpecification\",\"valueRequired\":true,\"valueName\":\"search_term_string\"}}],\"inLanguage\":\"en-US\"}]}<\/script>\n<!-- \/ Yoast SEO plugin. -->","yoast_head_json":{"title":"Panele zasilania - jtmarine","robots":{"index":"index","follow":"follow","max-snippet":"max-snippet:-1","max-image-preview":"max-image-preview:large","max-video-preview":"max-video-preview:-1"},"canonical":"https:\/\/jupro-taim.pl\/jtmarine\/produkty\/panele-zasilania\/","og_locale":"en_US","og_type":"article","og_title":"Panele zasilania - jtmarine","og_url":"https:\/\/jupro-taim.pl\/jtmarine\/produkty\/panele-zasilania\/","og_site_name":"jtmarine","article_modified_time":"2018-07-23T12:19:17+00:00","og_image":[{"url":"https:\/\/jupro-taim.pl\/jtmarine\/wp-content\/uploads\/2018\/07\/glowna-nereide-300x190.png"}],"twitter_card":"summary_large_image","twitter_misc":{"Est. reading time":"1 minute"},"schema":{"@context":"https:\/\/schema.org","@graph":[{"@type":"WebPage","@id":"https:\/\/jupro-taim.pl\/jtmarine\/produkty\/panele-zasilania\/","url":"https:\/\/jupro-taim.pl\/jtmarine\/produkty\/panele-zasilania\/","name":"Panele zasilania - jtmarine","isPartOf":{"@id":"https:\/\/jupro-taim.pl\/jtmarine\/#website"},"primaryImageOfPage":{"@id":"https:\/\/jupro-taim.pl\/jtmarine\/produkty\/panele-zasilania\/#primaryimage"},"image":{"@id":"https:\/\/jupro-taim.pl\/jtmarine\/produkty\/panele-zasilania\/#primaryimage"},"thumbnailUrl":"https:\/\/jupro-taim.pl\/jtmarine\/wp-content\/uploads\/2018\/07\/glowna-nereide-300x190.png","datePublished":"2018-07-23T11:43:24+00:00","dateModified":"2018-07-23T12:19:17+00:00","breadcrumb":{"@id":"https:\/\/jupro-taim.pl\/jtmarine\/produkty\/panele-zasilania\/#breadcrumb"},"inLanguage":"en-US","potentialAction":[{"@type":"ReadAction","target":["https:\/\/jupro-taim.pl\/jtmarine\/produkty\/panele-zasilania\/"]}]},{"@type":"ImageObject","inLanguage":"en-US","@id":"https:\/\/jupro-taim.pl\/jtmarine\/produkty\/panele-zasilania\/#primaryimage","url":"https:\/\/jupro-taim.pl\/jtmarine\/wp-content\/uploads\/2018\/07\/glowna-nereide-300x190.png","contentUrl":"https:\/\/jupro-taim.pl\/jtmarine\/wp-content\/uploads\/2018\/07\/glowna-nereide-300x190.png"},{"@type":"BreadcrumbList","@id":"https:\/\/jupro-taim.pl\/jtmarine\/produkty\/panele-zasilania\/#breadcrumb","itemListElement":[{"@type":"ListItem","position":1,"name":"Strona g\u0142\u00f3wna","item":"https:\/\/jupro-taim.pl\/jtmarine\/"},{"@type":"ListItem","position":2,"name":"Produkty","item":"https:\/\/jupro-taim.pl\/jtmarine\/produkty\/"},{"@type":"ListItem","position":3,"name":"Panele zasilania"}]},{"@type":"WebSite","@id":"https:\/\/jupro-taim.pl\/jtmarine\/#website","url":"https:\/\/jupro-taim.pl\/jtmarine\/","name":"jtmarine","description":"","potentialAction":[{"@type":"SearchAction","target":{"@type":"EntryPoint","urlTemplate":"https:\/\/jupro-taim.pl\/jtmarine\/?s={search_term_string}"},"query-input":{"@type":"PropertyValueSpecification","valueRequired":true,"valueName":"search_term_string"}}],"inLanguage":"en-US"}]}},"_links":{"self":[{"href":"https:\/\/jupro-taim.pl\/jtmarine\/wp-json\/wp\/v2\/pages\/647"}],"collection":[{"href":"https:\/\/jupro-taim.pl\/jtmarine\/wp-json\/wp\/v2\/pages"}],"about":[{"href":"https:\/\/jupro-taim.pl\/jtmarine\/wp-json\/wp\/v2\/types\/page"}],"author":[{"embeddable":true,"href":"https:\/\/jupro-taim.pl\/jtmarine\/wp-json\/wp\/v2\/users\/2"}],"replies":[{"embeddable":true,"href":"https:\/\/jupro-taim.pl\/jtmarine\/wp-json\/wp\/v2\/comments?post=647"}],"version-history":[{"count":3,"href":"https:\/\/jupro-taim.pl\/jtmarine\/wp-json\/wp\/v2\/pages\/647\/revisions"}],"predecessor-version":[{"id":655,"href":"https:\/\/jupro-taim.pl\/jtmarine\/wp-json\/wp\/v2\/pages\/647\/revisions\/655"}],"up":[{"embeddable":true,"href":"https:\/\/jupro-taim.pl\/jtmarine\/wp-json\/wp\/v2\/pages\/380"}],"wp:attachment":[{"href":"https:\/\/jupro-taim.pl\/jtmarine\/wp-json\/wp\/v2\/media?parent=647"}],"curies":[{"name":"wp","href":"https:\/\/api.w.org\/{rel}","templated":true}]}}