{"id":526,"date":"2018-06-29T14:11:31","date_gmt":"2018-06-29T12:11:31","guid":{"rendered":"http:\/\/www.jtmarine.pl\/?page_id=526"},"modified":"2018-07-11T13:24:39","modified_gmt":"2018-07-11T11:24:39","slug":"pico-blue-zestaw","status":"publish","type":"page","link":"https:\/\/jupro-taim.pl\/jtmarine\/produkty\/monitorowanie-baterii\/pico-blue-zestaw\/","title":{"rendered":"PICO BLUE ZESTAW"},"content":{"rendered":"<p>[et_pb_section bb_built=&#8221;1&#8243;][et_pb_row _builder_version=&#8221;3.6&#8243; custom_padding=&#8221;||0px|&#8221; custom_margin=&#8221;||0px|&#8221; padding_bottom_1=&#8221;0px&#8221;][et_pb_column type=&#8221;4_4&#8243;][et_pb_post_title _builder_version=&#8221;3.7.1&#8243; meta=&#8221;off&#8221; author=&#8221;off&#8221; date=&#8221;off&#8221; featured_image=&#8221;off&#8221; custom_margin=&#8221;||0px|&#8221; custom_padding=&#8221;||0px|&#8221; module_class=&#8221;zero-pad&#8221; title_font_size=&#8221;30px&#8221; \/][\/et_pb_column][\/et_pb_row][et_pb_row _builder_version=&#8221;3.6&#8243; custom_padding=&#8221;17px|||&#8221;][et_pb_column type=&#8221;1_2&#8243;][et_pb_text _builder_version=&#8221;3.9&#8243;]<\/p>\n<p><span style=\"font-size: 25px; color: #58c1ef; font-weight: 500;\">Cena: 499\u00a0\u20ac<\/span>\u00a0<a class=\"et_pb_button et_pb_button_0 et_pb_bg_layout_light guziki170 et_pb_button-right\" style=\"margin-top: -4px;\" href=\"https:\/\/jupro-taim.pl\/jtmarine\/e-sklep\/\">Id\u017a do sklepu<\/a><\/p>\n<p>[\/et_pb_text][et_pb_accordion _builder_version=&#8221;3.9&#8243;][et_pb_accordion_item _builder_version=&#8221;3.9&#8243; title=&#8221;Szczeg\u00f3\u0142y produktu&#8221; use_background_color_gradient=&#8221;off&#8221; background_color_gradient_start=&#8221;#2b87da&#8221; background_color_gradient_end=&#8221;#29c4a9&#8243; background_color_gradient_type=&#8221;linear&#8221; background_color_gradient_direction=&#8221;180deg&#8221; background_color_gradient_direction_radial=&#8221;center&#8221; background_color_gradient_start_position=&#8221;0%&#8221; background_color_gradient_end_position=&#8221;100%&#8221; background_color_gradient_overlays_image=&#8221;off&#8221; parallax=&#8221;off&#8221; parallax_method=&#8221;on&#8221; background_size=&#8221;cover&#8221; background_position=&#8221;center&#8221; background_repeat=&#8221;no-repeat&#8221; background_blend=&#8221;normal&#8221; allow_player_pause=&#8221;off&#8221; background_video_pause_outside_viewport=&#8221;on&#8221; text_shadow_style=&#8221;none&#8221; box_shadow_style=&#8221;none&#8221; text_shadow_horizontal_length=&#8221;0em&#8221; text_shadow_vertical_length=&#8221;0em&#8221; text_shadow_blur_strength=&#8221;0em&#8221;]<\/p>\n<p>PICO BLUE ZESTAW<\/p>\n<p>\u00bb <a href=\"https:\/\/jupro-taim.pl\/jtmarine\/produkty\/monitorowanie-baterii\/pico\/\">1x PICO wy\u015bwietlacz<\/a><br \/>\n\u00bb <a href=\"https:\/\/jupro-taim.pl\/jtmarine\/produkty\/monitorowanie-baterii\/aktywny-bocznik-sc501\/\">1x SC501 bocznik<\/a><br \/>\n\u00bb <a href=\"https:\/\/jupro-taim.pl\/jtmarine\/produkty\/monitorowanie-baterii\/st107-modul-poziomu-zbiornika-napiecia-i-temperatury-baterii\/\">1x ST107 modu\u0142 napi\u0119ciowy i zbiornika<\/a><br \/>\n\u00bb <a href=\"https:\/\/jupro-taim.pl\/jtmarine\/produkty\/monitorowanie-baterii\/scq25t-bocznik-interfejs-zbiornika-i-modulu-napieciowy\/\">1x SCQ25 quadro modu\u0142 bocznikowy<\/a><\/p>\n<p style=\"text-align: justify;\">Mo\u017cliwo\u015b\u0107 rozbudowy i kompatybilny z wszystkimi bocznikami oraz modu\u0142ami SIMARINE.<\/p>\n<p style=\"text-align: justify;\">Innowacyjny pakiet PICO BLUE firmy SIMARIN, to kompletne rozwi\u0105zanie do monitorowania akumulator\u00f3w i zbiornik\u00f3w dla wymagaj\u0105cych w\u0142a\u015bcicieli jacht\u00f3w lub przyczep kempingowych z jedn\u0105 bateri\u0105 akumulator\u00f3w zasilania o mocy do 500A na 12V, 24 V, 48 V, 60 V i 72 V, do czterech baterii akumulator\u00f3w silnika \/zapasowych i do 4 zbiornik\u00f3w. Pakiet ten mo\u017ce r\u00f3wnie\u017c dok\u0142adnie monitorowa\u0107 poziom wytwarzanej energii s\u0142onecznej, wiatrowe, wodnej przez generator lub energi\u0119 pobieran\u0105 z nabrze\u017ca lub energi\u0119 pobieran\u0105 przez pojedyncze odbiorniki takie jak lod\u00f3wka. Doskona\u0142e narz\u0119dzie do wykrywania awarii generatora i sprz\u0119tu. Za jedyne 499 EUR!<\/p>\n<p>Zawiera funkcj\u0119 barografu.<\/p>\n<p><strong>Zestaw PICO BLUE, opcje monitorowania:<\/strong><\/p>\n<ul>\n<li>1x bateria akumulator\u00f3w z funkcj\u0105 Real-Time Battery Health\u2122 (monitorowanie pr\u0105du, napi\u0119cia i temperatury)<\/li>\n<li>4x Napi\u0119cie akumulatora (tylko)<\/li>\n<li>4x Poziom lub temperatur\u0119 w zbiornikach<\/li>\n<li>4x Indywidualne odbiorniki lub tory pr\u0105dowe generator\u00f3w<\/li>\n<\/ul>\n<p>&nbsp;<\/p>\n<p><a class=\"et_pb_button et_pb_button_0 et_pb_bg_layout_light guziki170 et_pb_button-left2\" href=\"https:\/\/jupro-taim.pl\/jtmarine\/wp-content\/uploads\/2018\/06\/katalog_jtmarine_WEB_PL2018.pdf\" target=\"_blank\" rel=\"noopener\">Katalog produkt\u00f3w<\/a><\/p>\n<p><a class=\"et_pb_button et_pb_button_0 et_pb_bg_layout_light guziki170 et_pb_button-left2\" href=\"https:\/\/jupro-taim.pl\/jtmarine\/wp-content\/uploads\/2018\/06\/cennik_Jupro-Taim-Marine-1.pdf\" target=\"_blank\" rel=\"noopener\">Cennik produkt\u00f3w<\/a><\/p>\n<p>[\/et_pb_accordion_item][et_pb_accordion_item _builder_version=&#8221;3.9&#8243; title=&#8221;Dodatkowe informacje&#8221; use_background_color_gradient=&#8221;off&#8221; background_color_gradient_start=&#8221;#2b87da&#8221; background_color_gradient_end=&#8221;#29c4a9&#8243; background_color_gradient_type=&#8221;linear&#8221; background_color_gradient_direction=&#8221;180deg&#8221; background_color_gradient_direction_radial=&#8221;center&#8221; background_color_gradient_start_position=&#8221;0%&#8221; background_color_gradient_end_position=&#8221;100%&#8221; background_color_gradient_overlays_image=&#8221;off&#8221; parallax=&#8221;off&#8221; parallax_method=&#8221;on&#8221; background_size=&#8221;cover&#8221; background_position=&#8221;center&#8221; background_repeat=&#8221;no-repeat&#8221; background_blend=&#8221;normal&#8221; allow_player_pause=&#8221;off&#8221; background_video_pause_outside_viewport=&#8221;on&#8221; text_shadow_style=&#8221;none&#8221; box_shadow_style=&#8221;none&#8221; text_shadow_horizontal_length=&#8221;0em&#8221; text_shadow_vertical_length=&#8221;0em&#8221; text_shadow_blur_strength=&#8221;0em&#8221;]<\/p>\n<table>\n<tbody>\n<tr>\n<th>Ci\u0119\u017car<\/th>\n<td data-o_content=\"0.3 kg\">1,5 kg<\/td>\n<\/tr>\n<tr>\n<th>Wymiary<\/th>\n<td data-o_content=\"9 x 8 x 1 cm\">23 x 18 x 4 cm<\/td>\n<\/tr>\n<tr>\n<th>Kolor<\/th>\n<td>Czarny, srebrny<\/td>\n<\/tr>\n<tr>\n<th>Typ \u0142\u0105cza<\/th>\n<td>Tablicowy, panelowy<\/td>\n<\/tr>\n<\/tbody>\n<\/table>\n<p>[\/et_pb_accordion_item][et_pb_accordion_item _builder_version=&#8221;3.9&#8243; title=&#8221;Specyfikacja techniczna&#8221; use_background_color_gradient=&#8221;off&#8221; background_color_gradient_start=&#8221;#2b87da&#8221; background_color_gradient_end=&#8221;#29c4a9&#8243; background_color_gradient_type=&#8221;linear&#8221; background_color_gradient_direction=&#8221;180deg&#8221; background_color_gradient_direction_radial=&#8221;center&#8221; background_color_gradient_start_position=&#8221;0%&#8221; background_color_gradient_end_position=&#8221;100%&#8221; background_color_gradient_overlays_image=&#8221;off&#8221; parallax=&#8221;off&#8221; parallax_method=&#8221;on&#8221; background_size=&#8221;cover&#8221; background_position=&#8221;center&#8221; background_repeat=&#8221;no-repeat&#8221; background_blend=&#8221;normal&#8221; allow_player_pause=&#8221;off&#8221; background_video_pause_outside_viewport=&#8221;on&#8221; text_shadow_style=&#8221;none&#8221; box_shadow_style=&#8221;none&#8221; text_shadow_horizontal_length=&#8221;0em&#8221; text_shadow_vertical_length=&#8221;0em&#8221; text_shadow_blur_strength=&#8221;0em&#8221;]<\/p>\n<table width=\"100%\">\n<tbody>\n<tr>\n<td width=\"44%\">Operating voltage<\/td>\n<td width=\"55%\">6 \u2013 35 V<\/td>\n<\/tr>\n<tr>\n<td width=\"44%\"><strong>Power consumption at 12V<\/strong><\/td>\n<td width=\"55%\">\u00a0<\/td>\n<\/tr>\n<tr>\n<td width=\"44%\">Operating, wifi on, 100% illumination<\/td>\n<td width=\"55%\">90 mA<\/td>\n<\/tr>\n<tr>\n<td width=\"44%\">Operating, wifi off, 70% illumination<\/td>\n<td width=\"55%\">35 mA<\/td>\n<\/tr>\n<tr>\n<td width=\"44%\">Stand by, wifi off, 0% illumination<\/td>\n<td width=\"55%\">18 mA<\/td>\n<\/tr>\n<tr>\n<td width=\"44%\">Power off, logger still active<\/td>\n<td width=\"55%\">5 mA<\/td>\n<\/tr>\n<tr>\n<td width=\"44%\">Max number modules connected<\/td>\n<td width=\"55%\">20<\/p>\n<p>(all SIMARINE shunts and modules)<\/p>\n<\/td>\n<\/tr>\n<tr>\n<td width=\"44%\"><strong>Monitoring capabilities<\/strong><\/p>\n<p><strong>(PICO Display unit only)<\/strong><\/p>\n<\/td>\n<td width=\"55%\">\u00a0<\/td>\n<\/tr>\n<tr>\n<td width=\"44%\">Monitoring voltage<\/td>\n<td width=\"55%\">12 V, 24 V<\/td>\n<\/tr>\n<tr>\n<td width=\"44%\">Battery voltage<\/td>\n<td width=\"55%\">1<\/td>\n<\/tr>\n<tr>\n<td width=\"44%\"><strong>Monitoring capabilities<\/strong><\/p>\n<p><strong>(with SIMARINE shunts and modules)<\/strong><\/p>\n<\/td>\n<td width=\"55%\">\u00a0<\/td>\n<\/tr>\n<tr>\n<td width=\"44%\">Monitoring voltage<\/td>\n<td width=\"55%\"><strong>12 V, 24 V<\/strong>\u00a0(SC300, SC500, ST107, SCQ25T)<\/p>\n<p><strong>12 V, 24 V, 48 V, 60 V, 72 V<\/strong>(SC302T)<\/p>\n<\/td>\n<\/tr>\n<tr>\n<td width=\"44%\">Battery banks<\/p>\n<p>with Real-Time Battery Health\u2122<\/p>\n<\/td>\n<td width=\"55%\">6<\/td>\n<\/tr>\n<tr>\n<td width=\"44%\">Battery voltages<\/td>\n<td width=\"55%\">6<\/td>\n<\/tr>\n<tr>\n<td width=\"44%\">Independent consumer or generators current channels:<\/td>\n<td width=\"55%\">20<\/td>\n<\/tr>\n<tr>\n<td width=\"44%\">Tanks Level or Temperature sensors:<\/td>\n<td width=\"55%\">14<\/td>\n<\/tr>\n<\/tbody>\n<\/table>\n<p>[\/et_pb_accordion_item][\/et_pb_accordion][\/et_pb_column][et_pb_column type=&#8221;1_2&#8243;][et_pb_image _builder_version=&#8221;3.9&#8243; src=&#8221;https:\/\/jupro-taim.pl\/jtmarine\/wp-content\/uploads\/2018\/06\/PICO-blue-package-1.jpg&#8221; show_in_lightbox=&#8221;on&#8221; \/][et_pb_gallery _builder_version=&#8221;3.9&#8243; gallery_ids=&#8221;529&#8243; zoom_icon_color=&#8221;#2ea3f2&#8243; hover_overlay_color=&#8221;rgba(255,255,255,0.9)&#8221; show_title_and_caption=&#8221;off&#8221; posts_number=&#8221;6&#8243; show_pagination=&#8221;off&#8221; \/][\/et_pb_column][\/et_pb_row][\/et_pb_section]<\/p>\n","protected":false},"excerpt":{"rendered":"<p>Cena: 499\u00a0\u20ac\u00a0Id\u017a do sklepu PICO BLUE ZESTAW \u00bb 1x PICO wy\u015bwietlacz \u00bb 1x SC501 bocznik \u00bb 1x ST107 modu\u0142 napi\u0119ciowy i zbiornika \u00bb 1x SCQ25 quadro modu\u0142 bocznikowy Mo\u017cliwo\u015b\u0107 rozbudowy i kompatybilny z wszystkimi bocznikami oraz modu\u0142ami SIMARINE. Innowacyjny pakiet PICO BLUE firmy SIMARIN, to kompletne rozwi\u0105zanie do monitorowania akumulator\u00f3w i zbiornik\u00f3w dla wymagaj\u0105cych w\u0142a\u015bcicieli [&hellip;]<\/p>\n","protected":false},"author":1,"featured_media":0,"parent":15,"menu_order":0,"comment_status":"closed","ping_status":"closed","template":"","meta":{"_et_pb_use_builder":"on","_et_pb_old_content":"","_et_gb_content_width":"","footnotes":""},"class_list":["post-526","page","type-page","status-publish","hentry"],"yoast_head":"<!-- This site is optimized with the Yoast SEO plugin v23.6 - https:\/\/yoast.com\/wordpress\/plugins\/seo\/ -->\n<title>PICO BLUE ZESTAW - jtmarine<\/title>\n<meta name=\"robots\" content=\"index, follow, max-snippet:-1, max-image-preview:large, max-video-preview:-1\" \/>\n<link rel=\"canonical\" href=\"https:\/\/jupro-taim.pl\/jtmarine\/produkty\/monitorowanie-baterii\/pico-blue-zestaw\/\" \/>\n<meta property=\"og:locale\" content=\"en_US\" \/>\n<meta property=\"og:type\" content=\"article\" \/>\n<meta property=\"og:title\" content=\"PICO BLUE ZESTAW - jtmarine\" \/>\n<meta property=\"og:url\" content=\"https:\/\/jupro-taim.pl\/jtmarine\/produkty\/monitorowanie-baterii\/pico-blue-zestaw\/\" \/>\n<meta property=\"og:site_name\" content=\"jtmarine\" \/>\n<meta property=\"article:modified_time\" content=\"2018-07-11T11:24:39+00:00\" \/>\n<meta name=\"twitter:card\" content=\"summary_large_image\" \/>\n<meta name=\"twitter:label1\" content=\"Est. reading time\" \/>\n\t<meta name=\"twitter:data1\" content=\"4 minutes\" \/>\n<script type=\"application\/ld+json\" class=\"yoast-schema-graph\">{\"@context\":\"https:\/\/schema.org\",\"@graph\":[{\"@type\":\"WebPage\",\"@id\":\"https:\/\/jupro-taim.pl\/jtmarine\/produkty\/monitorowanie-baterii\/pico-blue-zestaw\/\",\"url\":\"https:\/\/jupro-taim.pl\/jtmarine\/produkty\/monitorowanie-baterii\/pico-blue-zestaw\/\",\"name\":\"PICO BLUE ZESTAW - jtmarine\",\"isPartOf\":{\"@id\":\"https:\/\/jupro-taim.pl\/jtmarine\/#website\"},\"datePublished\":\"2018-06-29T12:11:31+00:00\",\"dateModified\":\"2018-07-11T11:24:39+00:00\",\"breadcrumb\":{\"@id\":\"https:\/\/jupro-taim.pl\/jtmarine\/produkty\/monitorowanie-baterii\/pico-blue-zestaw\/#breadcrumb\"},\"inLanguage\":\"en-US\",\"potentialAction\":[{\"@type\":\"ReadAction\",\"target\":[\"https:\/\/jupro-taim.pl\/jtmarine\/produkty\/monitorowanie-baterii\/pico-blue-zestaw\/\"]}]},{\"@type\":\"BreadcrumbList\",\"@id\":\"https:\/\/jupro-taim.pl\/jtmarine\/produkty\/monitorowanie-baterii\/pico-blue-zestaw\/#breadcrumb\",\"itemListElement\":[{\"@type\":\"ListItem\",\"position\":1,\"name\":\"Strona g\u0142\u00f3wna\",\"item\":\"https:\/\/jupro-taim.pl\/jtmarine\/\"},{\"@type\":\"ListItem\",\"position\":2,\"name\":\"Produkty\",\"item\":\"https:\/\/jupro-taim.pl\/jtmarine\/produkty\/\"},{\"@type\":\"ListItem\",\"position\":3,\"name\":\"Monitorowanie baterii\",\"item\":\"https:\/\/jupro-taim.pl\/jtmarine\/produkty\/monitorowanie-baterii\/\"},{\"@type\":\"ListItem\",\"position\":4,\"name\":\"PICO BLUE ZESTAW\"}]},{\"@type\":\"WebSite\",\"@id\":\"https:\/\/jupro-taim.pl\/jtmarine\/#website\",\"url\":\"https:\/\/jupro-taim.pl\/jtmarine\/\",\"name\":\"jtmarine\",\"description\":\"\",\"potentialAction\":[{\"@type\":\"SearchAction\",\"target\":{\"@type\":\"EntryPoint\",\"urlTemplate\":\"https:\/\/jupro-taim.pl\/jtmarine\/?s={search_term_string}\"},\"query-input\":{\"@type\":\"PropertyValueSpecification\",\"valueRequired\":true,\"valueName\":\"search_term_string\"}}],\"inLanguage\":\"en-US\"}]}<\/script>\n<!-- \/ Yoast SEO plugin. -->","yoast_head_json":{"title":"PICO BLUE ZESTAW - jtmarine","robots":{"index":"index","follow":"follow","max-snippet":"max-snippet:-1","max-image-preview":"max-image-preview:large","max-video-preview":"max-video-preview:-1"},"canonical":"https:\/\/jupro-taim.pl\/jtmarine\/produkty\/monitorowanie-baterii\/pico-blue-zestaw\/","og_locale":"en_US","og_type":"article","og_title":"PICO BLUE ZESTAW - jtmarine","og_url":"https:\/\/jupro-taim.pl\/jtmarine\/produkty\/monitorowanie-baterii\/pico-blue-zestaw\/","og_site_name":"jtmarine","article_modified_time":"2018-07-11T11:24:39+00:00","twitter_card":"summary_large_image","twitter_misc":{"Est. reading time":"4 minutes"},"schema":{"@context":"https:\/\/schema.org","@graph":[{"@type":"WebPage","@id":"https:\/\/jupro-taim.pl\/jtmarine\/produkty\/monitorowanie-baterii\/pico-blue-zestaw\/","url":"https:\/\/jupro-taim.pl\/jtmarine\/produkty\/monitorowanie-baterii\/pico-blue-zestaw\/","name":"PICO BLUE ZESTAW - jtmarine","isPartOf":{"@id":"https:\/\/jupro-taim.pl\/jtmarine\/#website"},"datePublished":"2018-06-29T12:11:31+00:00","dateModified":"2018-07-11T11:24:39+00:00","breadcrumb":{"@id":"https:\/\/jupro-taim.pl\/jtmarine\/produkty\/monitorowanie-baterii\/pico-blue-zestaw\/#breadcrumb"},"inLanguage":"en-US","potentialAction":[{"@type":"ReadAction","target":["https:\/\/jupro-taim.pl\/jtmarine\/produkty\/monitorowanie-baterii\/pico-blue-zestaw\/"]}]},{"@type":"BreadcrumbList","@id":"https:\/\/jupro-taim.pl\/jtmarine\/produkty\/monitorowanie-baterii\/pico-blue-zestaw\/#breadcrumb","itemListElement":[{"@type":"ListItem","position":1,"name":"Strona g\u0142\u00f3wna","item":"https:\/\/jupro-taim.pl\/jtmarine\/"},{"@type":"ListItem","position":2,"name":"Produkty","item":"https:\/\/jupro-taim.pl\/jtmarine\/produkty\/"},{"@type":"ListItem","position":3,"name":"Monitorowanie baterii","item":"https:\/\/jupro-taim.pl\/jtmarine\/produkty\/monitorowanie-baterii\/"},{"@type":"ListItem","position":4,"name":"PICO BLUE ZESTAW"}]},{"@type":"WebSite","@id":"https:\/\/jupro-taim.pl\/jtmarine\/#website","url":"https:\/\/jupro-taim.pl\/jtmarine\/","name":"jtmarine","description":"","potentialAction":[{"@type":"SearchAction","target":{"@type":"EntryPoint","urlTemplate":"https:\/\/jupro-taim.pl\/jtmarine\/?s={search_term_string}"},"query-input":{"@type":"PropertyValueSpecification","valueRequired":true,"valueName":"search_term_string"}}],"inLanguage":"en-US"}]}},"_links":{"self":[{"href":"https:\/\/jupro-taim.pl\/jtmarine\/wp-json\/wp\/v2\/pages\/526"}],"collection":[{"href":"https:\/\/jupro-taim.pl\/jtmarine\/wp-json\/wp\/v2\/pages"}],"about":[{"href":"https:\/\/jupro-taim.pl\/jtmarine\/wp-json\/wp\/v2\/types\/page"}],"author":[{"embeddable":true,"href":"https:\/\/jupro-taim.pl\/jtmarine\/wp-json\/wp\/v2\/users\/1"}],"replies":[{"embeddable":true,"href":"https:\/\/jupro-taim.pl\/jtmarine\/wp-json\/wp\/v2\/comments?post=526"}],"version-history":[{"count":4,"href":"https:\/\/jupro-taim.pl\/jtmarine\/wp-json\/wp\/v2\/pages\/526\/revisions"}],"predecessor-version":[{"id":591,"href":"https:\/\/jupro-taim.pl\/jtmarine\/wp-json\/wp\/v2\/pages\/526\/revisions\/591"}],"up":[{"embeddable":true,"href":"https:\/\/jupro-taim.pl\/jtmarine\/wp-json\/wp\/v2\/pages\/15"}],"wp:attachment":[{"href":"https:\/\/jupro-taim.pl\/jtmarine\/wp-json\/wp\/v2\/media?parent=526"}],"curies":[{"name":"wp","href":"https:\/\/api.w.org\/{rel}","templated":true}]}}