{"id":464,"date":"2018-06-26T14:01:50","date_gmt":"2018-06-26T12:01:50","guid":{"rendered":"http:\/\/www.jtmarine.pl\/?page_id=464"},"modified":"2018-07-11T13:12:26","modified_gmt":"2018-07-11T11:12:26","slug":"aktywny-bocznik-sc301","status":"publish","type":"page","link":"https:\/\/jupro-taim.pl\/jtmarine\/produkty\/monitorowanie-baterii\/aktywny-bocznik-sc301\/","title":{"rendered":"Aktywny bocznik SC301"},"content":{"rendered":"<p>[et_pb_section bb_built=&#8221;1&#8243;][et_pb_row _builder_version=&#8221;3.6&#8243; custom_padding=&#8221;||0px|&#8221; custom_margin=&#8221;||0px|&#8221; padding_bottom_1=&#8221;0px&#8221;][et_pb_column type=&#8221;4_4&#8243;][et_pb_post_title _builder_version=&#8221;3.7.1&#8243; meta=&#8221;off&#8221; author=&#8221;off&#8221; date=&#8221;off&#8221; featured_image=&#8221;off&#8221; custom_margin=&#8221;||0px|&#8221; custom_padding=&#8221;||0px|&#8221; module_class=&#8221;zero-pad&#8221; title_font_size=&#8221;30px&#8221; \/][\/et_pb_column][\/et_pb_row][et_pb_row _builder_version=&#8221;3.6&#8243; custom_padding=&#8221;17px|||&#8221;][et_pb_column type=&#8221;1_2&#8243;][et_pb_text _builder_version=&#8221;3.7.1&#8243;]<\/p>\n<p><span style=\"font-size: 25px; color: #58c1ef; font-weight: 500;\">Cena: 99,81 \u20ac<\/span>\u00a0<a class=\"et_pb_button et_pb_button_0 et_pb_bg_layout_light guziki170 et_pb_button-right\" style=\"margin-top: -4px;\" href=\"https:\/\/jupro-taim.pl\/jtmarine\/e-sklep\/\">Id\u017a do sklepu<\/a><\/p>\n<p>[\/et_pb_text][et_pb_accordion _builder_version=&#8221;3.9&#8243;][et_pb_accordion_item _builder_version=&#8221;3.9&#8243; title=&#8221;Szczeg\u00f3\u0142y produktu&#8221; use_background_color_gradient=&#8221;off&#8221; background_color_gradient_start=&#8221;#2b87da&#8221; background_color_gradient_end=&#8221;#29c4a9&#8243; background_color_gradient_type=&#8221;linear&#8221; background_color_gradient_direction=&#8221;180deg&#8221; background_color_gradient_direction_radial=&#8221;center&#8221; background_color_gradient_start_position=&#8221;0%&#8221; background_color_gradient_end_position=&#8221;100%&#8221; background_color_gradient_overlays_image=&#8221;off&#8221; parallax=&#8221;off&#8221; parallax_method=&#8221;on&#8221; background_size=&#8221;cover&#8221; background_position=&#8221;center&#8221; background_repeat=&#8221;no-repeat&#8221; background_blend=&#8221;normal&#8221; allow_player_pause=&#8221;off&#8221; background_video_pause_outside_viewport=&#8221;on&#8221; text_shadow_style=&#8221;none&#8221; box_shadow_style=&#8221;none&#8221; text_shadow_horizontal_length=&#8221;0em&#8221; text_shadow_vertical_length=&#8221;0em&#8221; text_shadow_blur_strength=&#8221;0em&#8221;]<\/p>\n<p style=\"text-align: justify;\">Aktywny bocznik SC301 precyzyjne monitoruje napi\u0119cie akumulatora w systemach 12V, 24V, 48V, 60V i 72V, temperatur\u0119 akumulatora i pr\u0105dy ci\u0105g\u0142e do 300A ( 400A\/szczyt). Odpowiedni do maksymalnej mocy 3600W przy 12V, 7200W przy 24V lub 14400W przy 48V &#8230;)<\/p>\n<p style=\"text-align: justify;\">Dodatkowo mo\u017ce on by\u0107 r\u00f3wnie\u017c u\u017cywany do monitorowania poboru pr\u0105du przez du\u017ce odbiorniki, takie jak falowniki, dziobowe i rufowe stery strumieniowe, wci\u0105garki kotwic oraz pr\u0105d generowany przez \u0142adowarki nabrze\u017cne, panele s\u0142oneczne, generatory wodne i wiatrowe.<\/p>\n<p style=\"text-align: justify;\">Nowatorsko zabezpieczona architektura SC301 umo\u017cliwia okablowanie zar\u00f3wno po stronie ujemnej (niskiej), jak i dodatniej (wysokiej).<\/p>\n<p>&nbsp;<\/p>\n<p><a class=\"et_pb_button et_pb_button_0 et_pb_bg_layout_light guziki170 et_pb_button-left2\" href=\"https:\/\/jupro-taim.pl\/jtmarine\/wp-content\/uploads\/2018\/06\/katalog_jtmarine_WEB_PL2018.pdf\" target=\"_blank\" rel=\"noopener\">Katalog produkt\u00f3w<\/a><\/p>\n<p><a class=\"et_pb_button et_pb_button_0 et_pb_bg_layout_light guziki170 et_pb_button-left2\" href=\"https:\/\/jupro-taim.pl\/jtmarine\/wp-content\/uploads\/2018\/06\/cennik_Jupro-Taim-Marine-1.pdf\" target=\"_blank\" rel=\"noopener\">Cennik produkt\u00f3w<\/a><\/p>\n<p><a class=\"et_pb_button et_pb_button_0 et_pb_bg_layout_light guziki170 et_pb_button-left2\" href=\"https:\/\/jupro-taim.pl\/jtmarine\/wp-content\/uploads\/2018\/06\/SC301_schemat_polaczen.pdf\" target=\"_blank\" rel=\"noopener\">Schemat po\u0142\u0105cze\u0144<\/a><\/p>\n<p><a class=\"et_pb_button et_pb_button_0 et_pb_bg_layout_light guziki170 et_pb_button-left2\" href=\"https:\/\/jupro-taim.pl\/jtmarine\/wp-content\/uploads\/2018\/06\/Manual_SC301_SC501_PL.pdf\" target=\"_blank\" rel=\"noopener\">Manual<\/a><\/p>\n<p>[\/et_pb_accordion_item][et_pb_accordion_item _builder_version=&#8221;3.9&#8243; title=&#8221;Dodatkowe informacje&#8221; use_background_color_gradient=&#8221;off&#8221; background_color_gradient_start=&#8221;#2b87da&#8221; background_color_gradient_end=&#8221;#29c4a9&#8243; background_color_gradient_type=&#8221;linear&#8221; background_color_gradient_direction=&#8221;180deg&#8221; background_color_gradient_direction_radial=&#8221;center&#8221; background_color_gradient_start_position=&#8221;0%&#8221; background_color_gradient_end_position=&#8221;100%&#8221; background_color_gradient_overlays_image=&#8221;off&#8221; parallax=&#8221;off&#8221; parallax_method=&#8221;on&#8221; background_size=&#8221;cover&#8221; background_position=&#8221;center&#8221; background_repeat=&#8221;no-repeat&#8221; background_blend=&#8221;normal&#8221; allow_player_pause=&#8221;off&#8221; background_video_pause_outside_viewport=&#8221;on&#8221; text_shadow_style=&#8221;none&#8221; box_shadow_style=&#8221;none&#8221; text_shadow_horizontal_length=&#8221;0em&#8221; text_shadow_vertical_length=&#8221;0em&#8221; text_shadow_blur_strength=&#8221;0em&#8221;]<\/p>\n<table>\n<tbody>\n<tr>\n<th>Ci\u0119\u017car<\/th>\n<td data-o_content=\"0.3 kg\">0.3 kg<\/td>\n<\/tr>\n<tr>\n<th>Wymiary<\/th>\n<td data-o_content=\"9 x 8 x 1 cm\">10 x 5 x 3 cm<\/td>\n<\/tr>\n<\/tbody>\n<\/table>\n<p>[\/et_pb_accordion_item][et_pb_accordion_item _builder_version=&#8221;3.9&#8243; title=&#8221;Specyfikacja techniczna&#8221; use_background_color_gradient=&#8221;off&#8221; background_color_gradient_start=&#8221;#2b87da&#8221; background_color_gradient_end=&#8221;#29c4a9&#8243; background_color_gradient_type=&#8221;linear&#8221; background_color_gradient_direction=&#8221;180deg&#8221; background_color_gradient_direction_radial=&#8221;center&#8221; background_color_gradient_start_position=&#8221;0%&#8221; background_color_gradient_end_position=&#8221;100%&#8221; background_color_gradient_overlays_image=&#8221;off&#8221; parallax=&#8221;off&#8221; parallax_method=&#8221;on&#8221; background_size=&#8221;cover&#8221; background_position=&#8221;center&#8221; background_repeat=&#8221;no-repeat&#8221; background_blend=&#8221;normal&#8221; allow_player_pause=&#8221;off&#8221; background_video_pause_outside_viewport=&#8221;on&#8221; text_shadow_style=&#8221;none&#8221; box_shadow_style=&#8221;none&#8221; text_shadow_horizontal_length=&#8221;0em&#8221; text_shadow_vertical_length=&#8221;0em&#8221; text_shadow_blur_strength=&#8221;0em&#8221;]<\/p>\n<table width=\"100%\">\n<tbody>\n<tr>\n<td>Napi\u0119cie robocze<\/td>\n<td>6 \u2013 35 V<\/td>\n<\/tr>\n<tr>\n<td>Zakres temperatur<\/td>\n<td>-20 \u2013 +70 \u00b0C<\/td>\n<\/tr>\n<tr>\n<td>Zu\u017cycie energii przy 12V<\/td>\n<td>&nbsp;<\/td>\n<\/tr>\n<tr>\n<td>Operating<\/td>\n<td>0,8 mA<\/td>\n<\/tr>\n<tr>\n<td>Current Measuring<\/td>\n<td>&nbsp;<\/td>\n<\/tr>\n<tr>\n<td>Range<\/td>\n<td>0,01 \u2013 320 A<\/td>\n<\/tr>\n<tr>\n<td>Accuracy<\/td>\n<td>\u00b1 0,6 %<\/td>\n<\/tr>\n<tr>\n<td>Resolution<\/td>\n<td>0,01 A<\/td>\n<\/tr>\n<tr>\n<td>Sampling rate<\/td>\n<td>100 ms<\/td>\n<\/tr>\n<tr>\n<td>Maximal current<\/td>\n<td>&nbsp;<\/td>\n<\/tr>\n<tr>\n<td>Continuous<\/td>\n<td>300 A<\/td>\n<\/tr>\n<tr>\n<td>Peak current ( &lt;1min )<\/td>\n<td>400 A<\/td>\n<\/tr>\n<tr>\n<td>Voltage measuring<\/td>\n<td>&nbsp;<\/td>\n<\/tr>\n<tr>\n<td>Range<\/td>\n<td>0 \u2013 35 V<\/td>\n<\/tr>\n<tr>\n<td>Accuracy<\/td>\n<td>\u00b1 0,2 %<\/td>\n<\/tr>\n<tr>\n<td>Resolution<\/td>\n<td>1 mV<\/td>\n<\/tr>\n<tr>\n<td>Temperature sensor \u2013\u00a0NTC 5K<\/td>\n<td>&nbsp;<\/td>\n<\/tr>\n<tr>\n<td>Range<\/td>\n<td>-15 \u2013 +80 \u00b0C<\/td>\n<\/tr>\n<tr>\n<td>Accuracy<\/td>\n<td>( -10 \u2013 +60 \u00b0C ): 3 %<\/td>\n<\/tr>\n<tr>\n<td>Installation and Dimensions<\/td>\n<td>&nbsp;<\/td>\n<\/tr>\n<tr>\n<td>Dimensions<\/td>\n<td>118x40x52 mm<\/td>\n<\/tr>\n<tr>\n<td>Connection<\/td>\n<td>M 10 bolts<\/td>\n<\/tr>\n<\/tbody>\n<\/table>\n<p>[\/et_pb_accordion_item][\/et_pb_accordion][\/et_pb_column][et_pb_column type=&#8221;1_2&#8243;][et_pb_image _builder_version=&#8221;3.7.1&#8243; src=&#8221;https:\/\/jupro-taim.pl\/jtmarine\/wp-content\/uploads\/2018\/06\/pico-marine-rv-battery-monitor-shunt-SC301_shaded-1.jpg&#8221; show_in_lightbox=&#8221;on&#8221; \/][et_pb_gallery _builder_version=&#8221;3.7.1&#8243; gallery_ids=&#8221;468&#8243; zoom_icon_color=&#8221;#2ea3f2&#8243; hover_overlay_color=&#8221;rgba(255,255,255,0.9)&#8221; show_title_and_caption=&#8221;off&#8221; posts_number=&#8221;1&#8243; show_pagination=&#8221;off&#8221; \/][\/et_pb_column][\/et_pb_row][\/et_pb_section]<\/p>\n","protected":false},"excerpt":{"rendered":"<p>Cena: 99,81 \u20ac\u00a0Id\u017a do sklepu Aktywny bocznik SC301 precyzyjne monitoruje napi\u0119cie akumulatora w systemach 12V, 24V, 48V, 60V i 72V, temperatur\u0119 akumulatora i pr\u0105dy ci\u0105g\u0142e do 300A ( 400A\/szczyt). Odpowiedni do maksymalnej mocy 3600W przy 12V, 7200W przy 24V lub 14400W przy 48V &#8230;) Dodatkowo mo\u017ce on by\u0107 r\u00f3wnie\u017c u\u017cywany do monitorowania poboru pr\u0105du przez [&hellip;]<\/p>\n","protected":false},"author":1,"featured_media":0,"parent":15,"menu_order":0,"comment_status":"closed","ping_status":"closed","template":"","meta":{"_et_pb_use_builder":"on","_et_pb_old_content":"","_et_gb_content_width":"","footnotes":""},"class_list":["post-464","page","type-page","status-publish","hentry"],"yoast_head":"<!-- This site is optimized with the Yoast SEO plugin v23.6 - https:\/\/yoast.com\/wordpress\/plugins\/seo\/ -->\n<title>Aktywny bocznik SC301 - jtmarine<\/title>\n<meta name=\"robots\" content=\"index, follow, max-snippet:-1, max-image-preview:large, max-video-preview:-1\" \/>\n<link rel=\"canonical\" href=\"https:\/\/jupro-taim.pl\/jtmarine\/produkty\/monitorowanie-baterii\/aktywny-bocznik-sc301\/\" \/>\n<meta property=\"og:locale\" content=\"en_US\" \/>\n<meta property=\"og:type\" content=\"article\" \/>\n<meta property=\"og:title\" content=\"Aktywny bocznik SC301 - jtmarine\" \/>\n<meta property=\"og:url\" content=\"https:\/\/jupro-taim.pl\/jtmarine\/produkty\/monitorowanie-baterii\/aktywny-bocznik-sc301\/\" \/>\n<meta property=\"og:site_name\" content=\"jtmarine\" \/>\n<meta property=\"article:modified_time\" content=\"2018-07-11T11:12:26+00:00\" \/>\n<meta name=\"twitter:card\" content=\"summary_large_image\" \/>\n<meta name=\"twitter:label1\" content=\"Est. reading time\" \/>\n\t<meta name=\"twitter:data1\" content=\"3 minutes\" \/>\n<script type=\"application\/ld+json\" class=\"yoast-schema-graph\">{\"@context\":\"https:\/\/schema.org\",\"@graph\":[{\"@type\":\"WebPage\",\"@id\":\"https:\/\/jupro-taim.pl\/jtmarine\/produkty\/monitorowanie-baterii\/aktywny-bocznik-sc301\/\",\"url\":\"https:\/\/jupro-taim.pl\/jtmarine\/produkty\/monitorowanie-baterii\/aktywny-bocznik-sc301\/\",\"name\":\"Aktywny bocznik SC301 - jtmarine\",\"isPartOf\":{\"@id\":\"https:\/\/jupro-taim.pl\/jtmarine\/#website\"},\"datePublished\":\"2018-06-26T12:01:50+00:00\",\"dateModified\":\"2018-07-11T11:12:26+00:00\",\"breadcrumb\":{\"@id\":\"https:\/\/jupro-taim.pl\/jtmarine\/produkty\/monitorowanie-baterii\/aktywny-bocznik-sc301\/#breadcrumb\"},\"inLanguage\":\"en-US\",\"potentialAction\":[{\"@type\":\"ReadAction\",\"target\":[\"https:\/\/jupro-taim.pl\/jtmarine\/produkty\/monitorowanie-baterii\/aktywny-bocznik-sc301\/\"]}]},{\"@type\":\"BreadcrumbList\",\"@id\":\"https:\/\/jupro-taim.pl\/jtmarine\/produkty\/monitorowanie-baterii\/aktywny-bocznik-sc301\/#breadcrumb\",\"itemListElement\":[{\"@type\":\"ListItem\",\"position\":1,\"name\":\"Strona g\u0142\u00f3wna\",\"item\":\"https:\/\/jupro-taim.pl\/jtmarine\/\"},{\"@type\":\"ListItem\",\"position\":2,\"name\":\"Produkty\",\"item\":\"https:\/\/jupro-taim.pl\/jtmarine\/produkty\/\"},{\"@type\":\"ListItem\",\"position\":3,\"name\":\"Monitorowanie baterii\",\"item\":\"https:\/\/jupro-taim.pl\/jtmarine\/produkty\/monitorowanie-baterii\/\"},{\"@type\":\"ListItem\",\"position\":4,\"name\":\"Aktywny bocznik SC301\"}]},{\"@type\":\"WebSite\",\"@id\":\"https:\/\/jupro-taim.pl\/jtmarine\/#website\",\"url\":\"https:\/\/jupro-taim.pl\/jtmarine\/\",\"name\":\"jtmarine\",\"description\":\"\",\"potentialAction\":[{\"@type\":\"SearchAction\",\"target\":{\"@type\":\"EntryPoint\",\"urlTemplate\":\"https:\/\/jupro-taim.pl\/jtmarine\/?s={search_term_string}\"},\"query-input\":{\"@type\":\"PropertyValueSpecification\",\"valueRequired\":true,\"valueName\":\"search_term_string\"}}],\"inLanguage\":\"en-US\"}]}<\/script>\n<!-- \/ Yoast SEO plugin. -->","yoast_head_json":{"title":"Aktywny bocznik SC301 - jtmarine","robots":{"index":"index","follow":"follow","max-snippet":"max-snippet:-1","max-image-preview":"max-image-preview:large","max-video-preview":"max-video-preview:-1"},"canonical":"https:\/\/jupro-taim.pl\/jtmarine\/produkty\/monitorowanie-baterii\/aktywny-bocznik-sc301\/","og_locale":"en_US","og_type":"article","og_title":"Aktywny bocznik SC301 - jtmarine","og_url":"https:\/\/jupro-taim.pl\/jtmarine\/produkty\/monitorowanie-baterii\/aktywny-bocznik-sc301\/","og_site_name":"jtmarine","article_modified_time":"2018-07-11T11:12:26+00:00","twitter_card":"summary_large_image","twitter_misc":{"Est. reading time":"3 minutes"},"schema":{"@context":"https:\/\/schema.org","@graph":[{"@type":"WebPage","@id":"https:\/\/jupro-taim.pl\/jtmarine\/produkty\/monitorowanie-baterii\/aktywny-bocznik-sc301\/","url":"https:\/\/jupro-taim.pl\/jtmarine\/produkty\/monitorowanie-baterii\/aktywny-bocznik-sc301\/","name":"Aktywny bocznik SC301 - jtmarine","isPartOf":{"@id":"https:\/\/jupro-taim.pl\/jtmarine\/#website"},"datePublished":"2018-06-26T12:01:50+00:00","dateModified":"2018-07-11T11:12:26+00:00","breadcrumb":{"@id":"https:\/\/jupro-taim.pl\/jtmarine\/produkty\/monitorowanie-baterii\/aktywny-bocznik-sc301\/#breadcrumb"},"inLanguage":"en-US","potentialAction":[{"@type":"ReadAction","target":["https:\/\/jupro-taim.pl\/jtmarine\/produkty\/monitorowanie-baterii\/aktywny-bocznik-sc301\/"]}]},{"@type":"BreadcrumbList","@id":"https:\/\/jupro-taim.pl\/jtmarine\/produkty\/monitorowanie-baterii\/aktywny-bocznik-sc301\/#breadcrumb","itemListElement":[{"@type":"ListItem","position":1,"name":"Strona g\u0142\u00f3wna","item":"https:\/\/jupro-taim.pl\/jtmarine\/"},{"@type":"ListItem","position":2,"name":"Produkty","item":"https:\/\/jupro-taim.pl\/jtmarine\/produkty\/"},{"@type":"ListItem","position":3,"name":"Monitorowanie baterii","item":"https:\/\/jupro-taim.pl\/jtmarine\/produkty\/monitorowanie-baterii\/"},{"@type":"ListItem","position":4,"name":"Aktywny bocznik SC301"}]},{"@type":"WebSite","@id":"https:\/\/jupro-taim.pl\/jtmarine\/#website","url":"https:\/\/jupro-taim.pl\/jtmarine\/","name":"jtmarine","description":"","potentialAction":[{"@type":"SearchAction","target":{"@type":"EntryPoint","urlTemplate":"https:\/\/jupro-taim.pl\/jtmarine\/?s={search_term_string}"},"query-input":{"@type":"PropertyValueSpecification","valueRequired":true,"valueName":"search_term_string"}}],"inLanguage":"en-US"}]}},"_links":{"self":[{"href":"https:\/\/jupro-taim.pl\/jtmarine\/wp-json\/wp\/v2\/pages\/464"}],"collection":[{"href":"https:\/\/jupro-taim.pl\/jtmarine\/wp-json\/wp\/v2\/pages"}],"about":[{"href":"https:\/\/jupro-taim.pl\/jtmarine\/wp-json\/wp\/v2\/types\/page"}],"author":[{"embeddable":true,"href":"https:\/\/jupro-taim.pl\/jtmarine\/wp-json\/wp\/v2\/users\/1"}],"replies":[{"embeddable":true,"href":"https:\/\/jupro-taim.pl\/jtmarine\/wp-json\/wp\/v2\/comments?post=464"}],"version-history":[{"count":7,"href":"https:\/\/jupro-taim.pl\/jtmarine\/wp-json\/wp\/v2\/pages\/464\/revisions"}],"predecessor-version":[{"id":588,"href":"https:\/\/jupro-taim.pl\/jtmarine\/wp-json\/wp\/v2\/pages\/464\/revisions\/588"}],"up":[{"embeddable":true,"href":"https:\/\/jupro-taim.pl\/jtmarine\/wp-json\/wp\/v2\/pages\/15"}],"wp:attachment":[{"href":"https:\/\/jupro-taim.pl\/jtmarine\/wp-json\/wp\/v2\/media?parent=464"}],"curies":[{"name":"wp","href":"https:\/\/api.w.org\/{rel}","templated":true}]}}