{"id":335,"date":"2018-06-18T12:22:12","date_gmt":"2018-06-18T10:22:12","guid":{"rendered":"http:\/\/www.jtmarine.pl\/?page_id=335"},"modified":"2018-06-22T14:15:21","modified_gmt":"2018-06-22T12:15:21","slug":"e-sklep","status":"publish","type":"page","link":"https:\/\/jupro-taim.pl\/jtmarine\/e-sklep\/","title":{"rendered":"E-sklep"},"content":{"rendered":"<p>[et_pb_section bb_built=&#8221;1&#8243;][et_pb_row][et_pb_column type=&#8221;4_4&#8243;][et_pb_post_title _builder_version=&#8221;3.6&#8243; meta=&#8221;off&#8221; featured_image=&#8221;off&#8221; \/][et_pb_text _builder_version=&#8221;3.7.1&#8243;]<\/p>\n<p>Strona w przygotowaniu.<\/p>\n<p>Pobierz cennik &#8211; <a href=\"https:\/\/jupro-taim.pl\/jtmarine\/wp-content\/uploads\/2018\/06\/cennik_Jupro-Taim-Marine-1.pdf\">plik PDF<\/a><\/p>\n<p>&nbsp;<\/p>\n<h2 style=\"text-align: left;\" align=\"CENTER\">SIMARINE &#8211; CENNIK 1\/2018<\/h2>\n<h3>\u00a0<\/h3>\n<h3>Systemy monitorowania<\/h3>\n<table border=\"0\" cellspacing=\"0\" cellpadding=\"3\">\n<tbody>\n<tr>\n<td width=\"77\" height=\"7\">\n<p align=\"CENTER\">\u00a0<\/p>\n<\/td>\n<td width=\"102\">\n<p align=\"CENTER\">\u00a0<\/p>\n<\/td>\n<td width=\"270\">\u00a0<\/td>\n<td width=\"66\">\n<p align=\"CENTER\">Cena netto \u20ac<\/p>\n<\/td>\n<td width=\"77\">\n<p align=\"CENTER\">Cena brutto \u20ac<\/p>\n<\/td>\n<\/tr>\n<tr valign=\"TOP\">\n<td colspan=\"3\" bgcolor=\"#eeeeee\" width=\"461\">\n<p><strong>PICOone<\/strong><\/p>\n<p>Monitor baterii, WiFi + Android i iOS Apps (max. pod\u0142\u0105czenie jednego czujnika lub modu\u0142u)<\/p>\n<table style=\"border-collapse: collapse; border-style: solid; border-color: #eee;\" border=\"0\">\n<tbody>\n<tr>\n<td style=\"width: 33.3333%;\" bgcolor=\"#dddddd\">SKU<\/td>\n<td style=\"width: 33.3333%;\" bgcolor=\"#dddddd\">EAN<\/td>\n<td style=\"width: 33.3333%;\" bgcolor=\"#dddddd\">Typ \/ Kolor<\/td>\n<\/tr>\n<tr>\n<td style=\"width: 33.3333%;\" bgcolor=\"#dddddd\">P009<\/td>\n<td style=\"width: 33.3333%;\" bgcolor=\"#dddddd\">3830067940165<\/td>\n<td style=\"width: 33.3333%;\" bgcolor=\"#dddddd\">Tablicowy | Czarny<\/td>\n<\/tr>\n<tr>\n<td style=\"width: 33.3333%;\" bgcolor=\"#dddddd\">P010<\/td>\n<td style=\"width: 33.3333%;\" bgcolor=\"#dddddd\">3830067940141<\/td>\n<td style=\"width: 33.3333%;\" bgcolor=\"#dddddd\">Tablicowy | Srebrny<\/td>\n<\/tr>\n<\/tbody>\n<\/table>\n<\/td>\n<td bgcolor=\"#eeeeee\" width=\"66\">\n<p align=\"CENTER\">\u00a0<\/p>\n<p align=\"CENTER\">179,51<\/p>\n<\/td>\n<td bgcolor=\"#eeeeee\" width=\"77\">\n<p align=\"CENTER\">\u00a0<\/p>\n<p align=\"CENTER\">220,80<\/p>\n<\/td>\n<\/tr>\n<\/tbody>\n<\/table>\n<table border=\"0\" cellspacing=\"0\" cellpadding=\"1\">\n<tbody>\n<tr valign=\"TOP\">\n<td bgcolor=\"#eeeeee\" width=\"466\" height=\"83\">\n<p><strong>PICO<\/strong><\/p>\n<p>Monitor Baterii, WiFi + Android i iOS Apps (obudowa aluminiowa)<\/p>\n<table style=\"border-collapse: collapse; border-style: solid; border-color: #eee;\" border=\"0\">\n<tbody>\n<tr>\n<td style=\"width: 33.3333%;\" bgcolor=\"#dddddd\">SKU<\/td>\n<td style=\"width: 33.3333%;\" bgcolor=\"#dddddd\">EAN<\/td>\n<td style=\"width: 33.3333%;\" bgcolor=\"#dddddd\">Typ \/ Kolor<\/td>\n<\/tr>\n<tr>\n<td style=\"width: 33.3333%;\" bgcolor=\"#dddddd\">P001\u00a0<\/td>\n<td style=\"width: 33.3333%;\" bgcolor=\"#dddddd\">3830067940011\u00a0<\/td>\n<td style=\"width: 33.3333%;\" bgcolor=\"#dddddd\">Tablicowy | Czarny<\/td>\n<\/tr>\n<tr>\n<td style=\"width: 33.3333%;\" bgcolor=\"#dddddd\">P002\u00a0<\/td>\n<td style=\"width: 33.3333%;\" bgcolor=\"#dddddd\">3830067940028\u00a0<\/td>\n<td style=\"width: 33.3333%;\" bgcolor=\"#dddddd\">Tablicowy | Srebrny<\/td>\n<\/tr>\n<tr>\n<td style=\"width: 33.3333%;\" bgcolor=\"#dddddd\">P003\u00a0<\/td>\n<td style=\"width: 33.3333%;\" bgcolor=\"#dddddd\">3830067940035\u00a0<\/td>\n<td style=\"width: 33.3333%;\" bgcolor=\"#dddddd\">Panelowy | Czarny<\/td>\n<\/tr>\n<tr>\n<td style=\"width: 33.3333%;\" bgcolor=\"#dddddd\">P004\u00a0<\/td>\n<td style=\"width: 33.3333%;\" bgcolor=\"#dddddd\">3830067940042\u00a0<\/td>\n<td style=\"width: 33.3333%;\" bgcolor=\"#dddddd\">Panelowy | Srebrny<\/td>\n<\/tr>\n<\/tbody>\n<\/table>\n<\/td>\n<td bgcolor=\"#eeeeee\" width=\"70\">\n<p align=\"CENTER\">\u00a0<\/p>\n<p align=\"CENTER\">212,30<\/p>\n<\/td>\n<td bgcolor=\"#eeeeee\" width=\"81\">\n<p align=\"CENTER\">\u00a0<\/p>\n<p align=\"CENTER\">261,13<\/p>\n<\/td>\n<\/tr>\n<\/tbody>\n<\/table>\n<table border=\"0\" cellspacing=\"0\" cellpadding=\"2\">\n<tbody>\n<tr valign=\"TOP\">\n<td bgcolor=\"#eeeeee\" width=\"464\" height=\"92\">\n<p><strong>PICO+<\/strong><\/p>\n<p>Monitor Baterii, WiFi + Android i iOS Apps (obudowa aluminiowa, zintegrowany barograf)<\/p>\n<table style=\"border-collapse: collapse; border-style: solid; border-color: #eee;\" border=\"0\">\n<tbody>\n<tr>\n<td style=\"width: 33.3333%;\" bgcolor=\"#dddddd\">SKU<\/td>\n<td style=\"width: 33.3333%;\" bgcolor=\"#dddddd\">EAN<\/td>\n<td style=\"width: 33.3333%;\" bgcolor=\"#dddddd\">Typ \/ Kolor<\/td>\n<\/tr>\n<tr>\n<td style=\"width: 33.3333%;\" bgcolor=\"#dddddd\">P005\u00a0<\/td>\n<td style=\"width: 33.3333%;\" bgcolor=\"#dddddd\">3830067940059\u00a0<\/td>\n<td style=\"width: 33.3333%;\" bgcolor=\"#dddddd\">Tablicowy | Czarny<\/td>\n<\/tr>\n<tr>\n<td style=\"width: 33.3333%;\" bgcolor=\"#dddddd\">P006\u00a0<\/td>\n<td style=\"width: 33.3333%;\" bgcolor=\"#dddddd\">3830067940066\u00a0<\/td>\n<td style=\"width: 33.3333%;\" bgcolor=\"#dddddd\">Tablicowy | Srebrny<\/td>\n<\/tr>\n<tr>\n<td style=\"width: 33.3333%;\" bgcolor=\"#dddddd\">P007\u00a0<\/td>\n<td style=\"width: 33.3333%;\" bgcolor=\"#dddddd\">3830067940073\u00a0<\/td>\n<td style=\"width: 33.3333%;\" bgcolor=\"#dddddd\">Panelowy | Czarny<\/td>\n<\/tr>\n<tr>\n<td style=\"width: 33.3333%;\" bgcolor=\"#dddddd\">P008\u00a0<\/td>\n<td style=\"width: 33.3333%;\" bgcolor=\"#dddddd\">3830067940080\u00a0<\/td>\n<td style=\"width: 33.3333%;\" bgcolor=\"#dddddd\">Panelowy | Srebrny<\/td>\n<\/tr>\n<\/tbody>\n<\/table>\n<\/td>\n<td bgcolor=\"#eeeeee\" width=\"68\">\n<p align=\"CENTER\">\u00a0<\/p>\n<p align=\"CENTER\">245,08<\/p>\n<\/td>\n<td bgcolor=\"#eeeeee\" width=\"79\">\n<p align=\"CENTER\">\u00a0<\/p>\n<p align=\"CENTER\">301,45<\/p>\n<\/td>\n<\/tr>\n<\/tbody>\n<\/table>\n<p>&nbsp;<\/p>\n<h3>Boczniki i modu\u0142y cyfrowe<\/h3>\n<table border=\"0\" cellspacing=\"0\" cellpadding=\"3\">\n<tbody>\n<tr>\n<td width=\"77\" height=\"6\">\n<p align=\"CENTER\">\u00a0<\/p>\n<\/td>\n<td width=\"102\">\n<p align=\"CENTER\">\u00a0<\/p>\n<\/td>\n<td width=\"270\">\u00a0<\/td>\n<td width=\"66\">\n<p align=\"CENTER\">Cena netto \u20ac<\/p>\n<\/td>\n<td width=\"78\">\n<p align=\"CENTER\">Cena brutto \u20ac<\/p>\n<\/td>\n<\/tr>\n<tr valign=\"TOP\">\n<td colspan=\"3\" bgcolor=\"#eeeeee\" width=\"461\" height=\"43\">\n<p><strong>SC301 BOCZNIK 300A<\/strong><\/p>\n<p>Wej\u015bcia: 1x pr\u0105dowe, 2x napi\u0119ciowe 0-75V, 1x rezystancyjne<\/p>\n<table style=\"border-collapse: collapse; border-style: solid; border-color: #eee;\" border=\"0\">\n<tbody>\n<tr>\n<td style=\"width: 33.3333%;\" bgcolor=\"#dddddd\">SKU<\/td>\n<td style=\"width: 33.3333%;\" bgcolor=\"#dddddd\">EAN<\/td>\n<\/tr>\n<tr>\n<td style=\"width: 33.3333%;\" bgcolor=\"#dddddd\">S001<\/td>\n<td style=\"width: 33.3333%;\" bgcolor=\"#dddddd\">3830067940097<\/td>\n<\/tr>\n<\/tbody>\n<\/table>\n<\/td>\n<td bgcolor=\"#eeeeee\" width=\"66\">\n<p align=\"CENTER\">\u00a0<\/p>\n<p align=\"CENTER\">81,15<\/p>\n<\/td>\n<td bgcolor=\"#eeeeee\" width=\"78\">\n<p align=\"CENTER\">\u00a0<\/p>\n<p align=\"CENTER\">99,81<\/p>\n<\/td>\n<\/tr>\n<\/tbody>\n<\/table>\n<table border=\"0\" cellspacing=\"0\" cellpadding=\"2\">\n<tbody>\n<tr valign=\"TOP\">\n<td bgcolor=\"#eeeeee\" width=\"464\" height=\"43\">\n<p><strong>SC501 BOCZNIK 500A<\/strong><\/p>\n<p>Wej\u015bcia: 1x pr\u0105dowe, 2x napi\u0119ciowe 0-75V, 1x rezystancyjne<\/p>\n<table style=\"border-collapse: collapse; border-style: solid; border-color: #eee;\" border=\"0\">\n<tbody>\n<tr>\n<td style=\"width: 50%;\" bgcolor=\"#dddddd\">SKU<\/td>\n<td style=\"width: 50%;\" bgcolor=\"#dddddd\">EAN<\/td>\n<\/tr>\n<tr>\n<td style=\"width: 50%;\" bgcolor=\"#dddddd\">S002<\/td>\n<td style=\"width: 50%;\" bgcolor=\"#dddddd\">3830067940103<\/td>\n<\/tr>\n<\/tbody>\n<\/table>\n<\/td>\n<td bgcolor=\"#eeeeee\" width=\"68\">\n<p align=\"CENTER\">\u00a0<\/p>\n<p align=\"CENTER\">97,54<\/p>\n<\/td>\n<td bgcolor=\"#eeeeee\" width=\"79\">\n<p align=\"CENTER\">\u00a0<\/p>\n<p align=\"CENTER\">119,97<\/p>\n<\/td>\n<\/tr>\n<\/tbody>\n<\/table>\n<table border=\"0\" cellspacing=\"0\" cellpadding=\"2\">\n<tbody>\n<tr valign=\"TOP\">\n<td bgcolor=\"#eeeeee\" width=\"464\" height=\"43\">\n<p><strong>SC302T COMBO BOCZNIK 300A<\/strong><\/p>\n<p>Wej\u015bcia: 1x pr\u0105dowe 300A, 2x napi\u0119ciowe 0-75V, 2x rezystancyjne (poziom lub temp.)<\/p>\n<table style=\"border-collapse: collapse; border-style: solid; border-color: #eee;\" border=\"0\">\n<tbody>\n<tr>\n<td style=\"width: 33.3333%;\" bgcolor=\"#dddddd\">SKU<\/td>\n<td style=\"width: 33.3333%;\" bgcolor=\"#dddddd\">EAN<\/td>\n<\/tr>\n<tr>\n<td style=\"width: 33.3333%;\" bgcolor=\"#dddddd\">S005<\/td>\n<td style=\"width: 33.3333%;\" bgcolor=\"#dddddd\">3830067940158<\/td>\n<\/tr>\n<\/tbody>\n<\/table>\n<\/td>\n<td bgcolor=\"#eeeeee\" width=\"68\">\n<p align=\"CENTER\">\u00a0<\/p>\n<p align=\"CENTER\">105,74<\/p>\n<\/td>\n<td bgcolor=\"#eeeeee\" width=\"79\">\n<p align=\"CENTER\">\u00a0<\/p>\n<p align=\"CENTER\">130,06<\/p>\n<\/td>\n<\/tr>\n<\/tbody>\n<\/table>\n<table border=\"0\" cellspacing=\"0\" cellpadding=\"2\">\n<tbody>\n<tr valign=\"TOP\">\n<td bgcolor=\"#eeeeee\" width=\"464\" height=\"43\">\n<p><strong>SC502T COMBO BOCZNIK 500A<\/strong><\/p>\n<p>Wej\u015bcia: 1x pr\u0105dowe 500A, 2x napi\u0119ciowe 0-75V, 2x rezystancyjne (poziom lub temp.)<\/p>\n<table style=\"border-collapse: collapse; border-style: solid; border-color: #eee;\" border=\"0\">\n<tbody>\n<tr>\n<td style=\"width: 33.3333%;\" bgcolor=\"#dddddd\">SKU<\/td>\n<td style=\"width: 33.3333%;\" bgcolor=\"#dddddd\">EAN<\/td>\n<\/tr>\n<tr>\n<td style=\"width: 33.3333%;\" bgcolor=\"#dddddd\">S006<\/td>\n<td style=\"width: 33.3333%;\" bgcolor=\"#dddddd\">3830067940271<\/td>\n<\/tr>\n<\/tbody>\n<\/table>\n<\/td>\n<td bgcolor=\"#eeeeee\" width=\"68\">\n<p align=\"CENTER\">\u00a0<\/p>\n<p align=\"CENTER\">122,13<\/p>\n<\/td>\n<td bgcolor=\"#eeeeee\" width=\"79\">\n<p align=\"CENTER\">\u00a0<\/p>\n<p align=\"CENTER\">150,22<\/p>\n<\/td>\n<\/tr>\n<\/tbody>\n<\/table>\n<table border=\"0\" cellspacing=\"0\" cellpadding=\"2\">\n<tbody>\n<tr valign=\"TOP\">\n<td bgcolor=\"#eeeeee\" width=\"464\" height=\"43\">\n<p><strong>SCQ25 QUADRO BOCZNIK 4x25A<\/strong><\/p>\n<p>Wej\u015bcia: 4x pr\u0105dowe 25A, 1x wyj\u015bcie przeka\u017anikowe 1A<\/p>\n<table style=\"border-collapse: collapse; border-style: solid; border-color: #eee;\" border=\"0\">\n<tbody>\n<tr>\n<td style=\"width: 33.3333%;\" bgcolor=\"#dddddd\">SKU<\/td>\n<td style=\"width: 33.3333%;\" bgcolor=\"#dddddd\">EAN<\/td>\n<\/tr>\n<tr>\n<td style=\"width: 33.3333%;\" bgcolor=\"#dddddd\">S003<\/td>\n<td style=\"width: 33.3333%;\" bgcolor=\"#dddddd\">3830067940110<\/td>\n<\/tr>\n<\/tbody>\n<\/table>\n<\/td>\n<td bgcolor=\"#eeeeee\" width=\"68\">\n<p align=\"CENTER\">\u00a0<\/p>\n<p align=\"CENTER\">97,54<\/p>\n<\/td>\n<td bgcolor=\"#eeeeee\" width=\"79\">\n<p align=\"CENTER\">\u00a0<\/p>\n<p align=\"CENTER\">119,98<\/p>\n<\/td>\n<\/tr>\n<\/tbody>\n<\/table>\n<table border=\"0\" cellspacing=\"0\" cellpadding=\"2\">\n<tbody>\n<tr valign=\"TOP\">\n<td bgcolor=\"#eeeeee\" width=\"464\" height=\"54\">\n<p><strong>SCQ25T QUADRO BOCZNIK I MODU\u0141 POZIOMU ZBIORNIKA<\/strong><\/p>\n<p align=\"JUSTIFY\">Wej\u015bcia: 4x pr\u0105dowe 25A, 3x napi\u0119ciowe., 4x temp. lub zbiorniki, 1x wyj\u015bcie przeka\u017anikowe 1A<\/p>\n<table style=\"border-collapse: collapse; border-style: solid; border-color: #eee;\" border=\"0\">\n<tbody>\n<tr>\n<td style=\"width: 33.3333%;\" bgcolor=\"#dddddd\">SKU<\/td>\n<td style=\"width: 33.3333%;\" bgcolor=\"#dddddd\">EAN<\/td>\n<\/tr>\n<tr>\n<td style=\"width: 33.3333%;\" bgcolor=\"#dddddd\">S004<\/td>\n<td style=\"width: 33.3333%;\" bgcolor=\"#dddddd\">3830067940127<\/td>\n<\/tr>\n<\/tbody>\n<\/table>\n<\/td>\n<td bgcolor=\"#eeeeee\" width=\"68\">\n<p align=\"CENTER\">\u00a0<\/p>\n<p align=\"CENTER\">146,72<\/p>\n<\/td>\n<td bgcolor=\"#eeeeee\" width=\"79\">\n<p align=\"CENTER\">\u00a0<\/p>\n<p align=\"CENTER\">180,47<\/p>\n<\/td>\n<\/tr>\n<\/tbody>\n<\/table>\n<table border=\"0\" cellspacing=\"0\" cellpadding=\"2\">\n<tbody>\n<tr valign=\"TOP\">\n<td bgcolor=\"#eeeeee\" width=\"464\" height=\"43\">\n<p><strong>ST107 MODU\u0141 POZIOMU ZBIORNIKA<\/strong><\/p>\n<p>Wej\u015bcia: 3x napi\u0119ciowe, 4x rezystancyjne (temp. lub poziom), 1x wyj\u015bcie przeka\u017anikowe 1A<\/p>\n<table style=\"border-collapse: collapse; border-style: solid; border-color: #eee;\" border=\"0\">\n<tbody>\n<tr>\n<td style=\"width: 33.3333%;\" bgcolor=\"#dddddd\">SKU<\/td>\n<td style=\"width: 33.3333%;\" bgcolor=\"#dddddd\">EAN<\/td>\n<\/tr>\n<tr>\n<td style=\"width: 33.3333%;\" bgcolor=\"#dddddd\">T001<\/td>\n<td style=\"width: 33.3333%;\" bgcolor=\"#dddddd\">3830067940134<\/td>\n<\/tr>\n<\/tbody>\n<\/table>\n<\/td>\n<td bgcolor=\"#eeeeee\" width=\"68\">\n<p align=\"CENTER\">\u00a0<\/p>\n<p align=\"CENTER\">81,15<\/p>\n<\/td>\n<td bgcolor=\"#eeeeee\" width=\"79\">\n<p align=\"CENTER\">\u00a0<\/p>\n<p align=\"CENTER\">99,81<\/p>\n<\/td>\n<\/tr>\n<\/tbody>\n<\/table>\n<h3>SPECJALNE ZESTAWY PROMOCYJNE<\/h3>\n<table border=\"0\" cellspacing=\"0\" cellpadding=\"3\">\n<tbody>\n<tr>\n<td width=\"77\" height=\"10\">\n<p align=\"CENTER\">\u00a0<\/p>\n<\/td>\n<td width=\"126\">\n<p align=\"CENTER\">\u00a0<\/p>\n<\/td>\n<td width=\"246\">\n<p align=\"CENTER\">\u00a0<\/p>\n<\/td>\n<td width=\"66\">\n<p align=\"CENTER\">Cena netto \u20ac<\/p>\n<\/td>\n<td width=\"77\">\n<p align=\"CENTER\">Cena brutto \u20ac<\/p>\n<\/td>\n<\/tr>\n<tr valign=\"TOP\">\n<td colspan=\"3\" bgcolor=\"#eeeeee\" width=\"461\" height=\"64\">\n<p><strong>PICOone &#8211; Zestaw<\/strong><\/p>\n<p>Monitor baterii, WiFi + Android and iOS App<\/p>\n<p>1x SC302T bocznik (bez dodatkowych czujnik\u00f3w i modu\u0142\u00f3w)<\/p>\n<table style=\"border-collapse: collapse; border-style: solid; border-color: #eee;\" border=\"0\">\n<tbody>\n<tr>\n<td style=\"width: 33.3333%;\" bgcolor=\"#dddddd\">SKU<\/td>\n<td style=\"width: 33.3333%;\" bgcolor=\"#dddddd\">EAN<\/td>\n<td style=\"width: 33.3333%;\" bgcolor=\"#dddddd\">Typ \/ Kolor<\/td>\n<\/tr>\n<tr>\n<td style=\"width: 33.3333%;\" bgcolor=\"#dddddd\">PCKG1B\u00a0<\/td>\n<td style=\"width: 33.3333%;\" bgcolor=\"#dddddd\">3830067940172\u00a0<\/td>\n<td style=\"width: 33.3333%;\" bgcolor=\"#dddddd\">Tablicowy | Czarny<\/td>\n<\/tr>\n<tr>\n<td style=\"width: 33.3333%;\" bgcolor=\"#dddddd\">PCKG1S\u00a0<\/td>\n<td style=\"width: 33.3333%;\" bgcolor=\"#dddddd\">3830067940189\u00a0<\/td>\n<td style=\"width: 33.3333%;\" bgcolor=\"#dddddd\">Tablicowy | Srebrny<\/td>\n<\/tr>\n<\/tbody>\n<\/table>\n<\/td>\n<td bgcolor=\"#eeeeee\" width=\"66\">\n<p align=\"CENTER\">\u00a0<\/p>\n<p align=\"CENTER\">243,09<\/p>\n<\/td>\n<td bgcolor=\"#eeeeee\" width=\"77\">\n<p align=\"CENTER\">\u00a0<\/p>\n<p align=\"CENTER\">299,00<\/p>\n<\/td>\n<\/tr>\n<\/tbody>\n<\/table>\n<table border=\"0\" cellspacing=\"0\" cellpadding=\"2\">\n<tbody>\n<tr valign=\"TOP\">\n<td bgcolor=\"#eeeeee\" width=\"464\" height=\"108\">\n<p><strong>PICO &#8211; Zestaw standardowy<\/strong><\/p>\n<p>Monitor baterii, WiFi + Android and iOS Apps (aluminiowa obudowa)<\/p>\n<p>1x SC301 300A Bocznik<\/p>\n<p>1x ST107 Modu\u0142 poziomu zbiornika<\/p>\n<p>Zintegrowany Barograf<\/p>\n<table style=\"border-collapse: collapse; border-style: solid; border-color: #eee;\" border=\"0\">\n<tbody>\n<tr>\n<td style=\"width: 33.3333%;\" bgcolor=\"#dddddd\">SKU<\/td>\n<td style=\"width: 33.3333%;\" bgcolor=\"#dddddd\">EAN<\/td>\n<td style=\"width: 33.3333%;\" bgcolor=\"#dddddd\">Typ \/ Kolor<\/td>\n<\/tr>\n<tr>\n<td style=\"width: 33.3333%;\" bgcolor=\"#dddddd\">PCKG2SB\u00a0<\/td>\n<td style=\"width: 33.3333%;\" bgcolor=\"#dddddd\">3830067940196\u00a0<\/td>\n<td style=\"width: 33.3333%;\" bgcolor=\"#dddddd\">Tablicowy | Czarny<\/td>\n<\/tr>\n<tr>\n<td style=\"width: 33.3333%;\" bgcolor=\"#dddddd\">PCKG2SS\u00a0<\/td>\n<td style=\"width: 33.3333%;\" bgcolor=\"#dddddd\">3830067940202\u00a0<\/td>\n<td style=\"width: 33.3333%;\" bgcolor=\"#dddddd\">Tablicowy | Srebrny<\/td>\n<\/tr>\n<tr>\n<td style=\"width: 33.3333%;\" bgcolor=\"#dddddd\">PCKG2PB\u00a0<\/td>\n<td style=\"width: 33.3333%;\" bgcolor=\"#dddddd\">3830067940219\u00a0<\/td>\n<td style=\"width: 33.3333%;\" bgcolor=\"#dddddd\">Panelowy | Czarny<\/td>\n<\/tr>\n<tr>\n<td style=\"width: 33.3333%;\" bgcolor=\"#dddddd\">PCKG2PS\u00a0<\/td>\n<td style=\"width: 33.3333%;\" bgcolor=\"#dddddd\">3830067940226\u00a0<\/td>\n<td style=\"width: 33.3333%;\" bgcolor=\"#dddddd\">Panelowy | Srebrny<\/td>\n<\/tr>\n<\/tbody>\n<\/table>\n<\/td>\n<td bgcolor=\"#eeeeee\" width=\"68\">\n<p align=\"CENTER\">\u00a0<\/p>\n<p align=\"CENTER\">342,39<\/p>\n<\/td>\n<td bgcolor=\"#eeeeee\" width=\"79\">\n<p align=\"CENTER\">\u00a0<\/p>\n<p align=\"CENTER\">399,00<\/p>\n<\/td>\n<\/tr>\n<\/tbody>\n<\/table>\n<table border=\"0\" cellspacing=\"0\" cellpadding=\"2\">\n<tbody>\n<tr valign=\"TOP\">\n<td bgcolor=\"#eeeeee\" width=\"463\" height=\"125\">\n<p><strong>PICO &#8211; Zestaw blue<\/strong><\/p>\n<p>Monitor baterii, WiFi + Android and iOS Apps (aluminiowa obudowa)<\/p>\n<p>1x SC501 500A Bocznik<\/p>\n<p>1x ST107 Modu\u0142 poziomu zbiornika<\/p>\n<p>1x SCQ25 Quadro Bocznik 4x 25A<\/p>\n<p>Zintegrowany Barograf<\/p>\n<table style=\"border-collapse: collapse; border-style: solid; border-color: #eee;\" border=\"0\">\n<tbody>\n<tr>\n<td style=\"width: 33.3333%;\" bgcolor=\"#dddddd\">SKU<\/td>\n<td style=\"width: 33.3333%;\" bgcolor=\"#dddddd\">EAN<\/td>\n<td style=\"width: 33.3333%;\" bgcolor=\"#dddddd\">Typ \/ Kolor<\/td>\n<\/tr>\n<tr>\n<td style=\"width: 33.3333%;\" bgcolor=\"#dddddd\">PCKG3SB\u00a0<\/td>\n<td style=\"width: 33.3333%;\" bgcolor=\"#dddddd\">3830067940233\u00a0<\/td>\n<td style=\"width: 33.3333%;\" bgcolor=\"#dddddd\">Tablicowy | Czarny<\/td>\n<\/tr>\n<tr>\n<td style=\"width: 33.3333%;\" bgcolor=\"#dddddd\">PCKG3SS\u00a0<\/td>\n<td style=\"width: 33.3333%;\" bgcolor=\"#dddddd\">3830067940240\u00a0<\/td>\n<td style=\"width: 33.3333%;\" bgcolor=\"#dddddd\">Tablicowy | Srebrny<\/td>\n<\/tr>\n<tr>\n<td style=\"width: 33.3333%;\" bgcolor=\"#dddddd\">PCKG3PB\u00a0<\/td>\n<td style=\"width: 33.3333%;\" bgcolor=\"#dddddd\">3830067940257\u00a0<\/td>\n<td style=\"width: 33.3333%;\" bgcolor=\"#dddddd\">Panelowy | Czarny<\/td>\n<\/tr>\n<tr>\n<td style=\"width: 33.3333%;\" bgcolor=\"#dddddd\">PCKG3PS\u00a0<\/td>\n<td style=\"width: 33.3333%;\" bgcolor=\"#dddddd\">3830067940264\u00a0<\/td>\n<td style=\"width: 33.3333%;\" bgcolor=\"#dddddd\">Panelowy | Srebrny<\/td>\n<\/tr>\n<\/tbody>\n<\/table>\n<\/td>\n<td bgcolor=\"#eeeeee\" width=\"68\">\n<p align=\"CENTER\">\u00a0<\/p>\n<p align=\"CENTER\">405,69<\/p>\n<\/td>\n<td bgcolor=\"#eeeeee\" width=\"79\">\n<p align=\"CENTER\">\u00a0<\/p>\n<p align=\"CENTER\">499,00<\/p>\n<\/td>\n<\/tr>\n<\/tbody>\n<\/table>\n<p>&nbsp;<\/p>\n<p>Ka\u017cdy zestaw sk\u0142ada si\u0119 z jednego PICO one, PICO+ lub PICO (do wyboru) i co najmniej jednego bocznika lub modu\u0142u .<\/p>\n<p>Koszty wysy\u0142ki s\u0105 obliczane indywidualnie, w zale\u017cno\u015bci od wielko\u015bci przesy\u0142ki i wagi.<\/p>\n<p>Podane ceny w walucie EURO.<\/p>\n<p>[\/et_pb_text][\/et_pb_column][\/et_pb_row][\/et_pb_section]<\/p>\n","protected":false},"excerpt":{"rendered":"<p><div class=\"et_pb_row et_pb_row_0 et_pb_row_empty\">\n\t\t\t\t\n\t\t\t\t\n\t\t\t\t\n\t\t\t\t\n\t\t\t\t\n\t\t\t<\/div> Strona w przygotowaniu. Pobierz cennik &#8211; plik PDF &nbsp; SIMARINE &#8211; CENNIK 1\/2018 \u00a0 Systemy monitorowania \u00a0 \u00a0 \u00a0 Cena netto \u20ac Cena brutto \u20ac PICOone Monitor baterii, WiFi + Android i iOS Apps (max. pod\u0142\u0105czenie jednego czujnika lub modu\u0142u) SKU EAN Typ \/ Kolor P009 3830067940165 Tablicowy | Czarny P010 3830067940141 Tablicowy | [&hellip;]<\/p>\n","protected":false},"author":1,"featured_media":0,"parent":0,"menu_order":0,"comment_status":"closed","ping_status":"closed","template":"","meta":{"_et_pb_use_builder":"on","_et_pb_old_content":"","_et_gb_content_width":"","footnotes":""},"class_list":["post-335","page","type-page","status-publish","hentry"],"yoast_head":"<!-- This site is optimized with the Yoast SEO plugin v23.6 - https:\/\/yoast.com\/wordpress\/plugins\/seo\/ -->\n<title>E-sklep - jtmarine<\/title>\n<meta name=\"robots\" content=\"index, follow, max-snippet:-1, max-image-preview:large, max-video-preview:-1\" \/>\n<link rel=\"canonical\" href=\"https:\/\/jupro-taim.pl\/jtmarine\/e-sklep\/\" \/>\n<meta property=\"og:locale\" content=\"en_US\" \/>\n<meta property=\"og:type\" content=\"article\" \/>\n<meta property=\"og:title\" content=\"E-sklep - jtmarine\" \/>\n<meta property=\"og:url\" content=\"https:\/\/jupro-taim.pl\/jtmarine\/e-sklep\/\" \/>\n<meta property=\"og:site_name\" content=\"jtmarine\" \/>\n<meta property=\"article:modified_time\" content=\"2018-06-22T12:15:21+00:00\" \/>\n<meta name=\"twitter:card\" content=\"summary_large_image\" \/>\n<meta name=\"twitter:label1\" content=\"Est. reading time\" \/>\n\t<meta name=\"twitter:data1\" content=\"2 minutes\" \/>\n<script type=\"application\/ld+json\" class=\"yoast-schema-graph\">{\"@context\":\"https:\/\/schema.org\",\"@graph\":[{\"@type\":\"WebPage\",\"@id\":\"https:\/\/jupro-taim.pl\/jtmarine\/e-sklep\/\",\"url\":\"https:\/\/jupro-taim.pl\/jtmarine\/e-sklep\/\",\"name\":\"E-sklep - jtmarine\",\"isPartOf\":{\"@id\":\"https:\/\/jupro-taim.pl\/jtmarine\/#website\"},\"datePublished\":\"2018-06-18T10:22:12+00:00\",\"dateModified\":\"2018-06-22T12:15:21+00:00\",\"breadcrumb\":{\"@id\":\"https:\/\/jupro-taim.pl\/jtmarine\/e-sklep\/#breadcrumb\"},\"inLanguage\":\"en-US\",\"potentialAction\":[{\"@type\":\"ReadAction\",\"target\":[\"https:\/\/jupro-taim.pl\/jtmarine\/e-sklep\/\"]}]},{\"@type\":\"BreadcrumbList\",\"@id\":\"https:\/\/jupro-taim.pl\/jtmarine\/e-sklep\/#breadcrumb\",\"itemListElement\":[{\"@type\":\"ListItem\",\"position\":1,\"name\":\"Strona g\u0142\u00f3wna\",\"item\":\"https:\/\/jupro-taim.pl\/jtmarine\/\"},{\"@type\":\"ListItem\",\"position\":2,\"name\":\"E-sklep\"}]},{\"@type\":\"WebSite\",\"@id\":\"https:\/\/jupro-taim.pl\/jtmarine\/#website\",\"url\":\"https:\/\/jupro-taim.pl\/jtmarine\/\",\"name\":\"jtmarine\",\"description\":\"\",\"potentialAction\":[{\"@type\":\"SearchAction\",\"target\":{\"@type\":\"EntryPoint\",\"urlTemplate\":\"https:\/\/jupro-taim.pl\/jtmarine\/?s={search_term_string}\"},\"query-input\":{\"@type\":\"PropertyValueSpecification\",\"valueRequired\":true,\"valueName\":\"search_term_string\"}}],\"inLanguage\":\"en-US\"}]}<\/script>\n<!-- \/ Yoast SEO plugin. -->","yoast_head_json":{"title":"E-sklep - jtmarine","robots":{"index":"index","follow":"follow","max-snippet":"max-snippet:-1","max-image-preview":"max-image-preview:large","max-video-preview":"max-video-preview:-1"},"canonical":"https:\/\/jupro-taim.pl\/jtmarine\/e-sklep\/","og_locale":"en_US","og_type":"article","og_title":"E-sklep - jtmarine","og_url":"https:\/\/jupro-taim.pl\/jtmarine\/e-sklep\/","og_site_name":"jtmarine","article_modified_time":"2018-06-22T12:15:21+00:00","twitter_card":"summary_large_image","twitter_misc":{"Est. reading time":"2 minutes"},"schema":{"@context":"https:\/\/schema.org","@graph":[{"@type":"WebPage","@id":"https:\/\/jupro-taim.pl\/jtmarine\/e-sklep\/","url":"https:\/\/jupro-taim.pl\/jtmarine\/e-sklep\/","name":"E-sklep - jtmarine","isPartOf":{"@id":"https:\/\/jupro-taim.pl\/jtmarine\/#website"},"datePublished":"2018-06-18T10:22:12+00:00","dateModified":"2018-06-22T12:15:21+00:00","breadcrumb":{"@id":"https:\/\/jupro-taim.pl\/jtmarine\/e-sklep\/#breadcrumb"},"inLanguage":"en-US","potentialAction":[{"@type":"ReadAction","target":["https:\/\/jupro-taim.pl\/jtmarine\/e-sklep\/"]}]},{"@type":"BreadcrumbList","@id":"https:\/\/jupro-taim.pl\/jtmarine\/e-sklep\/#breadcrumb","itemListElement":[{"@type":"ListItem","position":1,"name":"Strona g\u0142\u00f3wna","item":"https:\/\/jupro-taim.pl\/jtmarine\/"},{"@type":"ListItem","position":2,"name":"E-sklep"}]},{"@type":"WebSite","@id":"https:\/\/jupro-taim.pl\/jtmarine\/#website","url":"https:\/\/jupro-taim.pl\/jtmarine\/","name":"jtmarine","description":"","potentialAction":[{"@type":"SearchAction","target":{"@type":"EntryPoint","urlTemplate":"https:\/\/jupro-taim.pl\/jtmarine\/?s={search_term_string}"},"query-input":{"@type":"PropertyValueSpecification","valueRequired":true,"valueName":"search_term_string"}}],"inLanguage":"en-US"}]}},"_links":{"self":[{"href":"https:\/\/jupro-taim.pl\/jtmarine\/wp-json\/wp\/v2\/pages\/335"}],"collection":[{"href":"https:\/\/jupro-taim.pl\/jtmarine\/wp-json\/wp\/v2\/pages"}],"about":[{"href":"https:\/\/jupro-taim.pl\/jtmarine\/wp-json\/wp\/v2\/types\/page"}],"author":[{"embeddable":true,"href":"https:\/\/jupro-taim.pl\/jtmarine\/wp-json\/wp\/v2\/users\/1"}],"replies":[{"embeddable":true,"href":"https:\/\/jupro-taim.pl\/jtmarine\/wp-json\/wp\/v2\/comments?post=335"}],"version-history":[{"count":17,"href":"https:\/\/jupro-taim.pl\/jtmarine\/wp-json\/wp\/v2\/pages\/335\/revisions"}],"predecessor-version":[{"id":419,"href":"https:\/\/jupro-taim.pl\/jtmarine\/wp-json\/wp\/v2\/pages\/335\/revisions\/419"}],"wp:attachment":[{"href":"https:\/\/jupro-taim.pl\/jtmarine\/wp-json\/wp\/v2\/media?parent=335"}],"curies":[{"name":"wp","href":"https:\/\/api.w.org\/{rel}","templated":true}]}}