{"id":314,"date":"2018-06-13T13:59:54","date_gmt":"2018-06-13T11:59:54","guid":{"rendered":"http:\/\/www.jtmarine.pl\/?page_id=314"},"modified":"2018-07-11T15:38:48","modified_gmt":"2018-07-11T13:38:48","slug":"pico","status":"publish","type":"page","link":"https:\/\/jupro-taim.pl\/jtmarine\/produkty\/monitorowanie-baterii\/pico\/","title":{"rendered":"PICO &#8211; Monitor baterii"},"content":{"rendered":"<p>[et_pb_section bb_built=&#8221;1&#8243;][et_pb_row _builder_version=&#8221;3.6&#8243; custom_padding=&#8221;||0px|&#8221; custom_margin=&#8221;||0px|&#8221; padding_bottom_1=&#8221;0px&#8221;][et_pb_column type=&#8221;4_4&#8243;][et_pb_post_title _builder_version=&#8221;3.7.1&#8243; meta=&#8221;off&#8221; author=&#8221;off&#8221; date=&#8221;off&#8221; featured_image=&#8221;off&#8221; custom_margin=&#8221;||0px|&#8221; custom_padding=&#8221;||0px|&#8221; module_class=&#8221;zero-pad&#8221; title_font_size=&#8221;30px&#8221; \/][\/et_pb_column][\/et_pb_row][et_pb_row _builder_version=&#8221;3.6&#8243; custom_padding=&#8221;17px|||&#8221;][et_pb_column type=&#8221;1_2&#8243;][et_pb_text _builder_version=&#8221;3.7.1&#8243;]<\/p>\n<p><span style=\"font-size: 25px; color: #58c1ef; font-weight: 500;\">Cena: 261,13\u00a0\u20ac<\/span>\u00a0<a class=\"et_pb_button et_pb_button_0 et_pb_bg_layout_light guziki170 et_pb_button-right\" style=\"margin-top: -4px;\" href=\"https:\/\/jupro-taim.pl\/jtmarine\/e-sklep\/\">Id\u017a do sklepu<\/a><\/p>\n<p>[\/et_pb_text][et_pb_accordion _builder_version=&#8221;3.9&#8243;][et_pb_accordion_item _builder_version=&#8221;3.9&#8243; title=&#8221;Szczeg\u00f3\u0142y produktu&#8221; use_background_color_gradient=&#8221;off&#8221; background_color_gradient_start=&#8221;#2b87da&#8221; background_color_gradient_end=&#8221;#29c4a9&#8243; background_color_gradient_type=&#8221;linear&#8221; background_color_gradient_direction=&#8221;180deg&#8221; background_color_gradient_direction_radial=&#8221;center&#8221; background_color_gradient_start_position=&#8221;0%&#8221; background_color_gradient_end_position=&#8221;100%&#8221; background_color_gradient_overlays_image=&#8221;off&#8221; parallax=&#8221;off&#8221; parallax_method=&#8221;on&#8221; background_size=&#8221;cover&#8221; background_position=&#8221;center&#8221; background_repeat=&#8221;no-repeat&#8221; background_blend=&#8221;normal&#8221; allow_player_pause=&#8221;off&#8221; background_video_pause_outside_viewport=&#8221;on&#8221; text_shadow_style=&#8221;none&#8221; box_shadow_style=&#8221;none&#8221; text_shadow_horizontal_length=&#8221;0em&#8221; text_shadow_vertical_length=&#8221;0em&#8221; text_shadow_blur_strength=&#8221;0em&#8221;]<\/p>\n<p style=\"text-align: justify;\">PICO firmy SIMARINE, to urz\u0105dzenie z zaawansowany systemem monitorowania baterii i algorytmem Real Health Battery Health \u2122 zapewniaj\u0105cym precyzyjny pomiar stanu baterii. Okre\u015bla nowe standardy monitorowania akumulator\u00f3w w \u0142odziach, jachtach i przyczepach kempingowych w zakresie projektowania, funkcjonalno\u015bci, \u0142\u0105czno\u015bci i \u0142atwo\u015bci u\u017cytkowania.<\/p>\n<p>Kompatybilny ze wszystkimi bocznikami i modu\u0142ami firmy SIMARINE.<\/p>\n<p style=\"text-align: justify;\">Jego rozbudowywana architektura pozwala na dodanie do 20 bocznik\u00f3w i modu\u0142\u00f3w firmy SIMARINE do monitorowania wszystkich rodzaj\u00f3w \u0142odzi, jacht\u00f3w i przyczep kempingowych &#8211; od jednego ma\u0142ego systemu do jachtu a\u017c do systemu z 6 bateriami, 14 zbiornikami i 20 niezale\u017cnymi odbiornikami i generatorami.<\/p>\n<p>Sprawd\u017a<strong> nowe pakiety monitorowania baterii PICO<\/strong>, kt\u00f3re dla Ciebie przygotowali\u015bmy<\/p>\n<p style=\"text-align: justify;\">Elegancka obudowa wy\u015bwietlacza PICO jest wykonana z anodyzowanego aluminium i grubego szk\u0142a Gorilla\u00aeGlass z pow\u0142ok\u0105 antyrefleksyjn\u0105 chroni\u0105c\u0105 3,5 calowy wy\u015bwietlacz IPS LCD o wysokim kontra\u015bcie. Jest on odporny na wod\u0119 i kurz, mo\u017cna go montowa\u0107 zar\u00f3wno wewn\u0105trz, jak i na zewn\u0105trz. Jasno\u015b\u0107 ekranu jest regulowana automatycznie za pomoc\u0105 czujnika \u015bwiat\u0142a. Urz\u0105dzenie jest obs\u0142ugiwane przez cztery wodoodporne przyciski dotykowe CapSense\u00ae.<\/p>\n<p><strong>Barometr<\/strong> (opcjonalny) zapewnia dok\u0142adne odczyty ci\u015bnienia powietrza, trendy i histori\u0119.<\/p>\n<p style=\"text-align: justify;\"><strong>Darmowe aplikacje SIMARINE Android i iOS Apps<\/strong> umo\u017cliwiaj\u0105 pod\u0142\u0105czenie PICO do smartfona poprzez Wi-Fi. Aplikacje pozwalaj\u0105 monitorowa\u0107 wszystkie dane dotycz\u0105ce baterii i zbiornik\u00f3w, historii wysy\u0142ania, edytowa\u0107 i przywraca\u0107 ustawienia, a tak\u017ce aktualizowa\u0107 oprogramowanie z nowymi funkcjami.<\/p>\n<p>Zawiera funkcj\u0119 barografu.<\/p>\n<p>&nbsp;<\/p>\n<p><span style=\"font-size: 25px; color: #808080;\">Og\u00f3lna specyfikacja:<\/span><\/p>\n<p><strong>Wy\u015bwietlacz:<\/strong> <br \/>\nLCD TFT 3,5 &#8220;Wysoka rozdzielczo\u015b\u0107 IPS, szk\u0142o Gorilla, pow\u0142oka antyrefleksyjna<br \/>\n<strong>Ludzki interfejs:<\/strong> <br \/>\n4 przyciski dotykowe, wodoodporne<br \/>\n<strong>Obudowa:<\/strong> <br \/>\nz anodowanego aluminium frezowanego CNC, odporna na wod\u0119 i kurz<br \/>\n<strong>Wymiary:<\/strong> <br \/>\nWxSxD 98 x 83 x 10 mm<\/p>\n<p>&nbsp;<\/p>\n<p><a class=\"et_pb_button et_pb_button_0 et_pb_bg_layout_light guziki170 et_pb_button-left2\" href=\"https:\/\/jupro-taim.pl\/jtmarine\/wp-content\/uploads\/2018\/06\/katalog_jtmarine_WEB_PL2018.pdf\" target=\"_blank\" rel=\"noopener\">Katalog produkt\u00f3w<\/a><\/p>\n<p><a class=\"et_pb_button et_pb_button_0 et_pb_bg_layout_light guziki170 et_pb_button-left2\" href=\"https:\/\/jupro-taim.pl\/jtmarine\/wp-content\/uploads\/2018\/06\/cennik_Jupro-Taim-Marine-1.pdf\" target=\"_blank\" rel=\"noopener\">Cennik produkt\u00f3w<\/a><\/p>\n<p><a class=\"et_pb_button et_pb_button_0 et_pb_bg_layout_light guziki170 et_pb_button-left2\" href=\"https:\/\/jupro-taim.pl\/jtmarine\/wp-content\/uploads\/2018\/06\/SIMARINE_PICO_wymiary_PL.pdf\" target=\"_blank\" rel=\"noopener\">Wymiary<\/a><\/p>\n<p><a class=\"et_pb_button et_pb_button_0 et_pb_bg_layout_light guziki170 et_pb_button-left2\" href=\"https:\/\/jupro-taim.pl\/jtmarine\/wp-content\/uploads\/2018\/06\/Manual_Pico_PicoOne_PL.pdf\" target=\"_blank\" rel=\"noopener\">Manual<\/a><\/p>\n<p>[\/et_pb_accordion_item][et_pb_accordion_item _builder_version=&#8221;3.9&#8243; title=&#8221;Dodatkowe informacje&#8221; use_background_color_gradient=&#8221;off&#8221; background_color_gradient_start=&#8221;#2b87da&#8221; background_color_gradient_end=&#8221;#29c4a9&#8243; background_color_gradient_type=&#8221;linear&#8221; background_color_gradient_direction=&#8221;180deg&#8221; background_color_gradient_direction_radial=&#8221;center&#8221; background_color_gradient_start_position=&#8221;0%&#8221; background_color_gradient_end_position=&#8221;100%&#8221; background_color_gradient_overlays_image=&#8221;off&#8221; parallax=&#8221;off&#8221; parallax_method=&#8221;on&#8221; background_size=&#8221;cover&#8221; background_position=&#8221;center&#8221; background_repeat=&#8221;no-repeat&#8221; background_blend=&#8221;normal&#8221; allow_player_pause=&#8221;off&#8221; background_video_pause_outside_viewport=&#8221;on&#8221; text_shadow_style=&#8221;none&#8221; box_shadow_style=&#8221;none&#8221; text_shadow_horizontal_length=&#8221;0em&#8221; text_shadow_vertical_length=&#8221;0em&#8221; text_shadow_blur_strength=&#8221;0em&#8221;]<\/p>\n<table>\n<tbody>\n<tr>\n<th>Ci\u0119\u017car<\/th>\n<td data-o_content=\"0.3 kg\">0.3 kg<\/td>\n<\/tr>\n<tr>\n<th>Wymiary<\/th>\n<td data-o_content=\"9 x 8 x 1 cm\">9 x 8 x 1 cm<\/td>\n<\/tr>\n<tr>\n<th>Kolor<\/th>\n<td>Czarny, srebrny<\/td>\n<\/tr>\n<tr>\n<th>Typ \u0142\u0105cza<\/th>\n<td>Tablicowy, panelowy<\/td>\n<\/tr>\n<\/tbody>\n<\/table>\n<p>[\/et_pb_accordion_item][et_pb_accordion_item _builder_version=&#8221;3.9&#8243; title=&#8221;Specyfikacja techniczna&#8221; use_background_color_gradient=&#8221;off&#8221; background_color_gradient_start=&#8221;#2b87da&#8221; background_color_gradient_end=&#8221;#29c4a9&#8243; background_color_gradient_type=&#8221;linear&#8221; background_color_gradient_direction=&#8221;180deg&#8221; background_color_gradient_direction_radial=&#8221;center&#8221; background_color_gradient_start_position=&#8221;0%&#8221; background_color_gradient_end_position=&#8221;100%&#8221; background_color_gradient_overlays_image=&#8221;off&#8221; parallax=&#8221;off&#8221; parallax_method=&#8221;on&#8221; background_size=&#8221;cover&#8221; background_position=&#8221;center&#8221; background_repeat=&#8221;no-repeat&#8221; background_blend=&#8221;normal&#8221; allow_player_pause=&#8221;off&#8221; background_video_pause_outside_viewport=&#8221;on&#8221; text_shadow_style=&#8221;none&#8221; box_shadow_style=&#8221;none&#8221; text_shadow_horizontal_length=&#8221;0em&#8221; text_shadow_vertical_length=&#8221;0em&#8221; text_shadow_blur_strength=&#8221;0em&#8221;]<\/p>\n<table width=\"100%\">\n<tbody>\n<tr>\n<td width=\"44%\">Napi\u0119cie robocze<\/td>\n<td width=\"55%\">6 \u2013 35 V<\/td>\n<\/tr>\n<tr>\n<td width=\"44%\"><strong>Zu\u017cycie energii przy 12V<\/strong><\/td>\n<td width=\"55%\">\u00a0<\/td>\n<\/tr>\n<tr>\n<td width=\"44%\">W\u0142\u0105czony, wifi on, 100% o\u015bwietlenia<\/td>\n<td width=\"55%\">90 mA<\/td>\n<\/tr>\n<tr>\n<td width=\"44%\">W\u0142\u0105czony, wifi off, 70% o\u015bwietlenia<\/td>\n<td width=\"55%\">35 mA<\/td>\n<\/tr>\n<tr>\n<td width=\"44%\">Stan czuwania, wifi off, 0% o\u015bwietlenia<\/td>\n<td width=\"55%\">18 mA<\/td>\n<\/tr>\n<tr>\n<td width=\"44%\">Stan czuwania, logger still active<\/td>\n<td width=\"55%\">5 mA<\/td>\n<\/tr>\n<tr>\n<td width=\"44%\">Max ilo\u015b\u0107 pod\u0142\u0105czonych modu\u0142\u00f3w<\/td>\n<td width=\"55%\">20 (wszystkie boczniki i modu\u0142y SIMARINE)<\/td>\n<\/tr>\n<tr>\n<td width=\"44%\"><strong>Mo\u017cliwo\u015bci monitorowania<\/strong><strong>(tylko wy\u015bwietlacz PICO)<\/strong><\/td>\n<td width=\"55%\">\u00a0<\/td>\n<\/tr>\n<tr>\n<td width=\"44%\">Monitorowane napi\u0119cie<\/td>\n<td width=\"55%\">12 V, 24 V<\/td>\n<\/tr>\n<tr>\n<td width=\"44%\">Napi\u0119cie baterii<\/td>\n<td width=\"55%\">1<\/td>\n<\/tr>\n<tr>\n<td width=\"44%\"><strong>Mo\u017cliwo\u015bci monitorowania<\/strong><strong>(z bocznikami i modu\u0142ami SIMARINE)<\/strong><\/td>\n<td width=\"55%\">\u00a0<\/td>\n<\/tr>\n<tr>\n<td width=\"44%\">Napi\u0119cie baterii<\/td>\n<td width=\"55%\"><strong>12 V, 24 V<\/strong>\u00a0(SC300, SC500, ST107, SCQ25T) <strong>12 V, 24 V, 48 V, 60 V, 72 V <\/strong>(SC302T)<\/td>\n<\/tr>\n<tr>\n<td width=\"44%\">Monitorowanie baterii w czasie rzeczywistym<\/td>\n<td width=\"55%\">6<\/td>\n<\/tr>\n<tr>\n<td width=\"44%\">Napi\u0119cie baterii<\/td>\n<td width=\"55%\">6<\/td>\n<\/tr>\n<tr>\n<td width=\"44%\">Ilo\u015b\u0107 kana\u0142\u00f3w dla niezale\u017cnych odbiornik\u00f3w lub generator\u00f3w<\/td>\n<td width=\"55%\">20<\/td>\n<\/tr>\n<tr>\n<td width=\"44%\">Czujniki poziomu zbiornik\u00f3w lub temperatury<\/td>\n<td width=\"55%\">14<\/td>\n<\/tr>\n<\/tbody>\n<\/table>\n<p>[\/et_pb_accordion_item][\/et_pb_accordion][\/et_pb_column][et_pb_column type=&#8221;1_2&#8243;][et_pb_image _builder_version=&#8221;3.7.1&#8243; src=&#8221;https:\/\/jupro-taim.pl\/jtmarine\/wp-content\/uploads\/2018\/06\/simarine-pico-angle-black-panel-currents.jpg&#8221; show_in_lightbox=&#8221;on&#8221; \/][et_pb_gallery _builder_version=&#8221;3.7.1&#8243; gallery_ids=&#8221;324,325,326,329,330&#8243; zoom_icon_color=&#8221;#2ea3f2&#8243; hover_overlay_color=&#8221;rgba(255,255,255,0.9)&#8221; show_title_and_caption=&#8221;off&#8221; posts_number=&#8221;6&#8243; \/][et_pb_text _builder_version=&#8221;3.6&#8243; \/][\/et_pb_column][\/et_pb_row][\/et_pb_section]<\/p>\n","protected":false},"excerpt":{"rendered":"<p>Cena: 261,13\u00a0\u20ac\u00a0Id\u017a do sklepu PICO firmy SIMARINE, to urz\u0105dzenie z zaawansowany systemem monitorowania baterii i algorytmem Real Health Battery Health \u2122 zapewniaj\u0105cym precyzyjny pomiar stanu baterii. Okre\u015bla nowe standardy monitorowania akumulator\u00f3w w \u0142odziach, jachtach i przyczepach kempingowych w zakresie projektowania, funkcjonalno\u015bci, \u0142\u0105czno\u015bci i \u0142atwo\u015bci u\u017cytkowania. Kompatybilny ze wszystkimi bocznikami i modu\u0142ami firmy SIMARINE. Jego rozbudowywana [&hellip;]<\/p>\n","protected":false},"author":1,"featured_media":0,"parent":15,"menu_order":0,"comment_status":"closed","ping_status":"closed","template":"","meta":{"_et_pb_use_builder":"on","_et_pb_old_content":"","_et_gb_content_width":"","footnotes":""},"class_list":["post-314","page","type-page","status-publish","hentry"],"yoast_head":"<!-- This site is optimized with the Yoast SEO plugin v23.6 - https:\/\/yoast.com\/wordpress\/plugins\/seo\/ -->\n<title>PICO - Monitor baterii - jtmarine<\/title>\n<meta name=\"robots\" content=\"index, follow, max-snippet:-1, max-image-preview:large, max-video-preview:-1\" \/>\n<link rel=\"canonical\" href=\"https:\/\/jupro-taim.pl\/jtmarine\/produkty\/monitorowanie-baterii\/pico\/\" \/>\n<meta property=\"og:locale\" content=\"en_US\" \/>\n<meta property=\"og:type\" content=\"article\" \/>\n<meta property=\"og:title\" content=\"PICO - Monitor baterii - jtmarine\" \/>\n<meta property=\"og:url\" content=\"https:\/\/jupro-taim.pl\/jtmarine\/produkty\/monitorowanie-baterii\/pico\/\" \/>\n<meta property=\"og:site_name\" content=\"jtmarine\" \/>\n<meta property=\"article:modified_time\" content=\"2018-07-11T13:38:48+00:00\" \/>\n<meta name=\"twitter:card\" content=\"summary_large_image\" \/>\n<meta name=\"twitter:label1\" content=\"Est. reading time\" \/>\n\t<meta name=\"twitter:data1\" content=\"5 minutes\" \/>\n<script type=\"application\/ld+json\" class=\"yoast-schema-graph\">{\"@context\":\"https:\/\/schema.org\",\"@graph\":[{\"@type\":\"WebPage\",\"@id\":\"https:\/\/jupro-taim.pl\/jtmarine\/produkty\/monitorowanie-baterii\/pico\/\",\"url\":\"https:\/\/jupro-taim.pl\/jtmarine\/produkty\/monitorowanie-baterii\/pico\/\",\"name\":\"PICO - Monitor baterii - jtmarine\",\"isPartOf\":{\"@id\":\"https:\/\/jupro-taim.pl\/jtmarine\/#website\"},\"datePublished\":\"2018-06-13T11:59:54+00:00\",\"dateModified\":\"2018-07-11T13:38:48+00:00\",\"breadcrumb\":{\"@id\":\"https:\/\/jupro-taim.pl\/jtmarine\/produkty\/monitorowanie-baterii\/pico\/#breadcrumb\"},\"inLanguage\":\"en-US\",\"potentialAction\":[{\"@type\":\"ReadAction\",\"target\":[\"https:\/\/jupro-taim.pl\/jtmarine\/produkty\/monitorowanie-baterii\/pico\/\"]}]},{\"@type\":\"BreadcrumbList\",\"@id\":\"https:\/\/jupro-taim.pl\/jtmarine\/produkty\/monitorowanie-baterii\/pico\/#breadcrumb\",\"itemListElement\":[{\"@type\":\"ListItem\",\"position\":1,\"name\":\"Strona g\u0142\u00f3wna\",\"item\":\"https:\/\/jupro-taim.pl\/jtmarine\/\"},{\"@type\":\"ListItem\",\"position\":2,\"name\":\"Produkty\",\"item\":\"https:\/\/jupro-taim.pl\/jtmarine\/produkty\/\"},{\"@type\":\"ListItem\",\"position\":3,\"name\":\"Monitorowanie baterii\",\"item\":\"https:\/\/jupro-taim.pl\/jtmarine\/produkty\/monitorowanie-baterii\/\"},{\"@type\":\"ListItem\",\"position\":4,\"name\":\"PICO &#8211; Monitor baterii\"}]},{\"@type\":\"WebSite\",\"@id\":\"https:\/\/jupro-taim.pl\/jtmarine\/#website\",\"url\":\"https:\/\/jupro-taim.pl\/jtmarine\/\",\"name\":\"jtmarine\",\"description\":\"\",\"potentialAction\":[{\"@type\":\"SearchAction\",\"target\":{\"@type\":\"EntryPoint\",\"urlTemplate\":\"https:\/\/jupro-taim.pl\/jtmarine\/?s={search_term_string}\"},\"query-input\":{\"@type\":\"PropertyValueSpecification\",\"valueRequired\":true,\"valueName\":\"search_term_string\"}}],\"inLanguage\":\"en-US\"}]}<\/script>\n<!-- \/ Yoast SEO plugin. -->","yoast_head_json":{"title":"PICO - Monitor baterii - jtmarine","robots":{"index":"index","follow":"follow","max-snippet":"max-snippet:-1","max-image-preview":"max-image-preview:large","max-video-preview":"max-video-preview:-1"},"canonical":"https:\/\/jupro-taim.pl\/jtmarine\/produkty\/monitorowanie-baterii\/pico\/","og_locale":"en_US","og_type":"article","og_title":"PICO - Monitor baterii - jtmarine","og_url":"https:\/\/jupro-taim.pl\/jtmarine\/produkty\/monitorowanie-baterii\/pico\/","og_site_name":"jtmarine","article_modified_time":"2018-07-11T13:38:48+00:00","twitter_card":"summary_large_image","twitter_misc":{"Est. reading time":"5 minutes"},"schema":{"@context":"https:\/\/schema.org","@graph":[{"@type":"WebPage","@id":"https:\/\/jupro-taim.pl\/jtmarine\/produkty\/monitorowanie-baterii\/pico\/","url":"https:\/\/jupro-taim.pl\/jtmarine\/produkty\/monitorowanie-baterii\/pico\/","name":"PICO - Monitor baterii - jtmarine","isPartOf":{"@id":"https:\/\/jupro-taim.pl\/jtmarine\/#website"},"datePublished":"2018-06-13T11:59:54+00:00","dateModified":"2018-07-11T13:38:48+00:00","breadcrumb":{"@id":"https:\/\/jupro-taim.pl\/jtmarine\/produkty\/monitorowanie-baterii\/pico\/#breadcrumb"},"inLanguage":"en-US","potentialAction":[{"@type":"ReadAction","target":["https:\/\/jupro-taim.pl\/jtmarine\/produkty\/monitorowanie-baterii\/pico\/"]}]},{"@type":"BreadcrumbList","@id":"https:\/\/jupro-taim.pl\/jtmarine\/produkty\/monitorowanie-baterii\/pico\/#breadcrumb","itemListElement":[{"@type":"ListItem","position":1,"name":"Strona g\u0142\u00f3wna","item":"https:\/\/jupro-taim.pl\/jtmarine\/"},{"@type":"ListItem","position":2,"name":"Produkty","item":"https:\/\/jupro-taim.pl\/jtmarine\/produkty\/"},{"@type":"ListItem","position":3,"name":"Monitorowanie baterii","item":"https:\/\/jupro-taim.pl\/jtmarine\/produkty\/monitorowanie-baterii\/"},{"@type":"ListItem","position":4,"name":"PICO &#8211; Monitor baterii"}]},{"@type":"WebSite","@id":"https:\/\/jupro-taim.pl\/jtmarine\/#website","url":"https:\/\/jupro-taim.pl\/jtmarine\/","name":"jtmarine","description":"","potentialAction":[{"@type":"SearchAction","target":{"@type":"EntryPoint","urlTemplate":"https:\/\/jupro-taim.pl\/jtmarine\/?s={search_term_string}"},"query-input":{"@type":"PropertyValueSpecification","valueRequired":true,"valueName":"search_term_string"}}],"inLanguage":"en-US"}]}},"_links":{"self":[{"href":"https:\/\/jupro-taim.pl\/jtmarine\/wp-json\/wp\/v2\/pages\/314"}],"collection":[{"href":"https:\/\/jupro-taim.pl\/jtmarine\/wp-json\/wp\/v2\/pages"}],"about":[{"href":"https:\/\/jupro-taim.pl\/jtmarine\/wp-json\/wp\/v2\/types\/page"}],"author":[{"embeddable":true,"href":"https:\/\/jupro-taim.pl\/jtmarine\/wp-json\/wp\/v2\/users\/1"}],"replies":[{"embeddable":true,"href":"https:\/\/jupro-taim.pl\/jtmarine\/wp-json\/wp\/v2\/comments?post=314"}],"version-history":[{"count":28,"href":"https:\/\/jupro-taim.pl\/jtmarine\/wp-json\/wp\/v2\/pages\/314\/revisions"}],"predecessor-version":[{"id":592,"href":"https:\/\/jupro-taim.pl\/jtmarine\/wp-json\/wp\/v2\/pages\/314\/revisions\/592"}],"up":[{"embeddable":true,"href":"https:\/\/jupro-taim.pl\/jtmarine\/wp-json\/wp\/v2\/pages\/15"}],"wp:attachment":[{"href":"https:\/\/jupro-taim.pl\/jtmarine\/wp-json\/wp\/v2\/media?parent=314"}],"curies":[{"name":"wp","href":"https:\/\/api.w.org\/{rel}","templated":true}]}}